{"id":1595,"date":"2025-09-05T05:25:35","date_gmt":"2025-08-14T02:11:46","guid":{"rendered":"https:\/\/www.liftari.fi\/2\/paivan-teksti\/250821-2\/"},"modified":"2025-09-05T05:25:35","modified_gmt":"2025-09-05T02:25:35","slug":"250821-2","status":"publish","type":"page","link":"https:\/\/www.liftari.fi\/2\/paivan-teksti\/250821-2\/","title":{"rendered":"250821"},"content":{"rendered":"<div class='paivasivuHeader'>\n<h3 class='paivamaaraHeader'>To 21.8.2025<\/h3>\n<h3 class='bibleHeader'>Matt. 15:21-28<\/h3>\n<p><span class='versenumber'>21<\/span>L\u00e4hdetty\u00e4\u00e4n sielt\u00e4 Jeesus meni Tyroksen ja Sidonin seudulle. <span class='versenumber'>22<\/span>Siell\u00e4 muuan kanaanilainen nainen, sen seudun asukas, tuli ja huusi: &#8221;Herra, Daavidin Poika, armahda minua! Paha henki vaivaa kauheasti tyt\u00e4rt\u00e4ni.&#8221; <span class='versenumber'>23<\/span>Mutta h\u00e4n ei vastannut naiselle mit\u00e4\u00e4n. Opetuslapset tulivat Jeesuksen luo ja pyysiv\u00e4t: &#8221;Tee h\u00e4nelle jotakin. H\u00e4n kulkee per\u00e4ss\u00e4mme ja huutaa.&#8221; <span class='versenumber'>24<\/span>Mutta Jeesus vastasi: &#8221;Ei minua ole l\u00e4hetetty muita kuin Israelin kansan kadonneita lampaita varten.&#8221; <span class='versenumber'>25<\/span>Silti nainen tuli l\u00e4hemm\u00e4s, heitt\u00e4ytyi maahan Jeesuksen eteen ja sanoi: &#8221;Herra, auta minua!&#8221; <span class='versenumber'>26<\/span>Mutta Jeesus sanoi h\u00e4nelle: &#8221;Ei ole oikein ottaa lapsilta leip\u00e4 ja heitt\u00e4\u00e4 se koiranpenikoille.&#8221; <span class='versenumber'>27<\/span>&#8221;Ei olekaan, Herra&#8221;, vastasi nainen, &#8221;mutta saavathan koiratkin sy\u00f6d\u00e4 is\u00e4nt\u00e4ns\u00e4 p\u00f6yd\u00e4lt\u00e4 putoilevia palasia.&#8221; <span class='versenumber'>28<\/span>Silloin Jeesus sanoi h\u00e4nelle: &#8221;Suuri on sinun uskosi, nainen! Tapahtukoon niin kuin tahdot.&#8221; Siit\u00e4 hetkest\u00e4 tyt\u00e4r oli terve. <\/p>\n<h3 class='selitysHeader'>Sinnik\u00e4s pyynt\u00f6<\/h3>\n<p>Miksi ihmeess\u00e4 Jeesus suhtautuu kanaanilaiseen naiseen n\u00e4in torjuvasti? Tuo ulkomaalainen nainen heitt\u00e4ytyy Jeesuksen jalkoihin ja rukoilee h\u00e4nelt\u00e4 apua kuin harras rukoilija: &#8221;Herra, auta minua!&#8221; T\u00e4m\u00e4n lis\u00e4ksi nainen ei varsinaisesti pyyd\u00e4 apua itselleen, vaan riivatulle tytt\u00e4relleen. Tuo \u00e4iti n\u00f6yrtyy vaikka mihin lapsensa t\u00e4hden. <\/p>\n<p>Juutalaisilla ja kanaanilaisilla oli traumaattinen historia. Siihen kuului paljon vihaa ja kaunaa. Jo Raamatun alkuluvuissa m\u00e4\u00e4ritet\u00e4\u00e4n, ett\u00e4 seemil\u00e4iset &#8211; juutalaiset &#8211; tulisivat johtamaan kanaanilaisia. 1. Moos. 9:26: &#8221;Kanaan olkoon Seemin orja.&#8221; Jeesus oli tullut ennen kaikkea juutalaisia varten &#8211; vasta heid\u00e4n j\u00e4lkeens\u00e4 koittaisi pakanoiden aika. Nyt tuo kanaanilainen nainen kuitenkin vaatimalla vaatii, ett\u00e4 pelastushistorian rattaisiin laitettaisiin vauhtia, riivatun lapsen t\u00e4hden. H\u00e4n on valmis heitt\u00e4m\u00e4\u00e4n vanhat heimokaunat roskikseen. Juuri naisen usko ja sanat Jeesukselle saavat Herran p\u00e4\u00e4n k\u00e4\u00e4ntym\u00e4\u00e4n. Usko todella avaa ovet!<\/p>\n<\/p>\n<div class='kysymykset'>\n<p>Millainen Jeesuksen luokse tullut nainen oli luonteeltaan?<\/p>\n<p>Millaisessa asiassa sin\u00e4 olisit valmis heitt\u00e4ytym\u00e4\u00e4n Jeesuksen jalkojen juureen ja jopa v\u00e4ittelem\u00e4\u00e4n h\u00e4nen kanssaan?<\/p>\n<\/div>\n<\/div>\n","protected":false},"excerpt":{"rendered":"<p>To 21.8.2025 Matt. 15:21-28 21L\u00e4hdetty\u00e4\u00e4n sielt\u00e4 Jeesus meni Tyroksen ja Sidonin seudulle. 22Siell\u00e4 muuan kanaanilainen nainen, sen seudun asukas, tuli ja huusi: &#8221;Herra, Daavidin Poika, armahda minua! Paha henki vaivaa kauheasti tyt\u00e4rt\u00e4ni.&#8221; 23Mutta h\u00e4n ei vastannut naiselle mit\u00e4\u00e4n. Opetuslapset tulivat Jeesuksen luo ja pyysiv\u00e4t: &#8221;Tee h\u00e4nelle jotakin. H\u00e4n kulkee per\u00e4ss\u00e4mme ja huutaa.&#8221; 24Mutta Jeesus vastasi: [&hellip;]<\/p>\n","protected":false},"author":1,"featured_media":0,"parent":95,"menu_order":0,"comment_status":"closed","ping_status":"closed","template":"","meta":{"_uag_custom_page_level_css":"","footnotes":""},"class_list":["post-1595","page","type-page","status-publish","hentry"],"uagb_featured_image_src":{"full":false,"thumbnail":false,"medium":false,"medium_large":false,"large":false,"1536x1536":false,"2048x2048":false},"uagb_author_info":{"display_name":"admin","author_link":"https:\/\/www.liftari.fi\/2\/author\/admin\/"},"uagb_comment_info":0,"uagb_excerpt":"To 21.8.2025 Matt. 15:21-28 21L\u00e4hdetty\u00e4\u00e4n sielt\u00e4 Jeesus meni Tyroksen ja Sidonin seudulle. 22Siell\u00e4 muuan kanaanilainen nainen, sen seudun asukas, tuli ja huusi: &#8221;Herra, Daavidin Poika, armahda minua! Paha henki vaivaa kauheasti tyt\u00e4rt\u00e4ni.&#8221; 23Mutta h\u00e4n ei vastannut naiselle mit\u00e4\u00e4n. Opetuslapset tulivat Jeesuksen luo ja pyysiv\u00e4t: &#8221;Tee h\u00e4nelle jotakin. H\u00e4n kulkee per\u00e4ss\u00e4mme ja huutaa.&#8221; 24Mutta Jeesus vastasi:&hellip;","_links":{"self":[{"href":"https:\/\/www.liftari.fi\/2\/wp-json\/wp\/v2\/pages\/1595","targetHints":{"allow":["GET"]}}],"collection":[{"href":"https:\/\/www.liftari.fi\/2\/wp-json\/wp\/v2\/pages"}],"about":[{"href":"https:\/\/www.liftari.fi\/2\/wp-json\/wp\/v2\/types\/page"}],"author":[{"embeddable":true,"href":"https:\/\/www.liftari.fi\/2\/wp-json\/wp\/v2\/users\/1"}],"replies":[{"embeddable":true,"href":"https:\/\/www.liftari.fi\/2\/wp-json\/wp\/v2\/comments?post=1595"}],"version-history":[{"count":4,"href":"https:\/\/www.liftari.fi\/2\/wp-json\/wp\/v2\/pages\/1595\/revisions"}],"predecessor-version":[{"id":1722,"href":"https:\/\/www.liftari.fi\/2\/wp-json\/wp\/v2\/pages\/1595\/revisions\/1722"}],"up":[{"embeddable":true,"href":"https:\/\/www.liftari.fi\/2\/wp-json\/wp\/v2\/pages\/95"}],"wp:attachment":[{"href":"https:\/\/www.liftari.fi\/2\/wp-json\/wp\/v2\/media?parent=1595"}],"curies":[{"name":"wp","href":"https:\/\/api.w.org\/{rel}","templated":true}]}}