{"id":1942,"date":"2025-11-01T03:19:30","date_gmt":"2025-10-10T01:04:08","guid":{"rendered":"https:\/\/www.liftari.fi\/2\/paivan-teksti\/251017-2\/"},"modified":"2025-11-01T03:19:30","modified_gmt":"2025-11-01T01:19:30","slug":"251017-2","status":"publish","type":"page","link":"https:\/\/www.liftari.fi\/2\/paivan-teksti\/251017-2\/","title":{"rendered":"251017"},"content":{"rendered":"<div class='paivasivuHeader'>\n<h3 class='paivamaaraHeader'>Pe 17.10.2025<\/h3>\n<h3 class='bibleHeader'>Ap. t. 23:23-30 <\/h3>\n<p><span class='versenumber'>23<\/span>Komentaja kutsui sitten kaksi sadanp\u00e4\u00e4llikk\u00f6\u00e4 ja sanoi: &#8221;Pit\u00e4k\u00e4\u00e4 y\u00f6n kolmannesta tunnista alkaen kaksisataa jalkamiest\u00e4 valmiina marssimaan Kesareaan. Ottakaa lis\u00e4ksi seitsem\u00e4nkymment\u00e4 ratsumiest\u00e4 ja kaksisataa keih\u00e4smiest\u00e4. <span class='versenumber'>24<\/span>Varatkaa my\u00f6s Paavalille ratsuja ja viek\u00e4\u00e4 h\u00e4net vahingoittumattomana maaherra Felixin luo.&#8221; <span class='versenumber'>25<\/span>Sitten komentaja kirjoitti maaherralle n\u00e4in kuuluvan kirjeen: <span class='versenumber'>26<\/span>&#8221;Claudius Lysias tervehtii h\u00e4nen korkea-arvoisuuttaan maaherra Felixi\u00e4. <span class='versenumber'>27<\/span>T\u00e4m\u00e4n miehen ottivat juutalaiset kiinni ja olivat tappaa h\u00e4net. Min\u00e4 kuitenkin menin sotilaineni paikalle ja pelastin h\u00e4net, kun sain tiet\u00e4\u00e4, ett\u00e4 h\u00e4n on Rooman kansalainen. <span class='versenumber'>28<\/span>Saadakseni selville, mist\u00e4 juutalaiset h\u00e4nt\u00e4 syyttiv\u00e4t, vein h\u00e4net heid\u00e4n neuvostonsa eteen. <span class='versenumber'>29<\/span>Siell\u00e4 totesin, ett\u00e4 syytteet aiheutuivat heid\u00e4n lakiaan koskevista kiistakysymyksist\u00e4. Mist\u00e4\u00e4n sellaisesta h\u00e4nt\u00e4 ei syytetty, mist\u00e4 seuraisi kuolemantuomio tai vankeusrangaistus. <span class='versenumber'>30<\/span>Koska tietooni on tullut, ett\u00e4 t\u00e4t\u00e4 miest\u00e4 vastaan on vireill\u00e4 salahanke, l\u00e4het\u00e4n h\u00e4net nyt viipym\u00e4tt\u00e4 sinun luoksesi. Niille, jotka h\u00e4nt\u00e4 syytt\u00e4v\u00e4t, olen my\u00f6s tehnyt tiett\u00e4v\u00e4ksi, ett\u00e4 heid\u00e4n on esitett\u00e4v\u00e4 syytteens\u00e4 sinun edess\u00e4si.&#8221; <\/p>\n<h3 class='selitysHeader'>Komentajan k\u00e4sist\u00e4 maaherran eteen<\/h3>\n<p>Komentaja Claudius otti t\u00e4ydest\u00e4 todesta Paavaliin kohdistuneen v\u00e4ijytysuhan. Sen ennakoimiseksi tarvittiin mahtavat valmiustoimet. Sotajoukon jalka-, ratsu- ja keih\u00e4smiehineen oli viisaampi liikkua pime\u00e4ss\u00e4. Toimeksianto oli selke\u00e4: Paavali piti vied\u00e4 vahingoittumattomana sadan kilometrin matka roomalaisen maaherran luo Kesareaan.<\/p>\n<p>Maaherra Felix oli ollut orja ennen uraputkeen p\u00e4\u00e4sy\u00e4. Historiankirjoihin on j\u00e4\u00e4nyt h\u00e4nest\u00e4 maininta, jonka mukaan h\u00e4n k\u00e4ytti valtaansa paremminkin orjalle sopivassa hengess\u00e4. H\u00e4net tunnettiin t\u00e4ysin h\u00e4ik\u00e4ilem\u00e4tt\u00f6m\u00e4n\u00e4 ja julmana hallitsijana. T\u00e4llaisen hallitsijan eteen komentaja oli l\u00e4hett\u00e4m\u00e4ss\u00e4 Paavalin. Saatekirjeess\u00e4 Claudius suurenteli omaa rooliaan, mutta my\u00f6nsi, ettei Paavali ollut mink\u00e4\u00e4n sortin rikollinen.<\/p>\n<p>Paavalin hyv\u00e4ksi toimitaan ja h\u00e4nest\u00e4 kirjoitetaan, mutta h\u00e4n on itse vaiti. &#8221;&#8230;aika olla vaiti ja aika puhua&#8221; (Saarn. 3:7).<\/p>\n<\/p>\n<div class='kysymykset'>\n<p>Milt\u00e4 tuntuisi olla pelinappulana sinua mahtavampien toimenpiteiden keskell\u00e4?<\/p>\n<p>Osaatko luottaa Jumalaan el\u00e4m\u00e4si eri vaiheissa? Mik\u00e4 kasvattaa luottamustasi?<\/p>\n<\/div>\n<\/div>\n","protected":false},"excerpt":{"rendered":"<p>Pe 17.10.2025 Ap. t. 23:23-30 23Komentaja kutsui sitten kaksi sadanp\u00e4\u00e4llikk\u00f6\u00e4 ja sanoi: &#8221;Pit\u00e4k\u00e4\u00e4 y\u00f6n kolmannesta tunnista alkaen kaksisataa jalkamiest\u00e4 valmiina marssimaan Kesareaan. Ottakaa lis\u00e4ksi seitsem\u00e4nkymment\u00e4 ratsumiest\u00e4 ja kaksisataa keih\u00e4smiest\u00e4. 24Varatkaa my\u00f6s Paavalille ratsuja ja viek\u00e4\u00e4 h\u00e4net vahingoittumattomana maaherra Felixin luo.&#8221; 25Sitten komentaja kirjoitti maaherralle n\u00e4in kuuluvan kirjeen: 26&#8221;Claudius Lysias tervehtii h\u00e4nen korkea-arvoisuuttaan maaherra Felixi\u00e4. 27T\u00e4m\u00e4n [&hellip;]<\/p>\n","protected":false},"author":1,"featured_media":0,"parent":95,"menu_order":0,"comment_status":"closed","ping_status":"closed","template":"","meta":{"_uag_custom_page_level_css":"","footnotes":""},"class_list":["post-1942","page","type-page","status-publish","hentry"],"uagb_featured_image_src":{"full":false,"thumbnail":false,"medium":false,"medium_large":false,"large":false,"1536x1536":false,"2048x2048":false},"uagb_author_info":{"display_name":"admin","author_link":"https:\/\/www.liftari.fi\/2\/author\/admin\/"},"uagb_comment_info":0,"uagb_excerpt":"Pe 17.10.2025 Ap. t. 23:23-30 23Komentaja kutsui sitten kaksi sadanp\u00e4\u00e4llikk\u00f6\u00e4 ja sanoi: &#8221;Pit\u00e4k\u00e4\u00e4 y\u00f6n kolmannesta tunnista alkaen kaksisataa jalkamiest\u00e4 valmiina marssimaan Kesareaan. Ottakaa lis\u00e4ksi seitsem\u00e4nkymment\u00e4 ratsumiest\u00e4 ja kaksisataa keih\u00e4smiest\u00e4. 24Varatkaa my\u00f6s Paavalille ratsuja ja viek\u00e4\u00e4 h\u00e4net vahingoittumattomana maaherra Felixin luo.&#8221; 25Sitten komentaja kirjoitti maaherralle n\u00e4in kuuluvan kirjeen: 26&#8221;Claudius Lysias tervehtii h\u00e4nen korkea-arvoisuuttaan maaherra Felixi\u00e4. 27T\u00e4m\u00e4n&hellip;","_links":{"self":[{"href":"https:\/\/www.liftari.fi\/2\/wp-json\/wp\/v2\/pages\/1942","targetHints":{"allow":["GET"]}}],"collection":[{"href":"https:\/\/www.liftari.fi\/2\/wp-json\/wp\/v2\/pages"}],"about":[{"href":"https:\/\/www.liftari.fi\/2\/wp-json\/wp\/v2\/types\/page"}],"author":[{"embeddable":true,"href":"https:\/\/www.liftari.fi\/2\/wp-json\/wp\/v2\/users\/1"}],"replies":[{"embeddable":true,"href":"https:\/\/www.liftari.fi\/2\/wp-json\/wp\/v2\/comments?post=1942"}],"version-history":[{"count":4,"href":"https:\/\/www.liftari.fi\/2\/wp-json\/wp\/v2\/pages\/1942\/revisions"}],"predecessor-version":[{"id":2157,"href":"https:\/\/www.liftari.fi\/2\/wp-json\/wp\/v2\/pages\/1942\/revisions\/2157"}],"up":[{"embeddable":true,"href":"https:\/\/www.liftari.fi\/2\/wp-json\/wp\/v2\/pages\/95"}],"wp:attachment":[{"href":"https:\/\/www.liftari.fi\/2\/wp-json\/wp\/v2\/media?parent=1942"}],"curies":[{"name":"wp","href":"https:\/\/api.w.org\/{rel}","templated":true}]}}