{"id":2328,"date":"2025-11-14T12:39:43","date_gmt":"2025-11-14T10:39:43","guid":{"rendered":"https:\/\/www.liftari.fi\/2\/?page_id=2328"},"modified":"2025-11-20T12:32:41","modified_gmt":"2025-11-20T10:32:41","slug":"the-send-jumalan-kutsumat","status":"publish","type":"page","link":"https:\/\/www.liftari.fi\/2\/raamikset\/the-send-jumalan-kutsumat\/","title":{"rendered":"The Send &#8211; Jumalan kutsumat"},"content":{"rendered":"\n<div class=\"wp-block-group has-global-padding is-layout-constrained wp-block-group-is-layout-constrained\">\n<div class=\"wp-block-buttons is-content-justification-right is-nowrap is-layout-flex wp-container-core-buttons-is-layout-9b578731 wp-block-buttons-is-layout-flex\" style=\"margin-bottom:0;padding-bottom:var(--wp--preset--spacing--xx-small)\">\n<div class=\"wp-block-button\"><a class=\"wp-block-button__link wp-element-button\" href=\"https:\/\/www.liftari.fi\/2\/raamikset\/\" style=\"border-radius:6px\">Takaisin raamiksiin<\/a><\/div>\n<\/div>\n\n\n\n<h2 class=\"wp-block-heading has-text-align-center has-pure-white-color has-custom-raamikset-background-color has-text-color has-background has-link-color wp-elements-650593c4f6429d0e9590b84f03bc5823\">The Send \u2013 Jumalan kutsumat<\/h2>\n\n\n\n<div style=\"height:8px\" aria-hidden=\"true\" class=\"wp-block-spacer\"><\/div>\n\n\n\n<p class=\"has-text-align-left\">14 l\u00e4hetysteemaista raamista.<\/p>\n\n\n\n<p class=\"has-text-align-left\">Ohje noin puolen tunnin kokoontumisiin:<\/p>\n\n\n\n<ol style=\"list-style-type:lower-alpha\" class=\"wp-block-list\">\n<li>Rukoillaan: \u201dJeesus, kiitos Raamatusta. Puhu meille sanasi kautta ja siunaa keskustelumme. Aamen.\u201d<\/li>\n\n\n\n<li>Luetaan raamatunkohta \u00e4\u00e4neen<\/li>\n\n\n\n<li>Luetaan pohdintateksti<\/li>\n\n\n\n<li>Keskustellaan kysymysten pohjalta<\/li>\n\n\n\n<li>Rukoillaan valmis rukous ja\/tai omin sanoin.<\/li>\n<\/ol>\n\n\n\n<div style=\"height:8px\" aria-hidden=\"true\" class=\"wp-block-spacer\"><\/div>\n\n\n\n<div class=\"wp-block-columns is-layout-flex wp-container-core-columns-is-layout-28f84493 wp-block-columns-is-layout-flex\">\n<div class=\"wp-block-column has-border-color has-custom-raamikset-border-color is-layout-flow wp-block-column-is-layout-flow\" style=\"border-width:8px;padding-top:var(--wp--preset--spacing--x-small);padding-right:var(--wp--preset--spacing--x-small);padding-bottom:var(--wp--preset--spacing--x-small);padding-left:var(--wp--preset--spacing--x-small)\">\n<div class=\"wp-block-group is-content-justification-left is-nowrap is-layout-flex wp-container-core-group-is-layout-fc9f69e7 wp-block-group-is-layout-flex\">\n<p class=\"has-text-align-right nowrap has-custom-raamikset-color has-text-color has-link-color has-x-large-font-size wp-elements-fafc1252bb739e93e302ac41a6375f37 wp-container-content-c0740251\"><strong>1.<\/strong><\/p>\n\n\n\n<p class=\"has-text-align-left\"><a href=\"https:\/\/www.liftari.fi\/2\/raamikset\/the-send-jumalan-kutsumat\/1-pois-mukavuusalueelta\/\">Pois mukavuusalueelta<br>1. Moos. 12:1\u20138<\/a><\/p>\n<\/div>\n<\/div>\n\n\n\n<div class=\"wp-block-column has-border-color has-custom-raamikset-border-color is-layout-flow wp-block-column-is-layout-flow\" style=\"border-width:8px;padding-top:var(--wp--preset--spacing--x-small);padding-right:var(--wp--preset--spacing--x-small);padding-bottom:var(--wp--preset--spacing--x-small);padding-left:var(--wp--preset--spacing--x-small)\">\n<div class=\"wp-block-group is-content-justification-left is-nowrap is-layout-flex wp-container-core-group-is-layout-fc9f69e7 wp-block-group-is-layout-flex\">\n<p class=\"has-text-align-right nowrap has-custom-raamikset-color has-text-color has-link-color has-x-large-font-size wp-elements-b339a056ececb4008e13fb3f34e88177 wp-container-content-c0740251\"><strong>2.<\/strong><\/p>\n\n\n\n<p class=\"has-text-align-left\"><a href=\"https:\/\/www.liftari.fi\/2\/raamikset\/the-send-jumalan-kutsumat\/2-jumalan-valmennuksessa\/\">Jumalan valmennuksessa<br>2. Moos. 3:1\u201310<\/a><\/p>\n<\/div>\n<\/div>\n\n\n\n<div class=\"wp-block-column has-border-color has-custom-raamikset-border-color is-layout-flow wp-block-column-is-layout-flow\" style=\"border-width:8px;padding-top:var(--wp--preset--spacing--x-small);padding-right:var(--wp--preset--spacing--x-small);padding-bottom:var(--wp--preset--spacing--x-small);padding-left:var(--wp--preset--spacing--x-small)\">\n<div class=\"wp-block-group is-content-justification-left is-nowrap is-layout-flex wp-container-core-group-is-layout-fc9f69e7 wp-block-group-is-layout-flex\">\n<p class=\"has-text-align-right nowrap has-custom-raamikset-color has-text-color has-link-color has-x-large-font-size wp-elements-d4ee9762a54e52a51a1b3ae7e633421d wp-container-content-c0740251\"><strong>3.<\/strong><\/p>\n\n\n\n<p class=\"has-text-align-left\"><a href=\"https:\/\/www.liftari.fi\/2\/raamikset\/the-send-jumalan-kutsumat\/3-koko-maailma-odottaa-hyvaa-sanomaa\/\">Koko maailma odottaa hyv\u00e4\u00e4 sanomaa<br>Ps. 65:2\u20139<\/a><\/p>\n<\/div>\n<\/div>\n<\/div>\n\n\n\n<div class=\"wp-block-columns is-layout-flex wp-container-core-columns-is-layout-28f84493 wp-block-columns-is-layout-flex\">\n<div class=\"wp-block-column has-border-color has-custom-raamikset-border-color is-layout-flow wp-block-column-is-layout-flow\" style=\"border-width:8px;padding-top:var(--wp--preset--spacing--x-small);padding-right:var(--wp--preset--spacing--x-small);padding-bottom:var(--wp--preset--spacing--x-small);padding-left:var(--wp--preset--spacing--x-small)\">\n<div class=\"wp-block-group is-content-justification-left is-nowrap is-layout-flex wp-container-core-group-is-layout-fc9f69e7 wp-block-group-is-layout-flex\">\n<p class=\"has-text-align-right nowrap has-custom-raamikset-color has-text-color has-link-color has-x-large-font-size wp-elements-27fb68ddab317ddf57a39862ad9895a2 wp-container-content-c0740251\"><strong>4.<\/strong><\/p>\n\n\n\n<p class=\"has-text-align-left\"><a href=\"https:\/\/www.liftari.fi\/2\/raamikset\/the-send-jumalan-kutsumat\/4-syntien-sovitus-lahetystyon-lahtoruutu\/\">Syntien sovitus, l\u00e4hetysty\u00f6n l\u00e4ht\u00f6ruutu<br>Jes. 6:1\u20138<\/a><\/p>\n<\/div>\n<\/div>\n\n\n\n<div class=\"wp-block-column has-border-color has-custom-raamikset-border-color is-layout-flow wp-block-column-is-layout-flow\" style=\"border-width:8px;padding-top:var(--wp--preset--spacing--x-small);padding-right:var(--wp--preset--spacing--x-small);padding-bottom:var(--wp--preset--spacing--x-small);padding-left:var(--wp--preset--spacing--x-small)\">\n<div class=\"wp-block-group is-content-justification-left is-nowrap is-layout-flex wp-container-core-group-is-layout-fc9f69e7 wp-block-group-is-layout-flex\">\n<p class=\"has-text-align-right nowrap has-custom-raamikset-color has-text-color has-link-color has-x-large-font-size wp-elements-d26f3716ff7b7e8cdc753883030ec6b2 wp-container-content-c0740251\"><strong>5.<\/strong><\/p>\n\n\n\n<p class=\"has-text-align-left\"><a href=\"https:\/\/www.liftari.fi\/2\/raamikset\/the-send-jumalan-kutsumat\/5-olenko-liian-nuori\/\">Olenko liian nuori?<br>Jer. 1:4\u201310<\/a><\/p>\n<\/div>\n<\/div>\n\n\n\n<div class=\"wp-block-column has-border-color has-custom-raamikset-border-color is-layout-flow wp-block-column-is-layout-flow\" style=\"border-width:8px;padding-top:var(--wp--preset--spacing--x-small);padding-right:var(--wp--preset--spacing--x-small);padding-bottom:var(--wp--preset--spacing--x-small);padding-left:var(--wp--preset--spacing--x-small)\">\n<div class=\"wp-block-group is-content-justification-left is-nowrap is-layout-flex wp-container-core-group-is-layout-fc9f69e7 wp-block-group-is-layout-flex\">\n<p class=\"has-text-align-right nowrap has-custom-raamikset-color has-text-color has-link-color has-x-large-font-size wp-elements-b1a91df237adb71ca6736f2ffa96e9c2 wp-container-content-c0740251\"><strong>6.<\/strong><\/p>\n\n\n\n<p class=\"has-text-align-left\"><a href=\"https:\/\/www.liftari.fi\/2\/raamikset\/the-send-jumalan-kutsumat\/6-ala-lahde-vaan-jaa\/\">\u00c4l\u00e4 l\u00e4hde vaan j\u00e4\u00e4<br>Hes. 2:1\u20133:5<\/a><\/p>\n<\/div>\n<\/div>\n<\/div>\n\n\n\n<div class=\"wp-block-columns is-layout-flex wp-container-core-columns-is-layout-28f84493 wp-block-columns-is-layout-flex\">\n<div class=\"wp-block-column has-border-color has-custom-raamikset-border-color is-layout-flow wp-block-column-is-layout-flow\" style=\"border-width:8px;padding-top:var(--wp--preset--spacing--x-small);padding-right:var(--wp--preset--spacing--x-small);padding-bottom:var(--wp--preset--spacing--x-small);padding-left:var(--wp--preset--spacing--x-small)\">\n<div class=\"wp-block-group is-content-justification-left is-nowrap is-layout-flex wp-container-core-group-is-layout-fc9f69e7 wp-block-group-is-layout-flex\">\n<p class=\"has-text-align-right nowrap has-custom-raamikset-color has-text-color has-link-color has-x-large-font-size wp-elements-0b121c7e096d280d1c849eea56fb77f1 wp-container-content-c0740251\"><strong>7.<\/strong><\/p>\n\n\n\n<p class=\"has-text-align-left\"><a href=\"https:\/\/www.liftari.fi\/2\/raamikset\/the-send-jumalan-kutsumat\/7-yllattava-ilo\/\">Yll\u00e4tt\u00e4v\u00e4 ilo<br>Luuk. 2:8\u201320<\/a><\/p>\n<\/div>\n<\/div>\n\n\n\n<div class=\"wp-block-column has-border-color has-custom-raamikset-border-color is-layout-flow wp-block-column-is-layout-flow\" style=\"border-width:8px;padding-top:var(--wp--preset--spacing--x-small);padding-right:var(--wp--preset--spacing--x-small);padding-bottom:var(--wp--preset--spacing--x-small);padding-left:var(--wp--preset--spacing--x-small)\">\n<div class=\"wp-block-group is-content-justification-left is-nowrap is-layout-flex wp-container-core-group-is-layout-fc9f69e7 wp-block-group-is-layout-flex\">\n<p class=\"has-text-align-right nowrap has-custom-raamikset-color has-text-color has-link-color has-x-large-font-size wp-elements-42a658a63c823208ce3bd32d765d7563 wp-container-content-c0740251\"><strong>8.<\/strong><\/p>\n\n\n\n<p class=\"has-text-align-left\"><a href=\"https:\/\/www.liftari.fi\/2\/raamikset\/the-send-jumalan-kutsumat\/8-ystavan-kanssa-liikkeelle\/\">Yst\u00e4v\u00e4n kanssa liikkeelle<br>Joh. 15:11\u201317<\/a><\/p>\n<\/div>\n<\/div>\n\n\n\n<div class=\"wp-block-column has-border-color has-custom-raamikset-border-color is-layout-flow wp-block-column-is-layout-flow\" style=\"border-width:8px;padding-top:var(--wp--preset--spacing--x-small);padding-right:var(--wp--preset--spacing--x-small);padding-bottom:var(--wp--preset--spacing--x-small);padding-left:var(--wp--preset--spacing--x-small)\">\n<div class=\"wp-block-group is-content-justification-left is-nowrap is-layout-flex wp-container-core-group-is-layout-fc9f69e7 wp-block-group-is-layout-flex\">\n<p class=\"has-text-align-right nowrap has-custom-raamikset-color has-text-color has-link-color has-x-large-font-size wp-elements-7a970fc645c7b11ee6ae789705bbb7ec wp-container-content-c0740251\"><strong>9.<\/strong><\/p>\n\n\n\n<p class=\"has-text-align-left\"><a href=\"https:\/\/www.liftari.fi\/2\/raamikset\/the-send-jumalan-kutsumat\/9-epailijakin-kelpaa\/\">Ep\u00e4ilij\u00e4kin kelpaa<br>Matt. 28:16\u201320<\/a><\/p>\n<\/div>\n<\/div>\n<\/div>\n\n\n\n<div class=\"wp-block-columns is-layout-flex wp-container-core-columns-is-layout-28f84493 wp-block-columns-is-layout-flex\">\n<div class=\"wp-block-column has-border-color has-custom-raamikset-border-color is-layout-flow wp-block-column-is-layout-flow\" style=\"border-width:8px;padding-top:var(--wp--preset--spacing--x-small);padding-right:var(--wp--preset--spacing--x-small);padding-bottom:var(--wp--preset--spacing--x-small);padding-left:var(--wp--preset--spacing--x-small)\">\n<div class=\"wp-block-group is-content-justification-left is-nowrap is-layout-flex wp-container-core-group-is-layout-fc9f69e7 wp-block-group-is-layout-flex\">\n<p class=\"has-text-align-right nowrap has-custom-raamikset-color has-text-color has-link-color has-x-large-font-size wp-elements-73d495f87ed895e8f253abe40b3fdef3 wp-container-content-c0740251\"><strong>10.<\/strong><\/p>\n\n\n\n<p class=\"has-text-align-left\"><a href=\"https:\/\/www.liftari.fi\/2\/raamikset\/the-send-jumalan-kutsumat\/10-lupaus-ihmeista\/\">Lupaus ihmeist\u00e4<br>Mark. 16:15\u201320<\/a><\/p>\n<\/div>\n<\/div>\n\n\n\n<div class=\"wp-block-column has-border-color has-custom-raamikset-border-color is-layout-flow wp-block-column-is-layout-flow\" style=\"border-width:8px;padding-top:var(--wp--preset--spacing--x-small);padding-right:var(--wp--preset--spacing--x-small);padding-bottom:var(--wp--preset--spacing--x-small);padding-left:var(--wp--preset--spacing--x-small)\">\n<div class=\"wp-block-group is-content-justification-left is-nowrap is-layout-flex wp-container-core-group-is-layout-fc9f69e7 wp-block-group-is-layout-flex\">\n<p class=\"has-text-align-right nowrap has-custom-raamikset-color has-text-color has-link-color has-x-large-font-size wp-elements-e95f686759d6154b25efdd50ee21fa68 wp-container-content-c0740251\"><strong>11.<\/strong><\/p>\n\n\n\n<p class=\"has-text-align-left\"><a href=\"https:\/\/www.liftari.fi\/2\/raamikset\/the-send-jumalan-kutsumat\/11-lahtijan-checklist\/\">L\u00e4htij\u00e4n checklist<br>Ap. t. 13:1\u20133<\/a><\/p>\n<\/div>\n<\/div>\n\n\n\n<div class=\"wp-block-column has-border-color has-custom-raamikset-border-color is-layout-flow wp-block-column-is-layout-flow\" style=\"border-width:8px;padding-top:var(--wp--preset--spacing--x-small);padding-right:var(--wp--preset--spacing--x-small);padding-bottom:var(--wp--preset--spacing--x-small);padding-left:var(--wp--preset--spacing--x-small)\">\n<div class=\"wp-block-group is-content-justification-left is-nowrap is-layout-flex wp-container-core-group-is-layout-fc9f69e7 wp-block-group-is-layout-flex\">\n<p class=\"has-text-align-right nowrap has-custom-raamikset-color has-text-color has-link-color has-x-large-font-size wp-elements-200a3cbf98b847b5f5d1206619480bab wp-container-content-c0740251\"><strong>12.<\/strong><\/p>\n\n\n\n<p class=\"has-text-align-left\"><a href=\"https:\/\/www.liftari.fi\/2\/raamikset\/the-send-jumalan-kutsumat\/12-sina-olet-tahti\/\">Sin\u00e4 olet t\u00e4hti<br>Fil. 2:13\u201316<\/a><\/p>\n<\/div>\n<\/div>\n<\/div>\n\n\n\n<div class=\"wp-block-columns is-layout-flex wp-container-core-columns-is-layout-28f84493 wp-block-columns-is-layout-flex\">\n<div class=\"wp-block-column has-border-color has-custom-raamikset-border-color is-layout-flow wp-block-column-is-layout-flow\" style=\"border-width:8px;padding-top:var(--wp--preset--spacing--x-small);padding-right:var(--wp--preset--spacing--x-small);padding-bottom:var(--wp--preset--spacing--x-small);padding-left:var(--wp--preset--spacing--x-small)\">\n<div class=\"wp-block-group is-content-justification-left is-nowrap is-layout-flex wp-container-core-group-is-layout-fc9f69e7 wp-block-group-is-layout-flex\">\n<p class=\"has-text-align-right nowrap has-custom-raamikset-color has-text-color has-link-color has-x-large-font-size wp-elements-79426692ac2e359625ed3b1dca0da35e wp-container-content-c0740251\"><strong>13.<\/strong><\/p>\n\n\n\n<p class=\"has-text-align-left\"><a href=\"https:\/\/www.liftari.fi\/2\/raamikset\/the-send-jumalan-kutsumat\/13-kiitollinen-katse-taustapeiliin\/\">Kiitollinen katse taustapeiliin<br>Ef. 3:4\u201311<\/a><\/p>\n<\/div>\n<\/div>\n\n\n\n<div class=\"wp-block-column has-border-color has-custom-raamikset-border-color is-layout-flow wp-block-column-is-layout-flow\" style=\"border-width:8px;padding-top:var(--wp--preset--spacing--x-small);padding-right:var(--wp--preset--spacing--x-small);padding-bottom:var(--wp--preset--spacing--x-small);padding-left:var(--wp--preset--spacing--x-small)\">\n<div class=\"wp-block-group is-content-justification-left is-nowrap is-layout-flex wp-container-core-group-is-layout-fc9f69e7 wp-block-group-is-layout-flex\">\n<p class=\"has-text-align-right nowrap has-custom-raamikset-color has-text-color has-link-color has-x-large-font-size wp-elements-52b572a1092bea1b6df711286c081aed wp-container-content-c0740251\"><strong>14.<\/strong><\/p>\n\n\n\n<p class=\"has-text-align-left\"><a href=\"https:\/\/www.liftari.fi\/2\/raamikset\/the-send-jumalan-kutsumat\/14-mahtavat-juhlat-tiedossa\/\">Mahtavat juhlat tiedossa<br>Ilm. 7:9\u201317<\/a><\/p>\n<\/div>\n<\/div>\n\n\n\n<div class=\"wp-block-column is-layout-flow wp-block-column-is-layout-flow\" style=\"border-style:none;border-width:0px;padding-top:var(--wp--preset--spacing--x-small);padding-right:var(--wp--preset--spacing--x-small);padding-bottom:var(--wp--preset--spacing--x-small);padding-left:var(--wp--preset--spacing--x-small)\"><\/div>\n<\/div>\n<\/div>\n","protected":false},"excerpt":{"rendered":"<p>The Send \u2013 Jumalan kutsumat 14 l\u00e4hetysteemaista raamista. Ohje noin puolen tunnin kokoontumisiin: 1. Pois mukavuusalueelta1. Moos. 12:1\u20138 2. Jumalan valmennuksessa2. Moos. 3:1\u201310 3. Koko maailma odottaa hyv\u00e4\u00e4 sanomaaPs. 65:2\u20139 4. Syntien sovitus, l\u00e4hetysty\u00f6n l\u00e4ht\u00f6ruutuJes. 6:1\u20138 5. Olenko liian nuori?Jer. 1:4\u201310 6. \u00c4l\u00e4 l\u00e4hde vaan j\u00e4\u00e4Hes. 2:1\u20133:5 7. Yll\u00e4tt\u00e4v\u00e4 iloLuuk. 2:8\u201320 8. Yst\u00e4v\u00e4n kanssa liikkeelleJoh. [&hellip;]<\/p>\n","protected":false},"author":1,"featured_media":0,"parent":592,"menu_order":0,"comment_status":"closed","ping_status":"closed","template":"","meta":{"_uag_custom_page_level_css":"","footnotes":""},"class_list":["post-2328","page","type-page","status-publish","hentry"],"uagb_featured_image_src":{"full":false,"thumbnail":false,"medium":false,"medium_large":false,"large":false,"1536x1536":false,"2048x2048":false},"uagb_author_info":{"display_name":"admin","author_link":"https:\/\/www.liftari.fi\/2\/author\/admin\/"},"uagb_comment_info":0,"uagb_excerpt":"The Send \u2013 Jumalan kutsumat 14 l\u00e4hetysteemaista raamista. Ohje noin puolen tunnin kokoontumisiin: 1. Pois mukavuusalueelta1. Moos. 12:1\u20138 2. Jumalan valmennuksessa2. Moos. 3:1\u201310 3. Koko maailma odottaa hyv\u00e4\u00e4 sanomaaPs. 65:2\u20139 4. Syntien sovitus, l\u00e4hetysty\u00f6n l\u00e4ht\u00f6ruutuJes. 6:1\u20138 5. Olenko liian nuori?Jer. 1:4\u201310 6. \u00c4l\u00e4 l\u00e4hde vaan j\u00e4\u00e4Hes. 2:1\u20133:5 7. Yll\u00e4tt\u00e4v\u00e4 iloLuuk. 2:8\u201320 8. Yst\u00e4v\u00e4n kanssa liikkeelleJoh.&hellip;","_links":{"self":[{"href":"https:\/\/www.liftari.fi\/2\/wp-json\/wp\/v2\/pages\/2328","targetHints":{"allow":["GET"]}}],"collection":[{"href":"https:\/\/www.liftari.fi\/2\/wp-json\/wp\/v2\/pages"}],"about":[{"href":"https:\/\/www.liftari.fi\/2\/wp-json\/wp\/v2\/types\/page"}],"author":[{"embeddable":true,"href":"https:\/\/www.liftari.fi\/2\/wp-json\/wp\/v2\/users\/1"}],"replies":[{"embeddable":true,"href":"https:\/\/www.liftari.fi\/2\/wp-json\/wp\/v2\/comments?post=2328"}],"version-history":[{"count":21,"href":"https:\/\/www.liftari.fi\/2\/wp-json\/wp\/v2\/pages\/2328\/revisions"}],"predecessor-version":[{"id":2480,"href":"https:\/\/www.liftari.fi\/2\/wp-json\/wp\/v2\/pages\/2328\/revisions\/2480"}],"up":[{"embeddable":true,"href":"https:\/\/www.liftari.fi\/2\/wp-json\/wp\/v2\/pages\/592"}],"wp:attachment":[{"href":"https:\/\/www.liftari.fi\/2\/wp-json\/wp\/v2\/media?parent=2328"}],"curies":[{"name":"wp","href":"https:\/\/api.w.org\/{rel}","templated":true}]}}