{"id":2346,"date":"2025-11-14T14:12:23","date_gmt":"2025-11-14T12:12:23","guid":{"rendered":"https:\/\/www.liftari.fi\/2\/?page_id=2346"},"modified":"2025-11-20T12:34:02","modified_gmt":"2025-11-20T10:34:02","slug":"1-pois-mukavuusalueelta","status":"publish","type":"page","link":"https:\/\/www.liftari.fi\/2\/raamikset\/the-send-jumalan-kutsumat\/1-pois-mukavuusalueelta\/","title":{"rendered":"1. Pois mukavuusalueelta"},"content":{"rendered":"\n<div class=\"wp-block-group has-global-padding is-layout-constrained wp-block-group-is-layout-constrained\">\n<div class=\"wp-block-buttons is-content-justification-right is-nowrap is-layout-flex wp-container-core-buttons-is-layout-9b578731 wp-block-buttons-is-layout-flex\" style=\"margin-bottom:0;padding-bottom:var(--wp--preset--spacing--xx-small)\">\n<div class=\"wp-block-button\"><a class=\"wp-block-button__link wp-element-button\" href=\"https:\/\/www.liftari.fi\/2\/raamikset\/\" style=\"border-radius:6px\">Takaisin raamiksiin<\/a><\/div>\n<\/div>\n\n\n\n<div class=\"wp-block-buttons is-content-justification-right is-nowrap is-layout-flex wp-container-core-buttons-is-layout-9b578731 wp-block-buttons-is-layout-flex\" style=\"margin-bottom:0;padding-bottom:var(--wp--preset--spacing--xx-small)\">\n<div class=\"wp-block-button\"><a class=\"wp-block-button__link wp-element-button\" href=\"https:\/\/www.liftari.fi\/2\/raamikset\/the-send-jumalan-kutsumat\/\" style=\"border-radius:6px\">Takaisin sarjaan<\/a><\/div>\n<\/div>\n\n\n\n<h2 class=\"wp-block-heading has-text-align-center has-custom-raamikset-color has-text-color has-link-color wp-elements-006a1dd074681ab97dc4435204f0c40d\">1.<\/h2>\n\n\n\n<h2 class=\"wp-block-heading has-text-align-center has-pure-black-color has-text-color has-link-color wp-elements-534d2415b422046225d1e2ce03954296\">Pois mukavuusalueelta<\/h2>\n\n\n\n<div style=\"height:8px\" aria-hidden=\"true\" class=\"wp-block-spacer\"><\/div>\n\n\n\n<h3 class=\"wp-block-heading has-text-align-center raamisHeader\">1. Moos. 12:1\u20138<\/h3>\n\n\n<p><\/p><p><span class='versenumber'>1<\/span>Herra sanoi Abramille: \"L\u00e4hde maastasi, asuinsijoiltasi ja is\u00e4si kodista siihen maahan, jonka min\u00e4 sinulle osoitan. <span class='versenumber'>2<\/span>Min\u00e4 teen sinusta suuren kansan ja siunaan sinua, ja sinun nimesi on oleva suuri ja siin\u00e4 on oleva siunaus. <span class='versenumber'>3<\/span>Min\u00e4 siunaan niit\u00e4, jotka siunaavat sinua, ja kiroan ne, jotka sinua kiroavat, ja sinun saamasi siunaus tulee siunaukseksi kaikille maailman kansoille.\" <span class='versenumber'>4<\/span>Niin Abram l\u00e4hti Herran k\u00e4skyn mukaan, ja Loot l\u00e4hti h\u00e4nen kanssaan. Harranista l\u00e4htiess\u00e4\u00e4n Abram oli seitsem\u00e4nkymmenenviiden vuoden ik\u00e4inen. <span class='versenumber'>5<\/span>Abram otti mukaan vaimonsa Sarain ja veljenpoikansa Lootin sek\u00e4 perheiden koko omaisuuden, my\u00f6s Harranissa hankitut orjat. Sitten he l\u00e4htiv\u00e4t kulkemaan kohti Kanaaninmaata ja saapuivat sinne. <span class='versenumber'>6<\/span>Abram kulki Kanaaninmaan halki Sikemin seudulle, Moren tammelle asti. Siihen aikaan maassa asuivat kanaanilaiset. <span class='versenumber'>7<\/span>Herra ilmestyi Abramille ja sanoi: \"Sinun j\u00e4lkel\u00e4isillesi min\u00e4 annan t\u00e4m\u00e4n maan.\" Ja Abram rakensi sinne alttarin Herralle, joka oli ilmestynyt h\u00e4nelle. <span class='versenumber'>8<\/span>Sielt\u00e4 h\u00e4n siirtyi Betelin it\u00e4puolen vuorille, ja h\u00e4n pystytti telttansa niin, ett\u00e4 Betel oli l\u00e4nsipuolella ja Ai it\u00e4puolella. H\u00e4n rakensi sinne alttarin ja rukoili Herraa. <\/p>\n\n\n\n<div style=\"height:8px\" aria-hidden=\"true\" class=\"wp-block-spacer\"><\/div>\n\n\n\n<h3 class=\"wp-block-heading has-text-align-center raamisHeader\">Taustaa<\/h3>\n\n\n\n<p>Nykyisen Irakin alueella l\u00e4hell\u00e4 Persianlahtea oli kuninkaallinen suurkaupunki Ur, josta Abraham oli kotoisin. Tuossa kaupungissa oli suuria pakanajumalille pyhitettyj\u00e4 temppeleit\u00e4, ja todenn\u00e4k\u00f6isesti Abrahamkin oli alun perin varakas ep\u00e4jumalanpalvoja.<\/p>\n\n\n\n<p>Jumalan kutsu muutti hyvin monet asiat Abrahamin el\u00e4m\u00e4ss\u00e4, my\u00f6s koko maailmankuvan: Jumalia onkin vain yksi! Ja Jumala on el\u00e4v\u00e4, joka puhuu ja kutsuu henkil\u00f6kohtaisesti! Lis\u00e4ksi Jumala lupaa pit\u00e4\u00e4 huolta ja siunata \u2013 jopa antaa kauan kaivatun lapsen! Todella uskomatonta!<\/p>\n\n\n\n<p>Jumalan kutsuun vastaaminen ei kuitenkaan tuonut Abrahamille helppoa el\u00e4m\u00e4\u00e4. H\u00e4n joutui j\u00e4tt\u00e4m\u00e4\u00e4n varakkaan synnyinseutunsa ja l\u00e4htem\u00e4\u00e4n kohti tuntematonta, mutta Jumala piti Abrahamista huolen. Jumala my\u00f6s katsoi ja suunnitteli todella paljon kauemmas: h\u00e4n aloitti Abrahamista kansan, jolle h\u00e4n ilmoitti itsens\u00e4 ja tahtonsa ja josta syntyi aikanaan my\u00f6s Jumalan lupaama Messias, Jeesus, siunaukseksi koko maailmalle. Ensimm\u00e4iset kristityt pitiv\u00e4tkin Abrahamia uskon is\u00e4n\u00e4. Voisiko hienompaa arvonime\u00e4 saada!<\/p>\n\n\n\n<div style=\"height:8px\" aria-hidden=\"true\" class=\"wp-block-spacer\"><\/div>\n\n\n\n<h3 class=\"wp-block-heading has-text-align-center raamisHeader\">Keskustelukysymyksi\u00e4<\/h3>\n\n\n\n<div style=\"height:8px\" aria-hidden=\"true\" class=\"wp-block-spacer\"><\/div>\n\n\n\n<ol class=\"wp-block-list raamiskysymykset\">\n<li>Mik\u00e4 sai Abrahamin tottelemaan Jumalan kutsua ja l\u00e4htem\u00e4\u00e4n?<\/li>\n\n\n\n<li>Millaiset asiat ovat sinulle niin t\u00e4rkeit\u00e4, ett\u00e4 niist\u00e4 olisi vaikea luopua?<\/li>\n\n\n\n<li>Mihin Jumala kutsuu sinua? Mit\u00e4 vastaat h\u00e4nelle?<\/li>\n<\/ol>\n\n\n\n<div style=\"height:8px\" aria-hidden=\"true\" class=\"wp-block-spacer\"><\/div>\n\n\n\n<h3 class=\"wp-block-heading has-text-align-center raamisHeader\">Rukous<\/h3>\n\n\n\n<div style=\"height:8px\" aria-hidden=\"true\" class=\"wp-block-spacer\"><\/div>\n\n\n\n<p>Rakas Jumala, kiitos, ett\u00e4 sin\u00e4 kutsut henkil\u00f6kohtaisesti. Anna minulle rohkeutta vastata kutsuusi ja l\u00e4hte\u00e4 tarvittaessa kohti uutta ja tuntematonta. Kiitos, ett\u00e4 olet kanssani joka hetki ja pid\u00e4t minusta huolta. Aamen.<\/p>\n<\/div>\n","protected":false},"excerpt":{"rendered":"<p>1. Pois mukavuusalueelta 1. Moos. 12:1\u20138 Taustaa Nykyisen Irakin alueella l\u00e4hell\u00e4 Persianlahtea oli kuninkaallinen suurkaupunki Ur, josta Abraham oli kotoisin. Tuossa kaupungissa oli suuria pakanajumalille pyhitettyj\u00e4 temppeleit\u00e4, ja todenn\u00e4k\u00f6isesti Abrahamkin oli alun perin varakas ep\u00e4jumalanpalvoja. Jumalan kutsu muutti hyvin monet asiat Abrahamin el\u00e4m\u00e4ss\u00e4, my\u00f6s koko maailmankuvan: Jumalia onkin vain yksi! Ja Jumala on el\u00e4v\u00e4, joka [&hellip;]<\/p>\n","protected":false},"author":1,"featured_media":0,"parent":2328,"menu_order":0,"comment_status":"closed","ping_status":"closed","template":"","meta":{"_uag_custom_page_level_css":"","footnotes":""},"class_list":["post-2346","page","type-page","status-publish","hentry"],"uagb_featured_image_src":{"full":false,"thumbnail":false,"medium":false,"medium_large":false,"large":false,"1536x1536":false,"2048x2048":false},"uagb_author_info":{"display_name":"admin","author_link":"https:\/\/www.liftari.fi\/2\/author\/admin\/"},"uagb_comment_info":0,"uagb_excerpt":"1. Pois mukavuusalueelta 1. Moos. 12:1\u20138 Taustaa Nykyisen Irakin alueella l\u00e4hell\u00e4 Persianlahtea oli kuninkaallinen suurkaupunki Ur, josta Abraham oli kotoisin. Tuossa kaupungissa oli suuria pakanajumalille pyhitettyj\u00e4 temppeleit\u00e4, ja todenn\u00e4k\u00f6isesti Abrahamkin oli alun perin varakas ep\u00e4jumalanpalvoja. Jumalan kutsu muutti hyvin monet asiat Abrahamin el\u00e4m\u00e4ss\u00e4, my\u00f6s koko maailmankuvan: Jumalia onkin vain yksi! Ja Jumala on el\u00e4v\u00e4, joka&hellip;","_links":{"self":[{"href":"https:\/\/www.liftari.fi\/2\/wp-json\/wp\/v2\/pages\/2346","targetHints":{"allow":["GET"]}}],"collection":[{"href":"https:\/\/www.liftari.fi\/2\/wp-json\/wp\/v2\/pages"}],"about":[{"href":"https:\/\/www.liftari.fi\/2\/wp-json\/wp\/v2\/types\/page"}],"author":[{"embeddable":true,"href":"https:\/\/www.liftari.fi\/2\/wp-json\/wp\/v2\/users\/1"}],"replies":[{"embeddable":true,"href":"https:\/\/www.liftari.fi\/2\/wp-json\/wp\/v2\/comments?post=2346"}],"version-history":[{"count":4,"href":"https:\/\/www.liftari.fi\/2\/wp-json\/wp\/v2\/pages\/2346\/revisions"}],"predecessor-version":[{"id":2481,"href":"https:\/\/www.liftari.fi\/2\/wp-json\/wp\/v2\/pages\/2346\/revisions\/2481"}],"up":[{"embeddable":true,"href":"https:\/\/www.liftari.fi\/2\/wp-json\/wp\/v2\/pages\/2328"}],"wp:attachment":[{"href":"https:\/\/www.liftari.fi\/2\/wp-json\/wp\/v2\/media?parent=2346"}],"curies":[{"name":"wp","href":"https:\/\/api.w.org\/{rel}","templated":true}]}}