{"id":2350,"date":"2025-11-14T14:19:26","date_gmt":"2025-11-14T12:19:26","guid":{"rendered":"https:\/\/www.liftari.fi\/2\/?page_id=2350"},"modified":"2025-11-20T12:36:40","modified_gmt":"2025-11-20T10:36:40","slug":"2-jumalan-valmennuksessa","status":"publish","type":"page","link":"https:\/\/www.liftari.fi\/2\/raamikset\/the-send-jumalan-kutsumat\/2-jumalan-valmennuksessa\/","title":{"rendered":"2. Jumalan valmennuksessa"},"content":{"rendered":"\n<div class=\"wp-block-group has-global-padding is-layout-constrained wp-block-group-is-layout-constrained\">\n<div class=\"wp-block-buttons is-content-justification-right is-nowrap is-layout-flex wp-container-core-buttons-is-layout-9b578731 wp-block-buttons-is-layout-flex\" style=\"margin-bottom:0;padding-bottom:var(--wp--preset--spacing--xx-small)\">\n<div class=\"wp-block-button\"><a class=\"wp-block-button__link wp-element-button\" href=\"https:\/\/www.liftari.fi\/2\/raamikset\/\" style=\"border-radius:6px\">Takaisin raamiksiin<\/a><\/div>\n<\/div>\n\n\n\n<div class=\"wp-block-buttons is-content-justification-right is-nowrap is-layout-flex wp-container-core-buttons-is-layout-9b578731 wp-block-buttons-is-layout-flex\" style=\"margin-bottom:0;padding-bottom:var(--wp--preset--spacing--xx-small)\">\n<div class=\"wp-block-button\"><a class=\"wp-block-button__link wp-element-button\" href=\"https:\/\/www.liftari.fi\/2\/raamikset\/the-send-jumalan-kutsumat\/\" style=\"border-radius:6px\">Takaisin sarjaan<\/a><\/div>\n<\/div>\n\n\n\n<h2 class=\"wp-block-heading has-text-align-center has-custom-raamikset-color has-text-color has-link-color wp-elements-3125992f110cfd61245bb85abfb4f39c\">2.<\/h2>\n\n\n\n<h2 class=\"wp-block-heading has-text-align-center has-pure-black-color has-text-color has-link-color wp-elements-93a7dbac26867650c64f2520f4cfe457\">Jumalan valmennuksessa<\/h2>\n\n\n\n<div style=\"height:8px\" aria-hidden=\"true\" class=\"wp-block-spacer\"><\/div>\n\n\n\n<h3 class=\"wp-block-heading has-text-align-center raamisHeader\">2. Moos. 3:1\u201310<\/h3>\n\n\n<p><span class='versenumber'>1<\/span>Mooses paimensi appensa Jetron, midianilaisen papin, lampaita. Kerran h\u00e4n vei lauman autiomaan toiselle puolen ja tuli Jumalan vuoren Horebin juurelle. <span class='versenumber'>2<\/span>Siell\u00e4 h\u00e4nelle ilmestyi Herran enkeli tulenliekiss\u00e4, joka nousi orjantappurapensaasta. Mooses huomasi, ettei tuli kuluttanut pensasta, vaikka se oli liekeiss\u00e4. <span class='versenumber'>3<\/span>Silloin h\u00e4n ajatteli: \"Menenp\u00e4 katsomaan tuota ihmett\u00e4. Mink\u00e4 vuoksi pensas ei pala poroksi?\" <span class='versenumber'>4<\/span>Kun Herra n\u00e4ki h\u00e4nen tulevan katsomaan, h\u00e4n huusi pensaasta: \"Mooses, Mooses!\" Mooses vastasi: \"T\u00e4ss\u00e4 olen.\" <span class='versenumber'>5<\/span>Herra sanoi: \"\u00c4l\u00e4 tule l\u00e4hemm\u00e4ksi! Riisu keng\u00e4t jalastasi, sill\u00e4 paikka, jossa seisot, on pyh\u00e4.\" <span class='versenumber'>6<\/span>Herra sanoi viel\u00e4: \"Min\u00e4 olen sinun is\u00e4si Jumala, Abrahamin, Iisakin ja Jaakobin Jumala.\" Silloin Mooses peitti kasvonsa, sill\u00e4 h\u00e4n pelk\u00e4si katsoa Jumalaa. <span class='versenumber'>7<\/span>Herra sanoi: \"Min\u00e4 olen n\u00e4hnyt kansani ahdingon Egyptiss\u00e4 ja kuullut, miten israelilaiset valittavat sortajiensa kovuutta. Min\u00e4 tied\u00e4n kyll\u00e4 heid\u00e4n h\u00e4t\u00e4ns\u00e4. <span class='versenumber'>8<\/span>Olen tullut vapauttamaan heid\u00e4t egyptil\u00e4isten k\u00e4sist\u00e4 ja viem\u00e4\u00e4n heid\u00e4t Egyptist\u00e4 maahan, joka on hyv\u00e4 ja avara ja tulvii maitoa ja hunajaa, maahan, jossa nyt asuvat kanaanilaiset, heettil\u00e4iset, amorilaiset, perissil\u00e4iset, hivvil\u00e4iset ja jebusilaiset. <span class='versenumber'>9<\/span>Israelilaisten h\u00e4t\u00e4huuto on nyt kantautunut minun korviini, ja olen n\u00e4hnyt, kuinka kovasti egyptil\u00e4iset heit\u00e4 sortavat. <span class='versenumber'>10<\/span>Mene siis, min\u00e4 l\u00e4het\u00e4n sinut faraon luo. Sinun on viet\u00e4v\u00e4 minun kansani, israelilaiset, pois Egyptist\u00e4.\" <\/p>\n\n\n\n<div style=\"height:8px\" aria-hidden=\"true\" class=\"wp-block-spacer\"><\/div>\n\n\n\n<h3 class=\"wp-block-heading has-text-align-center raamisHeader\">Taustaa<\/h3>\n\n\n\n<p>Mooseksen el\u00e4m\u00e4 oli t\u00e4ynn\u00e4 erikoisia k\u00e4\u00e4nteit\u00e4. Jo vauvana h\u00e4nen olisi pit\u00e4nyt kuolla faraon mielett\u00f6m\u00e4n lapsivainon takia, mutta Jumala johti, ett\u00e4 h\u00e4nest\u00e4 tulikin faraon perheen j\u00e4sen. Aikuisena hovin loistelias el\u00e4m\u00e4 ja korkea sivistys vaihtuivat hetkess\u00e4 pakomatkalle. Se vei autiomaan hiljaisuuteen ja paimenen hommiin vuosikymmeniksi. 80-vuotiaana Mooses ajatteli jo ehk\u00e4 asettuvansa leppoisten el\u00e4kep\u00e4ivien viettoon, mutta aivan yll\u00e4tt\u00e4en h\u00e4n saikin Jumalalta haastavan erityisteht\u00e4v\u00e4n: h\u00e4nen tuli palata oman kansansa, israelilaisten luokse ja johtaa kansa vapauteen Egyptin orjuudesta.<\/p>\n\n\n\n<p>Mooseksen el\u00e4m\u00e4 voi n\u00e4ytt\u00e4\u00e4 sarjalta hyvi\u00e4 ja huonoja sattumia, mutta nyt Jumala osoitti, ett\u00e4 niill\u00e4 kaikilla oli merkityksens\u00e4. Jumala tarvitsi oman kansansa johtajaksi hyvin monenlaista kokeneen israelilaisen miehen, jolla oli korkea koulutus sek\u00e4 pitk\u00e4 kokemus autiomaassa el\u00e4misest\u00e4. Jumalan johdatuksessa on aina tarkoitus, vaikka me emme sit\u00e4 heti ymm\u00e4rt\u00e4isi. Mik\u00e4\u00e4n ei ole sattumaa.<\/p>\n\n\n\n<p>Jumala ilmestyi Moosekselle t\u00e4m\u00e4n omassa arkisessa ymp\u00e4rist\u00f6ss\u00e4. Sen puut ja pensaat olivat h\u00e4nelle tuttuja, ja nuotioitakin h\u00e4n oli varmasti usein joutunut tekem\u00e4\u00e4n; siksi h\u00e4n ymm\u00e4rsi palavan pensaan ihmeen. Puhutellessaan Moosesta nimelt\u00e4 Jumala viittasi my\u00f6s t\u00e4m\u00e4n sukutaustaan. H\u00e4n ei ollut unohtanut kauas joutunutta kansansa j\u00e4sent\u00e4. H\u00e4n oli se Jumala, jota Mooseksen oma suku oli palvellut. H\u00e4n kutsui Mooseksen takaisin kotiin, suureen teht\u00e4v\u00e4\u00e4n.<\/p>\n\n\n\n<div style=\"height:8px\" aria-hidden=\"true\" class=\"wp-block-spacer\"><\/div>\n\n\n\n<h3 class=\"wp-block-heading has-text-align-center raamisHeader\">Keskustelukysymyksi\u00e4<\/h3>\n\n\n\n<div style=\"height:8px\" aria-hidden=\"true\" class=\"wp-block-spacer\"><\/div>\n\n\n\n<ol class=\"wp-block-list raamiskysymykset\">\n<li>Mill\u00e4 tavalla Jumala aloitti keskustelun Mooseksen kanssa? Mit\u00e4 se kertoo h\u00e4nest\u00e4?<\/li>\n\n\n\n<li>Millaisin silmin katsot omaa menneisyytt\u00e4si? Voitko n\u00e4hd\u00e4 siin\u00e4 Jumalan johdatuksen?<\/li>\n\n\n\n<li>Millaisia lahjoja ja kokemuksia Jumala on sinulle antanut? Miten voisit palvella niill\u00e4 muita ihmisi\u00e4?<\/li>\n<\/ol>\n\n\n\n<div style=\"height:8px\" aria-hidden=\"true\" class=\"wp-block-spacer\"><\/div>\n\n\n\n<h3 class=\"wp-block-heading has-text-align-center raamisHeader\">Rukous<\/h3>\n\n\n\n<div style=\"height:8px\" aria-hidden=\"true\" class=\"wp-block-spacer\"><\/div>\n\n\n\n<p>Rakas Jumala, kiitos, ettei mik\u00e4\u00e4n el\u00e4m\u00e4ni vaihe ole sinulle vieras eik\u00e4 turha. Johdata ja valmista minua tahtosi mukaisiin teht\u00e4viin. Ota lahjani ja kokemukseni k\u00e4ytt\u00f6\u00f6si. Aamen.<\/p>\n<\/div>\n","protected":false},"excerpt":{"rendered":"<p>2. Jumalan valmennuksessa 2. Moos. 3:1\u201310 Taustaa Mooseksen el\u00e4m\u00e4 oli t\u00e4ynn\u00e4 erikoisia k\u00e4\u00e4nteit\u00e4. Jo vauvana h\u00e4nen olisi pit\u00e4nyt kuolla faraon mielett\u00f6m\u00e4n lapsivainon takia, mutta Jumala johti, ett\u00e4 h\u00e4nest\u00e4 tulikin faraon perheen j\u00e4sen. Aikuisena hovin loistelias el\u00e4m\u00e4 ja korkea sivistys vaihtuivat hetkess\u00e4 pakomatkalle. Se vei autiomaan hiljaisuuteen ja paimenen hommiin vuosikymmeniksi. 80-vuotiaana Mooses ajatteli jo ehk\u00e4 [&hellip;]<\/p>\n","protected":false},"author":1,"featured_media":0,"parent":2328,"menu_order":0,"comment_status":"closed","ping_status":"closed","template":"","meta":{"_uag_custom_page_level_css":"","footnotes":""},"class_list":["post-2350","page","type-page","status-publish","hentry"],"uagb_featured_image_src":{"full":false,"thumbnail":false,"medium":false,"medium_large":false,"large":false,"1536x1536":false,"2048x2048":false},"uagb_author_info":{"display_name":"admin","author_link":"https:\/\/www.liftari.fi\/2\/author\/admin\/"},"uagb_comment_info":0,"uagb_excerpt":"2. Jumalan valmennuksessa 2. Moos. 3:1\u201310 Taustaa Mooseksen el\u00e4m\u00e4 oli t\u00e4ynn\u00e4 erikoisia k\u00e4\u00e4nteit\u00e4. Jo vauvana h\u00e4nen olisi pit\u00e4nyt kuolla faraon mielett\u00f6m\u00e4n lapsivainon takia, mutta Jumala johti, ett\u00e4 h\u00e4nest\u00e4 tulikin faraon perheen j\u00e4sen. Aikuisena hovin loistelias el\u00e4m\u00e4 ja korkea sivistys vaihtuivat hetkess\u00e4 pakomatkalle. Se vei autiomaan hiljaisuuteen ja paimenen hommiin vuosikymmeniksi. 80-vuotiaana Mooses ajatteli jo ehk\u00e4&hellip;","_links":{"self":[{"href":"https:\/\/www.liftari.fi\/2\/wp-json\/wp\/v2\/pages\/2350","targetHints":{"allow":["GET"]}}],"collection":[{"href":"https:\/\/www.liftari.fi\/2\/wp-json\/wp\/v2\/pages"}],"about":[{"href":"https:\/\/www.liftari.fi\/2\/wp-json\/wp\/v2\/types\/page"}],"author":[{"embeddable":true,"href":"https:\/\/www.liftari.fi\/2\/wp-json\/wp\/v2\/users\/1"}],"replies":[{"embeddable":true,"href":"https:\/\/www.liftari.fi\/2\/wp-json\/wp\/v2\/comments?post=2350"}],"version-history":[{"count":3,"href":"https:\/\/www.liftari.fi\/2\/wp-json\/wp\/v2\/pages\/2350\/revisions"}],"predecessor-version":[{"id":2487,"href":"https:\/\/www.liftari.fi\/2\/wp-json\/wp\/v2\/pages\/2350\/revisions\/2487"}],"up":[{"embeddable":true,"href":"https:\/\/www.liftari.fi\/2\/wp-json\/wp\/v2\/pages\/2328"}],"wp:attachment":[{"href":"https:\/\/www.liftari.fi\/2\/wp-json\/wp\/v2\/media?parent=2350"}],"curies":[{"name":"wp","href":"https:\/\/api.w.org\/{rel}","templated":true}]}}