{"id":2352,"date":"2025-11-14T14:22:55","date_gmt":"2025-11-14T12:22:55","guid":{"rendered":"https:\/\/www.liftari.fi\/2\/?page_id=2352"},"modified":"2025-11-20T12:37:13","modified_gmt":"2025-11-20T10:37:13","slug":"3-koko-maailma-odottaa-hyvaa-sanomaa","status":"publish","type":"page","link":"https:\/\/www.liftari.fi\/2\/raamikset\/the-send-jumalan-kutsumat\/3-koko-maailma-odottaa-hyvaa-sanomaa\/","title":{"rendered":"3. Koko maailma odottaa hyv\u00e4\u00e4 sanomaa"},"content":{"rendered":"\n<div class=\"wp-block-group has-global-padding is-layout-constrained wp-block-group-is-layout-constrained\">\n<div class=\"wp-block-buttons is-content-justification-right is-nowrap is-layout-flex wp-container-core-buttons-is-layout-9b578731 wp-block-buttons-is-layout-flex\" style=\"margin-bottom:0;padding-bottom:var(--wp--preset--spacing--xx-small)\">\n<div class=\"wp-block-button\"><a class=\"wp-block-button__link wp-element-button\" href=\"https:\/\/www.liftari.fi\/2\/raamikset\/\" style=\"border-radius:6px\">Takaisin raamiksiin<\/a><\/div>\n<\/div>\n\n\n\n<div class=\"wp-block-buttons is-content-justification-right is-nowrap is-layout-flex wp-container-core-buttons-is-layout-9b578731 wp-block-buttons-is-layout-flex\" style=\"margin-bottom:0;padding-bottom:var(--wp--preset--spacing--xx-small)\">\n<div class=\"wp-block-button\"><a class=\"wp-block-button__link wp-element-button\" href=\"https:\/\/www.liftari.fi\/2\/raamikset\/the-send-jumalan-kutsumat\/\" style=\"border-radius:6px\">Takaisin sarjaan<\/a><\/div>\n<\/div>\n\n\n\n<h2 class=\"wp-block-heading has-text-align-center has-custom-raamikset-color has-text-color has-link-color wp-elements-432329acb77bc1a6a1134111eecd1c48\">3.<\/h2>\n\n\n\n<h2 class=\"wp-block-heading has-text-align-center has-pure-black-color has-text-color has-link-color wp-elements-47260bca6b0b6e48b36517ea360dd678\">Koko maailma odottaa hyv\u00e4\u00e4 sanomaa<\/h2>\n\n\n\n<div style=\"height:8px\" aria-hidden=\"true\" class=\"wp-block-spacer\"><\/div>\n\n\n\n<h3 class=\"wp-block-heading has-text-align-center raamisHeader\">Ps. 65:2\u20139<\/h3>\n\n\n<p><span class='versenumber'>2<\/span>Sinua, Jumala, me ylist\u00e4mme Siionissa! Me t\u00e4yt\u00e4mme lupaukset, jotka annoimme sinulle, <span class='versenumber'>3<\/span>sill\u00e4 sin\u00e4 kuulet rukouksen. Sinun luoksesi kaikki ihmiset tulevat. <span class='versenumber'>4<\/span>Syntimme ovat meille liian raskaat, mutta sin\u00e4 annat ne anteeksi. <span class='versenumber'>5<\/span>Autuas se, jonka sin\u00e4 valitset! H\u00e4n saa tulla luoksesi ja asua pyh\u00e4k\u00f6ss\u00e4si. Ravitse meid\u00e4t huoneesi antimilla, temppelisi pyhyydell\u00e4! <span class='versenumber'>6<\/span>Mahtavilla teoilla sin\u00e4, Jumalamme, vastaat meille, sin\u00e4 siunaat ja autat meit\u00e4. Sinuun luottavat kaikki maan \u00e4\u00e4ret ja kaukaiset meren rannat. <span class='versenumber'>7<\/span>Sin\u00e4 pystytit vuoret voimallasi, sinun on valta ja v\u00e4kevyys. <span class='versenumber'>8<\/span>Sin\u00e4 tyynnytit merten pauhun, aaltojen kuohun ja kansojen kohinan. <span class='versenumber'>9<\/span>Maan \u00e4\u00e4riss\u00e4 ihmiset pel\u00e4styv\u00e4t n\u00e4hdess\u00e4\u00e4n sinun tunnustekosi. Sin\u00e4 saat id\u00e4n ja l\u00e4nnen maat kohottamaan riemuhuudon! <\/p>\n\n\n\n<div style=\"height:8px\" aria-hidden=\"true\" class=\"wp-block-spacer\"><\/div>\n\n\n\n<h3 class=\"wp-block-heading has-text-align-center raamisHeader\">Taustaa<\/h3>\n\n\n\n<p>Kuningas Daavid eli 1000 vuotta ennen Jeesusta, mutta Jumala oli antanut h\u00e4nelle ihmeellisen ymm\u00e4rryksen siit\u00e4, mit\u00e4 Jeesus tuli my\u00f6hemmin opettamaan:<\/p>\n\n\n\n<p>Jumala kuulee kaikki rukoukset. Jos kerrot h\u00e4nelle asiasi, h\u00e4n kuulee sinua ja haluaa vastata parhaalla mahdollisella tavalla. Jokaisen ihmisen rukous on Jumalalle yht\u00e4 t\u00e4rke\u00e4. \u2013 T\u00e4m\u00e4 on suuri ilouutinen kaikille maailman kansoille!<\/p>\n\n\n\n<p>Jumala antaa syntimme anteeksi, kun sit\u00e4 pyyd\u00e4mme. Anteeksisaamisen ilo ja vapaus koskee kaikkia ja on niin suurta, ett\u00e4 siit\u00e4 haluaa kertoa muillekin.<\/p>\n\n\n\n<p>Jumala valitsee ja varustaa meit\u00e4 erilaisiin teht\u00e4viin. H\u00e4n antaa pyhyytens\u00e4 voimaksemme ja turvaksemme. T\u00e4m\u00e4kin lupaus koskee kaikkia maailman kansoja. Kuka hyv\u00e4ns\u00e4, mist\u00e4 taustasta hyv\u00e4ns\u00e4, voi saada Jumalalta kutsun ja voiman kertoa evankeliumia muillekin.<\/p>\n\n\n\n<p>Jumala on luonut maailman, sinutkin. Kaikki maailman ihmiset ovat h\u00e4nelle rakkaita, ja siksi kaikki voivat tulla h\u00e4nen luokseen luottavaisin mielin. Kaikki maailman kansat on kutsuttu ihmettelem\u00e4\u00e4n ja ylist\u00e4m\u00e4\u00e4n Jumalaa, turvautumaan h\u00e4neen ja kertomaan h\u00e4nest\u00e4 my\u00f6s muille.<\/p>\n\n\n\n<div style=\"height:8px\" aria-hidden=\"true\" class=\"wp-block-spacer\"><\/div>\n\n\n\n<h3 class=\"wp-block-heading has-text-align-center raamisHeader\">Keskustelukysymyksi\u00e4<\/h3>\n\n\n\n<div style=\"height:8px\" aria-hidden=\"true\" class=\"wp-block-spacer\"><\/div>\n\n\n\n<ol class=\"wp-block-list raamiskysymykset\">\n<li>Millaisia Jumalan mahtavia tekoja sin\u00e4 olet saanut kokea?<\/li>\n\n\n\n<li>Millaiset asiat vakuuttavat ihmiset Jumalan voimasta?<\/li>\n\n\n\n<li>Onko sinulla syd\u00e4mell\u00e4si jokin tietty kansa, jolle haluaisit kertoa evankeliumia?<\/li>\n<\/ol>\n\n\n\n<div style=\"height:8px\" aria-hidden=\"true\" class=\"wp-block-spacer\"><\/div>\n\n\n\n<h3 class=\"wp-block-heading has-text-align-center raamisHeader\">Rukous<\/h3>\n\n\n\n<div style=\"height:8px\" aria-hidden=\"true\" class=\"wp-block-spacer\"><\/div>\n\n\n\n<p>Rakas Jumala, kiitos, ett\u00e4 kaikki maailman ihmiset ovat sinulle rakkaita. Kiitos, ett\u00e4 sin\u00e4 tunnet minutkin! Aamen.<\/p>\n<\/div>\n","protected":false},"excerpt":{"rendered":"<p>3. Koko maailma odottaa hyv\u00e4\u00e4 sanomaa Ps. 65:2\u20139 Taustaa Kuningas Daavid eli 1000 vuotta ennen Jeesusta, mutta Jumala oli antanut h\u00e4nelle ihmeellisen ymm\u00e4rryksen siit\u00e4, mit\u00e4 Jeesus tuli my\u00f6hemmin opettamaan: Jumala kuulee kaikki rukoukset. Jos kerrot h\u00e4nelle asiasi, h\u00e4n kuulee sinua ja haluaa vastata parhaalla mahdollisella tavalla. Jokaisen ihmisen rukous on Jumalalle yht\u00e4 t\u00e4rke\u00e4. \u2013 T\u00e4m\u00e4 [&hellip;]<\/p>\n","protected":false},"author":1,"featured_media":0,"parent":2328,"menu_order":0,"comment_status":"closed","ping_status":"closed","template":"","meta":{"_uag_custom_page_level_css":"","footnotes":""},"class_list":["post-2352","page","type-page","status-publish","hentry"],"uagb_featured_image_src":{"full":false,"thumbnail":false,"medium":false,"medium_large":false,"large":false,"1536x1536":false,"2048x2048":false},"uagb_author_info":{"display_name":"admin","author_link":"https:\/\/www.liftari.fi\/2\/author\/admin\/"},"uagb_comment_info":0,"uagb_excerpt":"3. Koko maailma odottaa hyv\u00e4\u00e4 sanomaa Ps. 65:2\u20139 Taustaa Kuningas Daavid eli 1000 vuotta ennen Jeesusta, mutta Jumala oli antanut h\u00e4nelle ihmeellisen ymm\u00e4rryksen siit\u00e4, mit\u00e4 Jeesus tuli my\u00f6hemmin opettamaan: Jumala kuulee kaikki rukoukset. Jos kerrot h\u00e4nelle asiasi, h\u00e4n kuulee sinua ja haluaa vastata parhaalla mahdollisella tavalla. Jokaisen ihmisen rukous on Jumalalle yht\u00e4 t\u00e4rke\u00e4. \u2013 T\u00e4m\u00e4&hellip;","_links":{"self":[{"href":"https:\/\/www.liftari.fi\/2\/wp-json\/wp\/v2\/pages\/2352","targetHints":{"allow":["GET"]}}],"collection":[{"href":"https:\/\/www.liftari.fi\/2\/wp-json\/wp\/v2\/pages"}],"about":[{"href":"https:\/\/www.liftari.fi\/2\/wp-json\/wp\/v2\/types\/page"}],"author":[{"embeddable":true,"href":"https:\/\/www.liftari.fi\/2\/wp-json\/wp\/v2\/users\/1"}],"replies":[{"embeddable":true,"href":"https:\/\/www.liftari.fi\/2\/wp-json\/wp\/v2\/comments?post=2352"}],"version-history":[{"count":4,"href":"https:\/\/www.liftari.fi\/2\/wp-json\/wp\/v2\/pages\/2352\/revisions"}],"predecessor-version":[{"id":2488,"href":"https:\/\/www.liftari.fi\/2\/wp-json\/wp\/v2\/pages\/2352\/revisions\/2488"}],"up":[{"embeddable":true,"href":"https:\/\/www.liftari.fi\/2\/wp-json\/wp\/v2\/pages\/2328"}],"wp:attachment":[{"href":"https:\/\/www.liftari.fi\/2\/wp-json\/wp\/v2\/media?parent=2352"}],"curies":[{"name":"wp","href":"https:\/\/api.w.org\/{rel}","templated":true}]}}