{"id":2356,"date":"2025-11-14T14:33:09","date_gmt":"2025-11-14T12:33:09","guid":{"rendered":"https:\/\/www.liftari.fi\/2\/?page_id=2356"},"modified":"2025-11-20T12:37:38","modified_gmt":"2025-11-20T10:37:38","slug":"4-syntien-sovitus-lahetystyon-lahtoruutu","status":"publish","type":"page","link":"https:\/\/www.liftari.fi\/2\/raamikset\/the-send-jumalan-kutsumat\/4-syntien-sovitus-lahetystyon-lahtoruutu\/","title":{"rendered":"4. Syntien sovitus &#8211; l\u00e4hetysty\u00f6n l\u00e4ht\u00f6ruutu"},"content":{"rendered":"\n<div class=\"wp-block-group has-global-padding is-layout-constrained wp-block-group-is-layout-constrained\">\n<div class=\"wp-block-buttons is-content-justification-right is-nowrap is-layout-flex wp-container-core-buttons-is-layout-9b578731 wp-block-buttons-is-layout-flex\" style=\"margin-bottom:0;padding-bottom:var(--wp--preset--spacing--xx-small)\">\n<div class=\"wp-block-button\"><a class=\"wp-block-button__link wp-element-button\" href=\"https:\/\/www.liftari.fi\/2\/raamikset\/\" style=\"border-radius:6px\">Takaisin raamiksiin<\/a><\/div>\n<\/div>\n\n\n\n<div class=\"wp-block-buttons is-content-justification-right is-nowrap is-layout-flex wp-container-core-buttons-is-layout-9b578731 wp-block-buttons-is-layout-flex\" style=\"margin-bottom:0;padding-bottom:var(--wp--preset--spacing--xx-small)\">\n<div class=\"wp-block-button\"><a class=\"wp-block-button__link wp-element-button\" href=\"https:\/\/www.liftari.fi\/2\/raamikset\/the-send-jumalan-kutsumat\/\" style=\"border-radius:6px\">Takaisin sarjaan<\/a><\/div>\n<\/div>\n\n\n\n<h2 class=\"wp-block-heading has-text-align-center has-custom-raamikset-color has-text-color has-link-color wp-elements-0b5b6e9dd060b9b7faed29c54e1b0766\">4.<\/h2>\n\n\n\n<h2 class=\"wp-block-heading has-text-align-center has-pure-black-color has-text-color has-link-color wp-elements-244169a88a5ae590292f83641d6618db\">Syntien sovitus, l\u00e4hetysty\u00f6n l\u00e4ht\u00f6ruutu<\/h2>\n\n\n\n<div style=\"height:8px\" aria-hidden=\"true\" class=\"wp-block-spacer\"><\/div>\n\n\n\n<h3 class=\"wp-block-heading has-text-align-center raamisHeader\">Jes. 6:1\u20138<\/h3>\n\n\n<p><\/p><p><span class='versenumber'>1<\/span>Kuningas Ussian kuolinvuonna min\u00e4 n\u00e4in Herran: h\u00e4n istui korkealla ja ylh\u00e4isell\u00e4 istuimella, ja h\u00e4nen vaatteensa liepeet t\u00e4yttiv\u00e4t temppelin. <span class='versenumber'>2<\/span>H\u00e4nen yl\u00e4puolellaan seisoivat serafit, joilla oli kuusi siipe\u00e4 kullakin: kahdella he peittiv\u00e4t kasvonsa, kahdella verhosivat ruumiinsa ja kahdella lensiv\u00e4t. <span class='versenumber'>3<\/span>He huusivat toinen toiselleen:  - Pyh\u00e4, pyh\u00e4, pyh\u00e4 on Herra Sebaot! H\u00e4nen kirkkautensa t\u00e4ytt\u00e4\u00e4 kaiken maan. <span class='versenumber'>4<\/span>Ovenpielet vapisivat \u00e4\u00e4nten voimasta, ja huone tuli t\u00e4yteen savua. <span class='versenumber'>5<\/span>Ja min\u00e4 sanoin:  - Voi minua, min\u00e4 hukun! Minulla on saastaiset huulet, ja saastaiset huulet on kansalla, jonka keskell\u00e4 el\u00e4n, ja nyt minun silm\u00e4ni ovat n\u00e4hneet Kuninkaan, Herran Sebaotin. <span class='versenumber'>6<\/span>Silloin yksi serafeista lensi luokseni k\u00e4dess\u00e4\u00e4n hehkuva hiili, jonka h\u00e4n oli ottanut pihdeill\u00e4 uhrialttarilta. <span class='versenumber'>7<\/span>H\u00e4n kosketti sill\u00e4 minun huuliani ja sanoi:  - Katso, t\u00e4m\u00e4 on koskenut huuliasi, sinun syyllisyytesi on poissa ja syntisi sovitettu. <span class='versenumber'>8<\/span>Min\u00e4 kuulin Herran \u00e4\u00e4nen sanovan:  - Kenet min\u00e4 l\u00e4het\u00e4n? Kuka l\u00e4htee sananviej\u00e4ksi? Niin min\u00e4 vastasin:  - T\u00e4ss\u00e4 olen, l\u00e4het\u00e4 minut! <\/p>\n\n\n\n<div style=\"height:8px\" aria-hidden=\"true\" class=\"wp-block-spacer\"><\/div>\n\n\n\n<h3 class=\"wp-block-heading has-text-align-center raamisHeader\">Taustaa<\/h3>\n\n\n\n<p>Oletko joskus kokenut Jumalan pyhyyden l\u00e4sn\u00e4olon erityisen vahvasti? Jesaja kuuli enkeleiden huutoa, haistoi savua ja n\u00e4ki ovenpielien vapisevan. Ei ihme, ett\u00e4 h\u00e4nt\u00e4 pelotti \u2013 Jumalan pyhyys saa ihmisen tuntemaan itsens\u00e4 \u00e4\u00e4rimm\u00e4isen pieneksi ja huonoksi. Toisin sanoen n\u00e4kem\u00e4\u00e4n totuuden itsest\u00e4\u00e4n.<\/p>\n\n\n\n<p>Uhrialttari oli se paikka, jossa papit Jesajan aikaan uhrasivat el\u00e4imi\u00e4 tarkkojen s\u00e4\u00e4nt\u00f6jen mukaan. Syntien sovittamiseen tarvittiin uhriel\u00e4imen verta. Kun enkeli kosketti Jesajan suuta uhrialttarilta nostamallaan hehkuvalla hiilell\u00e4, h\u00e4n ik\u00e4\u00e4n kuin puhdisti Jesajan suun synnist\u00e4 ja antoi Jesajalle mahdollisuuden puhua sit\u00e4, mit\u00e4 Jumala h\u00e4nelle antoi puhuttavaksi. Jesajan saama teht\u00e4v\u00e4 oli erityisen suuri \u2013 h\u00e4nt\u00e4 kutsutaankin profeettojen kuninkaaksi.<\/p>\n\n\n\n<p>Vasta syntien sovituksen ja anteeksisaamisen j\u00e4lkeen Jesaja oli valmis Jumalan antamaan teht\u00e4v\u00e4\u00e4n. Kukaan muukaan ei l\u00e4hde l\u00e4hetysty\u00f6h\u00f6n omassa voimassaan ja hyvyydess\u00e4\u00e4n. Jokainen ihminen, my\u00f6s l\u00e4hetysty\u00f6ss\u00e4 oleva, on syntinen, ja tarvitsee Jumalan tarjoamaa sovitusta ja pelastusta. Jumala voi puhua ja toimia syntisenkin ihmisen kautta.<\/p>\n\n\n\n<div style=\"height:8px\" aria-hidden=\"true\" class=\"wp-block-spacer\"><\/div>\n\n\n\n<h3 class=\"wp-block-heading has-text-align-center raamisHeader\">Keskustelukysymyksi\u00e4<\/h3>\n\n\n\n<div style=\"height:8px\" aria-hidden=\"true\" class=\"wp-block-spacer\"><\/div>\n\n\n\n<ol class=\"wp-block-list raamiskysymykset\">\n<li>Miksi Jumalan pyhyys n\u00e4ytt\u00e4ytyy ihmiselle pelottavana?<\/li>\n\n\n\n<li>Mill\u00e4 tavalla syyllisyys ja synti vaikuttavat siihen, mit\u00e4 ihminen tekee ja haluaa tehd\u00e4?<\/li>\n\n\n\n<li>Mit\u00e4 koet tarvitsevasi, ett\u00e4 uskaltaisit rohkeammin puhua Jeesuksesta?<\/li>\n<\/ol>\n\n\n\n<div style=\"height:8px\" aria-hidden=\"true\" class=\"wp-block-spacer\"><\/div>\n\n\n\n<h3 class=\"wp-block-heading has-text-align-center raamisHeader\">Rukous<\/h3>\n\n\n\n<div style=\"height:8px\" aria-hidden=\"true\" class=\"wp-block-spacer\"><\/div>\n\n\n\n<p>Kiitos Jeesus, ett\u00e4 olet kuollut minunkin puolestani ristill\u00e4. Herra, tahdon turvautua sinuun, anna kaikki minun syntini anteeksi. Ja jos sin\u00e4 tahdot, niin l\u00e4het\u00e4 minutkin. Aamen.<\/p>\n<\/div>\n","protected":false},"excerpt":{"rendered":"<p>4. Syntien sovitus, l\u00e4hetysty\u00f6n l\u00e4ht\u00f6ruutu Jes. 6:1\u20138 Taustaa Oletko joskus kokenut Jumalan pyhyyden l\u00e4sn\u00e4olon erityisen vahvasti? Jesaja kuuli enkeleiden huutoa, haistoi savua ja n\u00e4ki ovenpielien vapisevan. Ei ihme, ett\u00e4 h\u00e4nt\u00e4 pelotti \u2013 Jumalan pyhyys saa ihmisen tuntemaan itsens\u00e4 \u00e4\u00e4rimm\u00e4isen pieneksi ja huonoksi. Toisin sanoen n\u00e4kem\u00e4\u00e4n totuuden itsest\u00e4\u00e4n. Uhrialttari oli se paikka, jossa papit Jesajan aikaan [&hellip;]<\/p>\n","protected":false},"author":1,"featured_media":0,"parent":2328,"menu_order":0,"comment_status":"closed","ping_status":"closed","template":"","meta":{"_uag_custom_page_level_css":"","footnotes":""},"class_list":["post-2356","page","type-page","status-publish","hentry"],"uagb_featured_image_src":{"full":false,"thumbnail":false,"medium":false,"medium_large":false,"large":false,"1536x1536":false,"2048x2048":false},"uagb_author_info":{"display_name":"admin","author_link":"https:\/\/www.liftari.fi\/2\/author\/admin\/"},"uagb_comment_info":0,"uagb_excerpt":"4. Syntien sovitus, l\u00e4hetysty\u00f6n l\u00e4ht\u00f6ruutu Jes. 6:1\u20138 Taustaa Oletko joskus kokenut Jumalan pyhyyden l\u00e4sn\u00e4olon erityisen vahvasti? Jesaja kuuli enkeleiden huutoa, haistoi savua ja n\u00e4ki ovenpielien vapisevan. Ei ihme, ett\u00e4 h\u00e4nt\u00e4 pelotti \u2013 Jumalan pyhyys saa ihmisen tuntemaan itsens\u00e4 \u00e4\u00e4rimm\u00e4isen pieneksi ja huonoksi. Toisin sanoen n\u00e4kem\u00e4\u00e4n totuuden itsest\u00e4\u00e4n. Uhrialttari oli se paikka, jossa papit Jesajan aikaan&hellip;","_links":{"self":[{"href":"https:\/\/www.liftari.fi\/2\/wp-json\/wp\/v2\/pages\/2356","targetHints":{"allow":["GET"]}}],"collection":[{"href":"https:\/\/www.liftari.fi\/2\/wp-json\/wp\/v2\/pages"}],"about":[{"href":"https:\/\/www.liftari.fi\/2\/wp-json\/wp\/v2\/types\/page"}],"author":[{"embeddable":true,"href":"https:\/\/www.liftari.fi\/2\/wp-json\/wp\/v2\/users\/1"}],"replies":[{"embeddable":true,"href":"https:\/\/www.liftari.fi\/2\/wp-json\/wp\/v2\/comments?post=2356"}],"version-history":[{"count":3,"href":"https:\/\/www.liftari.fi\/2\/wp-json\/wp\/v2\/pages\/2356\/revisions"}],"predecessor-version":[{"id":2489,"href":"https:\/\/www.liftari.fi\/2\/wp-json\/wp\/v2\/pages\/2356\/revisions\/2489"}],"up":[{"embeddable":true,"href":"https:\/\/www.liftari.fi\/2\/wp-json\/wp\/v2\/pages\/2328"}],"wp:attachment":[{"href":"https:\/\/www.liftari.fi\/2\/wp-json\/wp\/v2\/media?parent=2356"}],"curies":[{"name":"wp","href":"https:\/\/api.w.org\/{rel}","templated":true}]}}