{"id":2358,"date":"2025-11-14T14:40:02","date_gmt":"2025-11-14T12:40:02","guid":{"rendered":"https:\/\/www.liftari.fi\/2\/?page_id=2358"},"modified":"2025-11-20T12:38:02","modified_gmt":"2025-11-20T10:38:02","slug":"5-olenko-liian-nuori","status":"publish","type":"page","link":"https:\/\/www.liftari.fi\/2\/raamikset\/the-send-jumalan-kutsumat\/5-olenko-liian-nuori\/","title":{"rendered":"5. Olenko liian nuori?"},"content":{"rendered":"\n<div class=\"wp-block-group has-global-padding is-layout-constrained wp-block-group-is-layout-constrained\">\n<div class=\"wp-block-buttons is-content-justification-right is-nowrap is-layout-flex wp-container-core-buttons-is-layout-9b578731 wp-block-buttons-is-layout-flex\" style=\"margin-bottom:0;padding-bottom:var(--wp--preset--spacing--xx-small)\">\n<div class=\"wp-block-button\"><a class=\"wp-block-button__link wp-element-button\" href=\"https:\/\/www.liftari.fi\/2\/raamikset\/\" style=\"border-radius:6px\">Takaisin raamiksiin<\/a><\/div>\n<\/div>\n\n\n\n<div class=\"wp-block-buttons is-content-justification-right is-nowrap is-layout-flex wp-container-core-buttons-is-layout-9b578731 wp-block-buttons-is-layout-flex\" style=\"margin-bottom:0;padding-bottom:var(--wp--preset--spacing--xx-small)\">\n<div class=\"wp-block-button\"><a class=\"wp-block-button__link wp-element-button\" href=\"https:\/\/www.liftari.fi\/2\/raamikset\/the-send-jumalan-kutsumat\/\" style=\"border-radius:6px\">Takaisin sarjaan<\/a><\/div>\n<\/div>\n\n\n\n<h2 class=\"wp-block-heading has-text-align-center has-custom-raamikset-color has-text-color has-link-color wp-elements-3af46146c250ed27895dbf6e4939c98b\">5.<\/h2>\n\n\n\n<h2 class=\"wp-block-heading has-text-align-center has-pure-black-color has-text-color has-link-color wp-elements-4a73b402bd0f3a90aded467a0bb2597d\">Olenko liian nuori?<\/h2>\n\n\n\n<div style=\"height:8px\" aria-hidden=\"true\" class=\"wp-block-spacer\"><\/div>\n\n\n\n<h3 class=\"wp-block-heading has-text-align-center raamisHeader\">Jer. 1:4\u201310<\/h3>\n\n\n<p><span class='versenumber'>4<\/span>Minulle tuli t\u00e4m\u00e4 Herran sana: <span class='versenumber'>5<\/span> - Jo ennen kuin sinut \u00e4idinkohdussa muovasin, min\u00e4 valitsin sinut. Jo ennen kuin sin\u00e4 synnyit maailmaan, min\u00e4 pyhitin sinut omakseni ja m\u00e4\u00e4r\u00e4sin sinut kansojen profeetaksi. <span class='versenumber'>6<\/span>Mutta min\u00e4 vastasin: \"Voi, Herra, Jumalani, en min\u00e4 osaa puhua, min\u00e4 olen niin nuori!\" Silloin Herra sanoi: <span class='versenumber'>7<\/span> - \u00c4l\u00e4 sano, ett\u00e4 olet nuori, vaan mene, minne ikin\u00e4 sinut l\u00e4het\u00e4n, ja puhu, mit\u00e4 min\u00e4 k\u00e4sken sinun puhua. <span class='versenumber'>8<\/span>\u00c4l\u00e4 pelk\u00e4\u00e4 ket\u00e4\u00e4n, sill\u00e4 min\u00e4, Herra, olen sinun kanssasi ja suojelen sinua. <span class='versenumber'>9<\/span>Sitten Herra ojensi k\u00e4tens\u00e4, kosketti suutani ja sanoi minulle:  - Min\u00e4 annan sanani sinun suuhusi. <span class='versenumber'>10<\/span>Min\u00e4 asetan sinut t\u00e4n\u00e4 p\u00e4iv\u00e4n\u00e4 kansojen ja valtakuntien yl\u00e4puolelle. Sinun tulee repi\u00e4 ja s\u00e4rke\u00e4, tuhota ja h\u00e4vitt\u00e4\u00e4, rakentaa ja istuttaa. <\/p>\n\n\n\n<div style=\"height:8px\" aria-hidden=\"true\" class=\"wp-block-spacer\"><\/div>\n\n\n\n<h3 class=\"wp-block-heading has-text-align-center raamisHeader\">Taustaa<\/h3>\n\n\n\n<p>Jumalalla on suunnitelma jokaisen ihmisen el\u00e4m\u00e4\u00e4 varten. H\u00e4n on luonut meid\u00e4t kaikkine taitoinemme ja ominaisuuksinemme ja haluaa johdattaa meit\u00e4. Syntisyytemme takia emme aina ymm\u00e4rr\u00e4 tai edes halua seurata Jumalan johdatusta. Luottamuksemme Jumalan valtaan ja voimaan on aina vajavaista, ja siksi emme aina uskalla vastata h\u00e4nen kutsuunsa my\u00f6nt\u00e4v\u00e4sti.<\/p>\n\n\n\n<p>Kun Jumala kutsuu, mieleemme voi nousta monenlaisia syit\u00e4 kielt\u00e4yty\u00e4. N\u00e4in k\u00e4vi Jeremiallekin: h\u00e4n koki olevansa liian nuori ja huono puhumaan. Voi tietysti pohtia, ett\u00e4 jos Jumala olisi pyyt\u00e4nyt h\u00e4nt\u00e4 l\u00e4hetysty\u00f6ntekij\u00e4ksi omaan perheeseens\u00e4 tai asuinkaupunkiinsa, olisiko h\u00e4n esitt\u00e4nyt vastav\u00e4itteit\u00e4? Mutta kun Jumala antoi h\u00e4nelle teht\u00e4v\u00e4ksi toimia \u201dkansojen profeettana\u201d, joka \u201drepii ja s\u00e4rkee\u201d, h\u00e4nen pelkonsa ja ep\u00e4varmuutensa tuntuu aivan ymm\u00e4rrett\u00e4v\u00e4lt\u00e4. Vai miten itse suhtautuisit tuollaiseen kutsuun?<\/p>\n\n\n\n<p>Jumala ei tyrm\u00e4nnyt vastustelevaa Jeremiaa, vaan h\u00e4nen kutsunsa pysyi voimassa. Jumala otti Jeremian pelon vakavasti ja tarjosi oman voimansa ja viisautensa h\u00e4nen tuekseen. Jeremian el\u00e4m\u00e4 ei tullut olemaan helppo, mutta Jumalan voiman varassa h\u00e4n pysyi loppuun saakka kuuliaisena teht\u00e4v\u00e4ss\u00e4\u00e4n. Koska h\u00e4n astui teht\u00e4v\u00e4\u00e4n jo nuorena, h\u00e4n ehti palvella pitk\u00e4\u00e4n profeetan teht\u00e4v\u00e4ss\u00e4. H\u00e4nen nimiss\u00e4\u00e4n olevaa profeettakirjaa ovat lukeneet miljoonat ihmiset jo yli kahden ja puolen vuosituhannen ajan ja saaneet siit\u00e4 viisautta ja lohdutusta omiin kamppailuihinsa.<\/p>\n\n\n\n<div style=\"height:8px\" aria-hidden=\"true\" class=\"wp-block-spacer\"><\/div>\n\n\n\n<h3 class=\"wp-block-heading has-text-align-center raamisHeader\">Keskustelukysymyksi\u00e4<\/h3>\n\n\n\n<div style=\"height:8px\" aria-hidden=\"true\" class=\"wp-block-spacer\"><\/div>\n\n\n\n<ol class=\"wp-block-list raamiskysymykset\">\n<li>Millainen Jumalan antama teht\u00e4v\u00e4 pelottaisi sinua? Miksi?<\/li>\n\n\n\n<li>Oletko kokenut, ett\u00e4 Jumala on antanut sinulle voimaa ja viisautta silloin, kun olet sit\u00e4 tarvinnut? Millaisissa tilanteissa on k\u00e4ynyt n\u00e4in?<\/li>\n\n\n\n<li>Miksi nuoruus ei ole syy kielt\u00e4yty\u00e4 Jumalan kutsusta? Mit\u00e4 hy\u00f6ty\u00e4 nuoruudesta on l\u00e4hetysty\u00f6ss\u00e4?<\/li>\n<\/ol>\n\n\n\n<div style=\"height:8px\" aria-hidden=\"true\" class=\"wp-block-spacer\"><\/div>\n\n\n\n<h3 class=\"wp-block-heading has-text-align-center raamisHeader\">Rukous<\/h3>\n\n\n\n<div style=\"height:8px\" aria-hidden=\"true\" class=\"wp-block-spacer\"><\/div>\n\n\n\n<p>Kiitos Jeesus, ett\u00e4 kun sin\u00e4 kutsut, annat my\u00f6s voiman ja viisauden toteuttaa antamaasi teht\u00e4v\u00e4\u00e4. Kiitos, ett\u00e4 sinua saa palvella jo nuorena. Aamen.<\/p>\n<\/div>\n","protected":false},"excerpt":{"rendered":"<p>5. Olenko liian nuori? Jer. 1:4\u201310 Taustaa Jumalalla on suunnitelma jokaisen ihmisen el\u00e4m\u00e4\u00e4 varten. H\u00e4n on luonut meid\u00e4t kaikkine taitoinemme ja ominaisuuksinemme ja haluaa johdattaa meit\u00e4. Syntisyytemme takia emme aina ymm\u00e4rr\u00e4 tai edes halua seurata Jumalan johdatusta. Luottamuksemme Jumalan valtaan ja voimaan on aina vajavaista, ja siksi emme aina uskalla vastata h\u00e4nen kutsuunsa my\u00f6nt\u00e4v\u00e4sti. Kun [&hellip;]<\/p>\n","protected":false},"author":1,"featured_media":0,"parent":2328,"menu_order":0,"comment_status":"closed","ping_status":"closed","template":"","meta":{"_uag_custom_page_level_css":"","footnotes":""},"class_list":["post-2358","page","type-page","status-publish","hentry"],"uagb_featured_image_src":{"full":false,"thumbnail":false,"medium":false,"medium_large":false,"large":false,"1536x1536":false,"2048x2048":false},"uagb_author_info":{"display_name":"admin","author_link":"https:\/\/www.liftari.fi\/2\/author\/admin\/"},"uagb_comment_info":0,"uagb_excerpt":"5. Olenko liian nuori? Jer. 1:4\u201310 Taustaa Jumalalla on suunnitelma jokaisen ihmisen el\u00e4m\u00e4\u00e4 varten. H\u00e4n on luonut meid\u00e4t kaikkine taitoinemme ja ominaisuuksinemme ja haluaa johdattaa meit\u00e4. Syntisyytemme takia emme aina ymm\u00e4rr\u00e4 tai edes halua seurata Jumalan johdatusta. Luottamuksemme Jumalan valtaan ja voimaan on aina vajavaista, ja siksi emme aina uskalla vastata h\u00e4nen kutsuunsa my\u00f6nt\u00e4v\u00e4sti. Kun&hellip;","_links":{"self":[{"href":"https:\/\/www.liftari.fi\/2\/wp-json\/wp\/v2\/pages\/2358","targetHints":{"allow":["GET"]}}],"collection":[{"href":"https:\/\/www.liftari.fi\/2\/wp-json\/wp\/v2\/pages"}],"about":[{"href":"https:\/\/www.liftari.fi\/2\/wp-json\/wp\/v2\/types\/page"}],"author":[{"embeddable":true,"href":"https:\/\/www.liftari.fi\/2\/wp-json\/wp\/v2\/users\/1"}],"replies":[{"embeddable":true,"href":"https:\/\/www.liftari.fi\/2\/wp-json\/wp\/v2\/comments?post=2358"}],"version-history":[{"count":3,"href":"https:\/\/www.liftari.fi\/2\/wp-json\/wp\/v2\/pages\/2358\/revisions"}],"predecessor-version":[{"id":2490,"href":"https:\/\/www.liftari.fi\/2\/wp-json\/wp\/v2\/pages\/2358\/revisions\/2490"}],"up":[{"embeddable":true,"href":"https:\/\/www.liftari.fi\/2\/wp-json\/wp\/v2\/pages\/2328"}],"wp:attachment":[{"href":"https:\/\/www.liftari.fi\/2\/wp-json\/wp\/v2\/media?parent=2358"}],"curies":[{"name":"wp","href":"https:\/\/api.w.org\/{rel}","templated":true}]}}