{"id":2360,"date":"2025-11-14T14:52:05","date_gmt":"2025-11-14T12:52:05","guid":{"rendered":"https:\/\/www.liftari.fi\/2\/?page_id=2360"},"modified":"2025-11-20T12:38:33","modified_gmt":"2025-11-20T10:38:33","slug":"6-ala-lahde-vaan-jaa","status":"publish","type":"page","link":"https:\/\/www.liftari.fi\/2\/raamikset\/the-send-jumalan-kutsumat\/6-ala-lahde-vaan-jaa\/","title":{"rendered":"6. \u00c4l\u00e4 l\u00e4hde vaan j\u00e4\u00e4"},"content":{"rendered":"\n<div class=\"wp-block-group has-global-padding is-layout-constrained wp-block-group-is-layout-constrained\">\n<div class=\"wp-block-buttons is-content-justification-right is-nowrap is-layout-flex wp-container-core-buttons-is-layout-9b578731 wp-block-buttons-is-layout-flex\" style=\"margin-bottom:0;padding-bottom:var(--wp--preset--spacing--xx-small)\">\n<div class=\"wp-block-button\"><a class=\"wp-block-button__link wp-element-button\" href=\"https:\/\/www.liftari.fi\/2\/raamikset\/\" style=\"border-radius:6px\">Takaisin raamiksiin<\/a><\/div>\n<\/div>\n\n\n\n<div class=\"wp-block-buttons is-content-justification-right is-nowrap is-layout-flex wp-container-core-buttons-is-layout-9b578731 wp-block-buttons-is-layout-flex\" style=\"margin-bottom:0;padding-bottom:var(--wp--preset--spacing--xx-small)\">\n<div class=\"wp-block-button\"><a class=\"wp-block-button__link wp-element-button\" href=\"https:\/\/www.liftari.fi\/2\/raamikset\/the-send-jumalan-kutsumat\/\" style=\"border-radius:6px\">Takaisin sarjaan<\/a><\/div>\n<\/div>\n\n\n\n<h2 class=\"wp-block-heading has-text-align-center has-custom-raamikset-color has-text-color has-link-color wp-elements-93c1c857b5311026ceff70778a8f0a55\">6.<\/h2>\n\n\n\n<h2 class=\"wp-block-heading has-text-align-center has-pure-black-color has-text-color has-link-color wp-elements-f799b2a0bda97ba9c53b0edda3049f88\">\u00c4l\u00e4 l\u00e4hde vaan j\u00e4\u00e4<\/h2>\n\n\n\n<div style=\"height:8px\" aria-hidden=\"true\" class=\"wp-block-spacer\"><\/div>\n\n\n\n<h3 class=\"wp-block-heading has-text-align-center raamisHeader\">Hes. 2:1\u20133:5<\/h3>\n\n\n<p><\/p><p><span class='versenumber'>1<\/span>H\u00e4n sanoi: \"Ihminen, nouse. Min\u00e4 tahdon puhua sinulle.\" <span class='versenumber'>2<\/span>H\u00e4nen puhuessaan minuun tuli henki, se nosti minut seisomaan, ja min\u00e4 kuulin h\u00e4nen puhuvan minulle. <span class='versenumber'>3<\/span>H\u00e4n sanoi: \"Ihminen, min\u00e4 l\u00e4het\u00e4n sinut israelilaisten luo, noiden kapinallisten pariin, jotka ovat nousseet minua vastaan. Alusta alkaen he ja heid\u00e4n is\u00e4ns\u00e4 ovat olleet minulle uskottomia. <span class='versenumber'>4<\/span>Min\u00e4 l\u00e4het\u00e4n sinut ihmisten luo, joilla on kovat kasvot ja taipumaton syd\u00e4n. Sinun tulee sanoa heille: 'N\u00e4in sanoo Herra Jumala.' <span class='versenumber'>5<\/span>Kuulkoot tai olkoot kuulematta - he ovat uppiniskaista kansaa - he tulevat kuitenkin tiet\u00e4m\u00e4\u00e4n, ett\u00e4 heid\u00e4n keskell\u00e4\u00e4n on ollut profeetta. <span class='versenumber'>6<\/span>\u00c4l\u00e4 sin\u00e4, ihminen, pelk\u00e4\u00e4 heit\u00e4, \u00e4l\u00e4 kauhistu heid\u00e4n sanojaan, vaikka olet heid\u00e4n keskell\u00e4\u00e4n kuin piikkipensaikossa ja skorpionien seassa. \u00c4l\u00e4 pelk\u00e4\u00e4 heid\u00e4n puheitaan, \u00e4l\u00e4 s\u00e4iky heit\u00e4 - he ovat uppiniskaista kansaa. <span class='versenumber'>7<\/span>Sinun tulee puhua minun sanani heille, kuulkoot tai olkoot kuulematta - he ovat uppiniskaisia. <span class='versenumber'>8<\/span>Mutta sin\u00e4, ihminen, kuuntele mit\u00e4 sinulle sanon. \u00c4l\u00e4 niskoittele, niin kuin t\u00e4m\u00e4 niskuroiva kansa. Avaa suusi ja sy\u00f6, mit\u00e4 sinulle annan.\" <span class='versenumber'>9<\/span>Min\u00e4 n\u00e4in, kuinka minua kohti ojentui k\u00e4si, ja k\u00e4dess\u00e4 oli kirjak\u00e4\u00e4r\u00f6. <span class='versenumber'>10<\/span>Se avattiin minun eteeni, ja min\u00e4 n\u00e4in, ett\u00e4 se oli kirjoitettu t\u00e4yteen molemmin puolin: valituksia ja huokauksia, huutoa ja tuskaa. <span class='versenumber'>1<\/span>H\u00e4n sanoi minulle: \"Ihminen, sy\u00f6, mit\u00e4 edess\u00e4si on. Sy\u00f6 t\u00e4m\u00e4 kirjak\u00e4\u00e4r\u00f6 ja sitten l\u00e4hde, mene puhumaan Israelin kansalle.\" <span class='versenumber'>2<\/span>Niin min\u00e4 avasin suuni, ja h\u00e4n antoi sy\u00f6d\u00e4kseni sen k\u00e4\u00e4r\u00f6n. <span class='versenumber'>3<\/span>H\u00e4n sanoi: \"Ihminen, ravitse itsesi. T\u00e4yt\u00e4 vatsasi, sy\u00f6 t\u00e4m\u00e4 kirjak\u00e4\u00e4r\u00f6, jonka min\u00e4 sinulle annan.\" Min\u00e4 s\u00f6in sen, ja se maistui suussani makealta kuin hunaja. <span class='versenumber'>4<\/span>H\u00e4n sanoi minulle: \"Ihminen, l\u00e4hde. Mene Israelin kansan luo ja puhu, mink\u00e4 minulta saat puhuttavaksesi. <span class='versenumber'>5<\/span>Ei sinua l\u00e4hetet\u00e4 outoa, k\u00e4sitt\u00e4m\u00e4t\u00f6nt\u00e4 kielt\u00e4 puhuvan kansan pariin, vaan Israelin kansan luo. <\/p>\n\n\n\n<div style=\"height:8px\" aria-hidden=\"true\" class=\"wp-block-spacer\"><\/div>\n\n\n\n<h3 class=\"wp-block-heading has-text-align-center raamisHeader\">Taustaa<\/h3>\n\n\n\n<p>L\u00e4hetysty\u00f6 vieraassa maassa voi kuulostaa j\u00e4nnitt\u00e4v\u00e4lt\u00e4 ja eksoottiselta. Ent\u00e4 jos Jumala kutsuukin l\u00e4hetysty\u00f6h\u00f6n omaan maahan, niiden tuttujen sukulaisten ja naapureiden keskelle? Uskoisivatko he sinun sanojasi?<\/p>\n\n\n\n<p>Hesekiel oli juutalaisten maanmiestens\u00e4 kanssa joutunut pakkosiirtolaiseksi, kun babylonialaiset valloittivat Juudan valtakunnan ja tuhosivat sen p\u00e4\u00e4kaupungin Jerusalemin temppeli\u00e4 my\u00f6ten. Kansan ainoa jumalanpalveluspaikka oli siis tuhottu, ja Jumalan kansalle luvattu maa oli j\u00e4\u00e4nyt kauas taakse. Mit\u00e4 luulet, ett\u00e4 kansa tuossa tilanteessa ajatteli Jumalasta? Niinp\u00e4, varmasti monenlaisia ep\u00e4ilyj\u00e4 oli, ja Jumala kutsuikin Hesekielin muistuttamaan kansaa siit\u00e4, ett\u00e4 Jumala edelleenkin el\u00e4\u00e4 ja pit\u00e4\u00e4 kaikkia lankoja k\u00e4siss\u00e4\u00e4n, vaikkei silt\u00e4 aina n\u00e4ytt\u00e4isi.<\/p>\n\n\n\n<p>Meid\u00e4n aikanamme on monia, jotka pit\u00e4v\u00e4t kristinuskon sanomaa jotenkin vanhanaikaisena tai jopa vahingollisena. Siksi evankeliumia onkin hyv\u00e4 kertoa viisaasti ja lempe\u00e4sti ja tapoja voi olla monenlaisia. Hesekiel laittoi peliin koko el\u00e4m\u00e4ns\u00e4, kun h\u00e4n yritti vakuuttaa omaa kansaansa Jumalan rakkaudesta ja kaikkivaltiudesta. Samankaltaista rohkeutta ja uskollisuutta tarvitaan ihan t\u00e4m\u00e4nkin p\u00e4iv\u00e4n Suomessakin.<\/p>\n\n\n\n<div style=\"height:8px\" aria-hidden=\"true\" class=\"wp-block-spacer\"><\/div>\n\n\n\n<h3 class=\"wp-block-heading has-text-align-center raamisHeader\">Keskustelukysymyksi\u00e4<\/h3>\n\n\n\n<div style=\"height:8px\" aria-hidden=\"true\" class=\"wp-block-spacer\"><\/div>\n\n\n\n<ol class=\"wp-block-list raamiskysymykset\">\n<li>Miksi Jumala l\u00e4hetti Hesekielin kertomaan itsest\u00e4\u00e4n israelilaisille, vaikka tiesi, ett\u00e4 he vastustavat h\u00e4nen sanomaansa?<\/li>\n\n\n\n<li>Mink\u00e4laista my\u00f6t\u00e4el\u00e4mist\u00e4 Hesekielilt\u00e4 vaadittiin, ett\u00e4 h\u00e4n pystyi ymm\u00e4rt\u00e4m\u00e4\u00e4n kansan tuskan? Miten se vaikutti h\u00e4nen teht\u00e4v\u00e4\u00e4ns\u00e4?<\/li>\n\n\n\n<li>Millaisia asioita on hyv\u00e4 tiet\u00e4\u00e4 ihmisist\u00e4, joille kertoo evankeliumia?<\/li>\n<\/ol>\n\n\n\n<div style=\"height:8px\" aria-hidden=\"true\" class=\"wp-block-spacer\"><\/div>\n\n\n\n<h3 class=\"wp-block-heading has-text-align-center raamisHeader\">Rukous<\/h3>\n\n\n\n<div style=\"height:8px\" aria-hidden=\"true\" class=\"wp-block-spacer\"><\/div>\n\n\n\n<p>Jeesus, anna minulle viisautta ja rohkeutta kertoa sinusta kavereilleni ja sukulaisilleni. Anna minulle oikeat sanat ja oikea asenne. Aamen.<\/p>\n<\/div>\n","protected":false},"excerpt":{"rendered":"<p>6. \u00c4l\u00e4 l\u00e4hde vaan j\u00e4\u00e4 Hes. 2:1\u20133:5 Taustaa L\u00e4hetysty\u00f6 vieraassa maassa voi kuulostaa j\u00e4nnitt\u00e4v\u00e4lt\u00e4 ja eksoottiselta. Ent\u00e4 jos Jumala kutsuukin l\u00e4hetysty\u00f6h\u00f6n omaan maahan, niiden tuttujen sukulaisten ja naapureiden keskelle? Uskoisivatko he sinun sanojasi? Hesekiel oli juutalaisten maanmiestens\u00e4 kanssa joutunut pakkosiirtolaiseksi, kun babylonialaiset valloittivat Juudan valtakunnan ja tuhosivat sen p\u00e4\u00e4kaupungin Jerusalemin temppeli\u00e4 my\u00f6ten. Kansan ainoa jumalanpalveluspaikka [&hellip;]<\/p>\n","protected":false},"author":1,"featured_media":0,"parent":2328,"menu_order":0,"comment_status":"closed","ping_status":"closed","template":"","meta":{"_uag_custom_page_level_css":"","footnotes":""},"class_list":["post-2360","page","type-page","status-publish","hentry"],"uagb_featured_image_src":{"full":false,"thumbnail":false,"medium":false,"medium_large":false,"large":false,"1536x1536":false,"2048x2048":false},"uagb_author_info":{"display_name":"admin","author_link":"https:\/\/www.liftari.fi\/2\/author\/admin\/"},"uagb_comment_info":0,"uagb_excerpt":"6. \u00c4l\u00e4 l\u00e4hde vaan j\u00e4\u00e4 Hes. 2:1\u20133:5 Taustaa L\u00e4hetysty\u00f6 vieraassa maassa voi kuulostaa j\u00e4nnitt\u00e4v\u00e4lt\u00e4 ja eksoottiselta. Ent\u00e4 jos Jumala kutsuukin l\u00e4hetysty\u00f6h\u00f6n omaan maahan, niiden tuttujen sukulaisten ja naapureiden keskelle? Uskoisivatko he sinun sanojasi? Hesekiel oli juutalaisten maanmiestens\u00e4 kanssa joutunut pakkosiirtolaiseksi, kun babylonialaiset valloittivat Juudan valtakunnan ja tuhosivat sen p\u00e4\u00e4kaupungin Jerusalemin temppeli\u00e4 my\u00f6ten. Kansan ainoa jumalanpalveluspaikka&hellip;","_links":{"self":[{"href":"https:\/\/www.liftari.fi\/2\/wp-json\/wp\/v2\/pages\/2360","targetHints":{"allow":["GET"]}}],"collection":[{"href":"https:\/\/www.liftari.fi\/2\/wp-json\/wp\/v2\/pages"}],"about":[{"href":"https:\/\/www.liftari.fi\/2\/wp-json\/wp\/v2\/types\/page"}],"author":[{"embeddable":true,"href":"https:\/\/www.liftari.fi\/2\/wp-json\/wp\/v2\/users\/1"}],"replies":[{"embeddable":true,"href":"https:\/\/www.liftari.fi\/2\/wp-json\/wp\/v2\/comments?post=2360"}],"version-history":[{"count":3,"href":"https:\/\/www.liftari.fi\/2\/wp-json\/wp\/v2\/pages\/2360\/revisions"}],"predecessor-version":[{"id":2491,"href":"https:\/\/www.liftari.fi\/2\/wp-json\/wp\/v2\/pages\/2360\/revisions\/2491"}],"up":[{"embeddable":true,"href":"https:\/\/www.liftari.fi\/2\/wp-json\/wp\/v2\/pages\/2328"}],"wp:attachment":[{"href":"https:\/\/www.liftari.fi\/2\/wp-json\/wp\/v2\/media?parent=2360"}],"curies":[{"name":"wp","href":"https:\/\/api.w.org\/{rel}","templated":true}]}}