{"id":2362,"date":"2025-11-14T17:47:24","date_gmt":"2025-11-14T15:47:24","guid":{"rendered":"https:\/\/www.liftari.fi\/2\/?page_id=2362"},"modified":"2025-11-20T12:39:00","modified_gmt":"2025-11-20T10:39:00","slug":"7-yllattava-ilo","status":"publish","type":"page","link":"https:\/\/www.liftari.fi\/2\/raamikset\/the-send-jumalan-kutsumat\/7-yllattava-ilo\/","title":{"rendered":"7. Yll\u00e4tt\u00e4v\u00e4 ilo"},"content":{"rendered":"\n<div class=\"wp-block-group has-global-padding is-layout-constrained wp-block-group-is-layout-constrained\">\n<div class=\"wp-block-buttons is-content-justification-right is-nowrap is-layout-flex wp-container-core-buttons-is-layout-9b578731 wp-block-buttons-is-layout-flex\" style=\"margin-bottom:0;padding-bottom:var(--wp--preset--spacing--xx-small)\">\n<div class=\"wp-block-button\"><a class=\"wp-block-button__link wp-element-button\" href=\"https:\/\/www.liftari.fi\/2\/raamikset\/\" style=\"border-radius:6px\">Takaisin raamiksiin<\/a><\/div>\n<\/div>\n\n\n\n<div class=\"wp-block-buttons is-content-justification-right is-nowrap is-layout-flex wp-container-core-buttons-is-layout-9b578731 wp-block-buttons-is-layout-flex\" style=\"margin-bottom:0;padding-bottom:var(--wp--preset--spacing--xx-small)\">\n<div class=\"wp-block-button\"><a class=\"wp-block-button__link wp-element-button\" href=\"https:\/\/www.liftari.fi\/2\/raamikset\/the-send-jumalan-kutsumat\/\" style=\"border-radius:6px\">Takaisin sarjaan<\/a><\/div>\n<\/div>\n\n\n\n<h2 class=\"wp-block-heading has-text-align-center has-custom-raamikset-color has-text-color has-link-color wp-elements-170934ae4050c2a125e059e3209bb312\">7.<\/h2>\n\n\n\n<h2 class=\"wp-block-heading has-text-align-center has-pure-black-color has-text-color has-link-color wp-elements-b953908ad736afaf9622573379d78e8b\">Yll\u00e4tt\u00e4v\u00e4 ilo<\/h2>\n\n\n\n<div style=\"height:8px\" aria-hidden=\"true\" class=\"wp-block-spacer\"><\/div>\n\n\n\n<h3 class=\"wp-block-heading has-text-align-center raamisHeader\">Luuk. 2:8\u201320<\/h3>\n\n\n<p><span class='versenumber'>8<\/span>Sill\u00e4 seudulla oli paimenia y\u00f6ll\u00e4 ulkona vartioimassa laumaansa. <span class='versenumber'>9<\/span>Yht\u00e4kki\u00e4 heid\u00e4n edess\u00e4\u00e4n seisoi Herran enkeli, ja Herran kirkkaus ymp\u00e4r\u00f6i heid\u00e4t. Pelko valtasi paimenet, <span class='versenumber'>10<\/span>mutta enkeli sanoi heille: \"\u00c4lk\u00e4\u00e4 pel\u00e4tk\u00f6! Min\u00e4 ilmoitan teille ilosanoman, suuren ilon koko kansalle. <span class='versenumber'>11<\/span>T\u00e4n\u00e4\u00e4n on teille Daavidin kaupungissa syntynyt Vapahtaja. H\u00e4n on Kristus, Herra. <span class='versenumber'>12<\/span>T\u00e4m\u00e4 on merkkin\u00e4 teille: te l\u00f6yd\u00e4tte lapsen, joka makaa kapaloituna seimess\u00e4.\" <span class='versenumber'>13<\/span>Ja samalla hetkell\u00e4 oli enkelin ymp\u00e4rill\u00e4 suuri taivaallinen sotajoukko, joka ylisti Jumalaa sanoen: <span class='versenumber'>14<\/span> - Jumalan on kunnia korkeuksissa, maan p\u00e4\u00e4ll\u00e4 rauha ihmisill\u00e4, joita h\u00e4n rakastaa. <span class='versenumber'>15<\/span>Kun enkelit olivat menneet takaisin taivaaseen, paimenet sanoivat toisilleen: \"Nyt Betlehemiin! Siell\u00e4 me n\u00e4emme sen, mit\u00e4 on tapahtunut, sen, mink\u00e4 Herra meille ilmoitti.\" <span class='versenumber'>16<\/span>He l\u00e4htiv\u00e4t kiireesti ja l\u00f6ysiv\u00e4t Marian ja Joosefin ja lapsen, joka makasi seimess\u00e4. <span class='versenumber'>17<\/span>T\u00e4m\u00e4n n\u00e4hdess\u00e4\u00e4n he kertoivat, mit\u00e4 heille oli lapsesta sanottu. <span class='versenumber'>18<\/span>Kaikki, jotka kuulivat paimenten sanat, olivat ihmeiss\u00e4\u00e4n. <span class='versenumber'>19<\/span>Mutta Maria k\u00e4tki syd\u00e4meens\u00e4 kaiken, mit\u00e4 oli tapahtunut, ja tutkisteli sit\u00e4. <span class='versenumber'>20<\/span>Paimenet palasivat kiitt\u00e4en ja ylist\u00e4en Jumalaa siit\u00e4, mit\u00e4 olivat kuulleet ja n\u00e4hneet. Kaikki oli juuri niin kuin heille oli sanottu. <\/p>\n\n\n\n<div style=\"height:8px\" aria-hidden=\"true\" class=\"wp-block-spacer\"><\/div>\n\n\n\n<h3 class=\"wp-block-heading has-text-align-center raamisHeader\">Taustaa<\/h3>\n\n\n\n<p>Paimenia katsottiin usein vinoon, erityisesti uskonnollisesti. Heid\u00e4n piti tehd\u00e4 ty\u00f6t\u00e4\u00e4n joka p\u00e4iv\u00e4, jotta lammaslaumat saivat ruokaa, vett\u00e4 ja turvaa, ja siksi paimenet eiv\u00e4t pystyneet pit\u00e4m\u00e4\u00e4n sapattia, jolloin ty\u00f6nteko oli kielletty. Sapatin pyhitt\u00e4misen laiminly\u00f6mist\u00e4 pidettiin vakavana syntin\u00e4. Tuolloin my\u00f6s yhteiskunta v\u00e4heksyi paimenia: he eiv\u00e4t saaneet toimia todistajina oikeudessa.<\/p>\n\n\n\n<p>Tieto Jeesuksen syntym\u00e4st\u00e4 saavutti siis ensimm\u00e4isen\u00e4 sellaisen porukan, jota ei pidetty uskonnollisesti puhtaina eik\u00e4 muutenkaan kunnon kansalaisina \u2013 siit\u00e4k\u00e4\u00e4n huolimatta, ett\u00e4 Betlehemin seudun paimenet huolehtivat my\u00f6s niist\u00e4 lampaista, joita k\u00e4ytettiin uhriel\u00e4imin\u00e4 l\u00e4heisess\u00e4 Jerusalemin temppeliss\u00e4. Jumala valitsi ensitodistajansa toisin! Ne, jotka eiv\u00e4t saaneet todistaa maallisessa oikeudessa, saivat ensimm\u00e4isin\u00e4 todistaa ainutkertaista maailmankaikkeuden tapahtumaa: Jumala syntyi ihmiseksi.<\/p>\n\n\n\n<p>Paimenet eiv\u00e4t miettineet asemaansa, kun he saivat enkelilt\u00e4 tiedon Messiaasta. Heill\u00e4 ei ollut ep\u00e4ilyksen h\u00e4iv\u00e4\u00e4k\u00e4\u00e4n siit\u00e4, oliko enkeleiden sanoma totta. T\u00e4t\u00e4 ihmett\u00e4 piti heti l\u00e4hte\u00e4 katsomaan! He saivat kertoa Jumalan sanoja ensin Marialle ja Joosefille, ja sen j\u00e4lkeen todistaa niiden paikkaansa pit\u00e4vyydest\u00e4 my\u00f6s muille betlehemil\u00e4isille. Paimenet olivat siis ensimm\u00e4isi\u00e4 kristillisi\u00e4 l\u00e4hetysty\u00f6ntekij\u00f6it\u00e4.<\/p>\n\n\n\n<div style=\"height:8px\" aria-hidden=\"true\" class=\"wp-block-spacer\"><\/div>\n\n\n\n<h3 class=\"wp-block-heading has-text-align-center raamisHeader\">Keskustelukysymyksi\u00e4<\/h3>\n\n\n\n<div style=\"height:8px\" aria-hidden=\"true\" class=\"wp-block-spacer\"><\/div>\n\n\n\n<ol class=\"wp-block-list raamiskysymykset\">\n<li>Mill\u00e4 tavalla paimenten itsetunto muuttui n\u00e4iden tapahtumien aikana?<\/li>\n\n\n\n<li>Mik\u00e4 oli paimenten ylistyksen syy?<\/li>\n\n\n\n<li>Mill\u00e4 tavalla sin\u00e4 voit l\u00e4hte\u00e4 katsomaan Jeesusta \u2013 ja kertomaan n\u00e4kem\u00e4st\u00e4si muillekin?<\/li>\n<\/ol>\n\n\n\n<div style=\"height:8px\" aria-hidden=\"true\" class=\"wp-block-spacer\"><\/div>\n\n\n\n<h3 class=\"wp-block-heading has-text-align-center raamisHeader\">Rukous<\/h3>\n\n\n\n<div style=\"height:8px\" aria-hidden=\"true\" class=\"wp-block-spacer\"><\/div>\n\n\n\n<p>Rakas Jumala, kiitos, ett\u00e4 l\u00e4hetit Jeesuksen maailmaan pelastamaan ihmisi\u00e4 kaikista kansoista ja yhteiskuntaluokista. Anna meillekin intoa kertoa siit\u00e4, mit\u00e4 olemme kuulleet ja n\u00e4hneet. Aamen.<\/p>\n<\/div>\n","protected":false},"excerpt":{"rendered":"<p>7. Yll\u00e4tt\u00e4v\u00e4 ilo Luuk. 2:8\u201320 Taustaa Paimenia katsottiin usein vinoon, erityisesti uskonnollisesti. Heid\u00e4n piti tehd\u00e4 ty\u00f6t\u00e4\u00e4n joka p\u00e4iv\u00e4, jotta lammaslaumat saivat ruokaa, vett\u00e4 ja turvaa, ja siksi paimenet eiv\u00e4t pystyneet pit\u00e4m\u00e4\u00e4n sapattia, jolloin ty\u00f6nteko oli kielletty. Sapatin pyhitt\u00e4misen laiminly\u00f6mist\u00e4 pidettiin vakavana syntin\u00e4. Tuolloin my\u00f6s yhteiskunta v\u00e4heksyi paimenia: he eiv\u00e4t saaneet toimia todistajina oikeudessa. Tieto Jeesuksen [&hellip;]<\/p>\n","protected":false},"author":1,"featured_media":0,"parent":2328,"menu_order":0,"comment_status":"closed","ping_status":"closed","template":"","meta":{"_uag_custom_page_level_css":"","footnotes":""},"class_list":["post-2362","page","type-page","status-publish","hentry"],"uagb_featured_image_src":{"full":false,"thumbnail":false,"medium":false,"medium_large":false,"large":false,"1536x1536":false,"2048x2048":false},"uagb_author_info":{"display_name":"admin","author_link":"https:\/\/www.liftari.fi\/2\/author\/admin\/"},"uagb_comment_info":0,"uagb_excerpt":"7. Yll\u00e4tt\u00e4v\u00e4 ilo Luuk. 2:8\u201320 Taustaa Paimenia katsottiin usein vinoon, erityisesti uskonnollisesti. Heid\u00e4n piti tehd\u00e4 ty\u00f6t\u00e4\u00e4n joka p\u00e4iv\u00e4, jotta lammaslaumat saivat ruokaa, vett\u00e4 ja turvaa, ja siksi paimenet eiv\u00e4t pystyneet pit\u00e4m\u00e4\u00e4n sapattia, jolloin ty\u00f6nteko oli kielletty. Sapatin pyhitt\u00e4misen laiminly\u00f6mist\u00e4 pidettiin vakavana syntin\u00e4. Tuolloin my\u00f6s yhteiskunta v\u00e4heksyi paimenia: he eiv\u00e4t saaneet toimia todistajina oikeudessa. Tieto Jeesuksen&hellip;","_links":{"self":[{"href":"https:\/\/www.liftari.fi\/2\/wp-json\/wp\/v2\/pages\/2362","targetHints":{"allow":["GET"]}}],"collection":[{"href":"https:\/\/www.liftari.fi\/2\/wp-json\/wp\/v2\/pages"}],"about":[{"href":"https:\/\/www.liftari.fi\/2\/wp-json\/wp\/v2\/types\/page"}],"author":[{"embeddable":true,"href":"https:\/\/www.liftari.fi\/2\/wp-json\/wp\/v2\/users\/1"}],"replies":[{"embeddable":true,"href":"https:\/\/www.liftari.fi\/2\/wp-json\/wp\/v2\/comments?post=2362"}],"version-history":[{"count":3,"href":"https:\/\/www.liftari.fi\/2\/wp-json\/wp\/v2\/pages\/2362\/revisions"}],"predecessor-version":[{"id":2492,"href":"https:\/\/www.liftari.fi\/2\/wp-json\/wp\/v2\/pages\/2362\/revisions\/2492"}],"up":[{"embeddable":true,"href":"https:\/\/www.liftari.fi\/2\/wp-json\/wp\/v2\/pages\/2328"}],"wp:attachment":[{"href":"https:\/\/www.liftari.fi\/2\/wp-json\/wp\/v2\/media?parent=2362"}],"curies":[{"name":"wp","href":"https:\/\/api.w.org\/{rel}","templated":true}]}}