{"id":2364,"date":"2025-11-14T17:53:47","date_gmt":"2025-11-14T15:53:47","guid":{"rendered":"https:\/\/www.liftari.fi\/2\/?page_id=2364"},"modified":"2025-11-20T12:39:28","modified_gmt":"2025-11-20T10:39:28","slug":"8-ystavan-kanssa-liikkeelle","status":"publish","type":"page","link":"https:\/\/www.liftari.fi\/2\/raamikset\/the-send-jumalan-kutsumat\/8-ystavan-kanssa-liikkeelle\/","title":{"rendered":"8. Yst\u00e4v\u00e4n kanssa liikkeelle"},"content":{"rendered":"\n<div class=\"wp-block-group has-global-padding is-layout-constrained wp-block-group-is-layout-constrained\">\n<div class=\"wp-block-buttons is-content-justification-right is-nowrap is-layout-flex wp-container-core-buttons-is-layout-9b578731 wp-block-buttons-is-layout-flex\" style=\"margin-bottom:0;padding-bottom:var(--wp--preset--spacing--xx-small)\">\n<div class=\"wp-block-button\"><a class=\"wp-block-button__link wp-element-button\" href=\"https:\/\/www.liftari.fi\/2\/raamikset\/\" style=\"border-radius:6px\">Takaisin raamiksiin<\/a><\/div>\n<\/div>\n\n\n\n<div class=\"wp-block-buttons is-content-justification-right is-nowrap is-layout-flex wp-container-core-buttons-is-layout-9b578731 wp-block-buttons-is-layout-flex\" style=\"margin-bottom:0;padding-bottom:var(--wp--preset--spacing--xx-small)\">\n<div class=\"wp-block-button\"><a class=\"wp-block-button__link wp-element-button\" href=\"https:\/\/www.liftari.fi\/2\/raamikset\/the-send-jumalan-kutsumat\/\" style=\"border-radius:6px\">Takaisin sarjaan<\/a><\/div>\n<\/div>\n\n\n\n<h2 class=\"wp-block-heading has-text-align-center has-custom-raamikset-color has-text-color has-link-color wp-elements-79c5bc943a4eb0b258971f2da011a910\">8.<\/h2>\n\n\n\n<h2 class=\"wp-block-heading has-text-align-center has-pure-black-color has-text-color has-link-color wp-elements-1e09db24d2a400236e99083ed08d7b13\">Yst\u00e4v\u00e4n kanssa liikkeelle<\/h2>\n\n\n\n<div style=\"height:8px\" aria-hidden=\"true\" class=\"wp-block-spacer\"><\/div>\n\n\n\n<h3 class=\"wp-block-heading has-text-align-center raamisHeader\">Joh. 15:11\u201317<\/h3>\n\n\n<p><span class='versenumber'>11<\/span>\"Olen puhunut teille t\u00e4m\u00e4n, jotta teill\u00e4 olisi minun iloni syd\u00e4mess\u00e4nne ja teid\u00e4n ilonne tulisi t\u00e4ydelliseksi. <span class='versenumber'>12<\/span>Minun k\u00e4skyni on t\u00e4m\u00e4: rakastakaa toisianne, niin kuin min\u00e4 olen rakastanut teit\u00e4. <span class='versenumber'>13<\/span>Suurempaa rakkautta ei kukaan voi osoittaa, kuin ett\u00e4 antaa henkens\u00e4 yst\u00e4viens\u00e4 puolesta. <span class='versenumber'>14<\/span>Te olette yst\u00e4vi\u00e4ni, kun teette sen mink\u00e4 k\u00e4sken teid\u00e4n tehd\u00e4. <span class='versenumber'>15<\/span>En sano teit\u00e4 en\u00e4\u00e4 palvelijoiksi, sill\u00e4 palvelija ei tunne is\u00e4nt\u00e4ns\u00e4 aikeita. Min\u00e4 sanon teit\u00e4 yst\u00e4vikseni, olenhan saattanut teid\u00e4n tietoonne kaiken, mink\u00e4 olen Is\u00e4lt\u00e4ni kuullut. <span class='versenumber'>16<\/span>Ette te valinneet minua, vaan min\u00e4 valitsin teid\u00e4t, ja minun tahtoni on, ett\u00e4 te l\u00e4hdette liikkeelle ja tuotatte hedelm\u00e4\u00e4, sit\u00e4 hedelm\u00e4\u00e4 joka pysyy. Kun niin teette, Is\u00e4 antaa teille kaiken, mit\u00e4 minun nimess\u00e4ni h\u00e4nelt\u00e4 pyyd\u00e4tte. <span class='versenumber'>17<\/span>T\u00e4m\u00e4n k\u00e4skyn min\u00e4 teille annan: rakastakaa toisianne. <\/p>\n\n\n\n<div style=\"height:8px\" aria-hidden=\"true\" class=\"wp-block-spacer\"><\/div>\n\n\n\n<h3 class=\"wp-block-heading has-text-align-center raamisHeader\">Taustaa<\/h3>\n\n\n\n<p>Toivottavasti sinulla on hyvi\u00e4 yst\u00e4vi\u00e4. Yst\u00e4v\u00e4n kanssa saa olla ihan oma itsens\u00e4, h\u00e4nelle voi puhua rehellisesti ja juuri avoimen ilmapiirin takia h\u00e4nen kanssaan voi my\u00f6s olla hauskaa.<\/p>\n\n\n\n<p>Jeesus kutsuu seuraajiaan yst\u00e4vikseen. H\u00e4n siis haluaa el\u00e4\u00e4 l\u00e4heisess\u00e4 ja avoimessa suhteessa kanssamme. T\u00e4m\u00e4 on isompi asia kuin pystymme ymm\u00e4rt\u00e4m\u00e4\u00e4n \u2013 onhan Jeesus samalla my\u00f6s kaikkivaltias Jumala, joka on luonut meid\u00e4t ja maailmamme ja jolla on voima tehd\u00e4 mit\u00e4 vain. Jeesuksen ja ihmisen v\u00e4linen yst\u00e4vyys vaikuttaa my\u00f6s ihmisten v\u00e4lisiin yst\u00e4vyyssuhteisiin. Ne yst\u00e4v\u00e4t, joiden kanssa voi jakaa yhteisen uskon, ovat aivan erityisi\u00e4.<\/p>\n\n\n\n<p>Joskus ihmisi\u00e4 kehotetaan \u201dvalitsemaan Jeesus\u201d, mutta ensin kuitenkin Jeesus valitsee meid\u00e4t ja kutsuu meit\u00e4. Meid\u00e4n teht\u00e4v\u00e4mme on vastata Jeesuksen kutsuun.<\/p>\n\n\n\n<p>Jeesuksen seuraaminen tarkoittaa my\u00f6s muiden ihmisten palvelemista ja rakastamista. Jeesukseen uskova tuntee syv\u00e4\u00e4 iloa siit\u00e4, ett\u00e4 joku muukin liittyy samaan seuraan ja pelastuu. Jeesuksen seuraajat on tarkoitettu toimimaan yhteisty\u00f6ss\u00e4 evankeliumin sanoman levitt\u00e4jin\u00e4. Ilo pelastuksesta on tarttuvaa.<\/p>\n\n\n\n<div style=\"height:8px\" aria-hidden=\"true\" class=\"wp-block-spacer\"><\/div>\n\n\n\n<h3 class=\"wp-block-heading has-text-align-center raamisHeader\">Keskustelukysymyksi\u00e4<\/h3>\n\n\n\n<div style=\"height:8px\" aria-hidden=\"true\" class=\"wp-block-spacer\"><\/div>\n\n\n\n<ol class=\"wp-block-list raamiskysymykset\">\n<li>Millainen yst\u00e4v\u00e4 Jeesus on sinulle?<\/li>\n\n\n\n<li>Mill\u00e4 tavalla sin\u00e4 olet l\u00e4htenyt liikkeelle?<\/li>\n\n\n\n<li>Millaista on kristittyjen v\u00e4linen rakkaus? Miten se n\u00e4kyy ja toteutuu?<\/li>\n<\/ol>\n\n\n\n<div style=\"height:8px\" aria-hidden=\"true\" class=\"wp-block-spacer\"><\/div>\n\n\n\n<h3 class=\"wp-block-heading has-text-align-center raamisHeader\">Rukous<\/h3>\n\n\n\n<div style=\"height:8px\" aria-hidden=\"true\" class=\"wp-block-spacer\"><\/div>\n\n\n\n<p>Jeesus, kiitos, ett\u00e4 saan olla yst\u00e4v\u00e4si. Ja kiitos niist\u00e4 yst\u00e4vist\u00e4, joita sin\u00e4 olet el\u00e4m\u00e4\u00e4ni johdattanut. Siunaa heit\u00e4 ja anna heid\u00e4n kaikkien oppia tuntemaan my\u00f6s sinut! Aamen.<\/p>\n<\/div>\n","protected":false},"excerpt":{"rendered":"<p>8. Yst\u00e4v\u00e4n kanssa liikkeelle Joh. 15:11\u201317 Taustaa Toivottavasti sinulla on hyvi\u00e4 yst\u00e4vi\u00e4. Yst\u00e4v\u00e4n kanssa saa olla ihan oma itsens\u00e4, h\u00e4nelle voi puhua rehellisesti ja juuri avoimen ilmapiirin takia h\u00e4nen kanssaan voi my\u00f6s olla hauskaa. Jeesus kutsuu seuraajiaan yst\u00e4vikseen. H\u00e4n siis haluaa el\u00e4\u00e4 l\u00e4heisess\u00e4 ja avoimessa suhteessa kanssamme. T\u00e4m\u00e4 on isompi asia kuin pystymme ymm\u00e4rt\u00e4m\u00e4\u00e4n \u2013 [&hellip;]<\/p>\n","protected":false},"author":1,"featured_media":0,"parent":2328,"menu_order":0,"comment_status":"closed","ping_status":"closed","template":"","meta":{"_uag_custom_page_level_css":"","footnotes":""},"class_list":["post-2364","page","type-page","status-publish","hentry"],"uagb_featured_image_src":{"full":false,"thumbnail":false,"medium":false,"medium_large":false,"large":false,"1536x1536":false,"2048x2048":false},"uagb_author_info":{"display_name":"admin","author_link":"https:\/\/www.liftari.fi\/2\/author\/admin\/"},"uagb_comment_info":0,"uagb_excerpt":"8. Yst\u00e4v\u00e4n kanssa liikkeelle Joh. 15:11\u201317 Taustaa Toivottavasti sinulla on hyvi\u00e4 yst\u00e4vi\u00e4. Yst\u00e4v\u00e4n kanssa saa olla ihan oma itsens\u00e4, h\u00e4nelle voi puhua rehellisesti ja juuri avoimen ilmapiirin takia h\u00e4nen kanssaan voi my\u00f6s olla hauskaa. Jeesus kutsuu seuraajiaan yst\u00e4vikseen. H\u00e4n siis haluaa el\u00e4\u00e4 l\u00e4heisess\u00e4 ja avoimessa suhteessa kanssamme. T\u00e4m\u00e4 on isompi asia kuin pystymme ymm\u00e4rt\u00e4m\u00e4\u00e4n \u2013&hellip;","_links":{"self":[{"href":"https:\/\/www.liftari.fi\/2\/wp-json\/wp\/v2\/pages\/2364","targetHints":{"allow":["GET"]}}],"collection":[{"href":"https:\/\/www.liftari.fi\/2\/wp-json\/wp\/v2\/pages"}],"about":[{"href":"https:\/\/www.liftari.fi\/2\/wp-json\/wp\/v2\/types\/page"}],"author":[{"embeddable":true,"href":"https:\/\/www.liftari.fi\/2\/wp-json\/wp\/v2\/users\/1"}],"replies":[{"embeddable":true,"href":"https:\/\/www.liftari.fi\/2\/wp-json\/wp\/v2\/comments?post=2364"}],"version-history":[{"count":3,"href":"https:\/\/www.liftari.fi\/2\/wp-json\/wp\/v2\/pages\/2364\/revisions"}],"predecessor-version":[{"id":2493,"href":"https:\/\/www.liftari.fi\/2\/wp-json\/wp\/v2\/pages\/2364\/revisions\/2493"}],"up":[{"embeddable":true,"href":"https:\/\/www.liftari.fi\/2\/wp-json\/wp\/v2\/pages\/2328"}],"wp:attachment":[{"href":"https:\/\/www.liftari.fi\/2\/wp-json\/wp\/v2\/media?parent=2364"}],"curies":[{"name":"wp","href":"https:\/\/api.w.org\/{rel}","templated":true}]}}