{"id":2368,"date":"2025-11-14T18:03:00","date_gmt":"2025-11-14T16:03:00","guid":{"rendered":"https:\/\/www.liftari.fi\/2\/?page_id=2368"},"modified":"2025-11-20T12:34:30","modified_gmt":"2025-11-20T10:34:30","slug":"10-lupaus-ihmeista","status":"publish","type":"page","link":"https:\/\/www.liftari.fi\/2\/raamikset\/the-send-jumalan-kutsumat\/10-lupaus-ihmeista\/","title":{"rendered":"10. Lupaus ihmeist\u00e4"},"content":{"rendered":"\n<div class=\"wp-block-group has-global-padding is-layout-constrained wp-block-group-is-layout-constrained\">\n<div class=\"wp-block-buttons is-content-justification-right is-nowrap is-layout-flex wp-container-core-buttons-is-layout-9b578731 wp-block-buttons-is-layout-flex\" style=\"margin-bottom:0;padding-bottom:var(--wp--preset--spacing--xx-small)\">\n<div class=\"wp-block-button\"><a class=\"wp-block-button__link wp-element-button\" href=\"https:\/\/www.liftari.fi\/2\/raamikset\/\" style=\"border-radius:6px\">Takaisin raamiksiin<\/a><\/div>\n<\/div>\n\n\n\n<div class=\"wp-block-buttons is-content-justification-right is-nowrap is-layout-flex wp-container-core-buttons-is-layout-9b578731 wp-block-buttons-is-layout-flex\" style=\"margin-bottom:0;padding-bottom:var(--wp--preset--spacing--xx-small)\">\n<div class=\"wp-block-button\"><a class=\"wp-block-button__link wp-element-button\" href=\"https:\/\/www.liftari.fi\/2\/raamikset\/the-send-jumalan-kutsumat\/\" style=\"border-radius:6px\">Takaisin sarjaan<\/a><\/div>\n<\/div>\n\n\n\n<h2 class=\"wp-block-heading has-text-align-center has-custom-raamikset-color has-text-color has-link-color wp-elements-394ba714395a89318165b65c83812a56\">10.<\/h2>\n\n\n\n<h2 class=\"wp-block-heading has-text-align-center has-pure-black-color has-text-color has-link-color wp-elements-d7790f6497fcff25f9a2e79560a24b3b\">Lupaus ihmeist\u00e4<\/h2>\n\n\n\n<div style=\"height:8px\" aria-hidden=\"true\" class=\"wp-block-spacer\"><\/div>\n\n\n\n<h3 class=\"wp-block-heading has-text-align-center raamisHeader\">Mark. 16:15\u201320<\/h3>\n\n\n<p><span class='versenumber'>15<\/span>H\u00e4n sanoi heille: \"Menk\u00e4\u00e4 kaikkialle maailmaan ja julistakaa evankeliumi kaikille luoduille. <span class='versenumber'>16<\/span>Joka sen uskoo ja saa kasteen, on pelastuva. Joka ei usko, se tuomitaan kadotukseen. <span class='versenumber'>17<\/span>Ja niit\u00e4, jotka uskovat, seuraavat n\u00e4m\u00e4 tunnusmerkit: Minun nimiss\u00e4ni he ajavat pois pahoja henki\u00e4. He puhuvat vierailla kielill\u00e4. <span class='versenumber'>18<\/span>He tarttuvat k\u00e4sin k\u00e4\u00e4rmeisiin, ja vaikka he juovat tappavaa myrkky\u00e4, se ei vahingoita heit\u00e4. He panevat k\u00e4tens\u00e4 sairaiden p\u00e4\u00e4lle, ja n\u00e4m\u00e4 paranevat.\" <span class='versenumber'>19<\/span>Kun Herra Jeesus oli puhunut heille t\u00e4m\u00e4n, h\u00e4net otettiin yl\u00f6s taivaaseen ja h\u00e4n istuutui Jumalan oikealle puolelle. <span class='versenumber'>20<\/span>Opetuslapset l\u00e4htiv\u00e4t matkaan ja saarnasivat kaikkialla. Herra toimi heid\u00e4n kanssaan ja vahvisti sanan tunnusmerkeill\u00e4. <\/p>\n\n\n\n<div style=\"height:8px\" aria-hidden=\"true\" class=\"wp-block-spacer\"><\/div>\n\n\n\n<h3 class=\"wp-block-heading has-text-align-center raamisHeader\">Taustaa<\/h3>\n\n\n\n<p>Kunkin evankeliumin kirjoittajalla oli oma tyylins\u00e4, tapansa ja n\u00e4k\u00f6kulmansa tuoda esille asioita ja tapahtumia. Evankelista Markus oli ilmaisultaan tiivissanainen ja h\u00e4n kertoi Jeesuksesta lyhyesti ja ytimekk\u00e4\u00e4sti. Tied\u00e4mme, ett\u00e4 Jeesuksen antaman l\u00e4hetysk\u00e4skyn ja h\u00e4nen taivaaseenastumisensa v\u00e4lisen\u00e4 aikana tapahtui monenlaista, mutta Markus ei sis\u00e4llytt\u00e4nyt sit\u00e4 kaikkea omaan tekstiins\u00e4. Jeesuksen taivaaseenastumisen ja l\u00e4hetysty\u00f6n alkamisen v\u00e4liss\u00e4 oli helluntai, jota Markus ei my\u00f6sk\u00e4\u00e4n mainitse.<\/p>\n\n\n\n<p>Kuitenkin Markus kertoo tarkasti l\u00e4hetysk\u00e4skyyn liitetyist\u00e4 lupauksista. Ehk\u00e4p\u00e4 h\u00e4n oli itse saanut todistaa niiden toteutumista, ja ne olivat h\u00e4nelle siksi niin t\u00e4rkeit\u00e4, ett\u00e4 ne piti kirjata evankeliumiin. L\u00e4hetysteht\u00e4v\u00e4ksi annettiin opetus ja kastaminen, mutta Jumala vahvisti l\u00e4hettej\u00e4 my\u00f6s tunnusmerkeill\u00e4 \u2013 jotka olivat toki todistusta my\u00f6s l\u00e4hetysty\u00f6n kohteena oleville ihmisille.<\/p>\n\n\n\n<p>Oletko itse saanut todistaa n\u00e4it\u00e4 merkkej\u00e4: pahojen henkien l\u00e4htemist\u00e4, vierailla kielill\u00e4 puhumista, myrkyilt\u00e4 varjeltumista tai sairaiden paranemista? Apostolien teoissa kerrotaan l\u00e4hetysty\u00f6n alkuvaiheista, ja n\u00e4m\u00e4 kaikki merkit ovat siell\u00e4 esill\u00e4. Jumala on edelleenkin sama, ja n\u00e4m\u00e4 lupaukset on tarkoitettu kaikille, jotka uskovat Jeesukseen. Kaikki tunnusmerkit toteutuvat Jeesuksen nimess\u00e4 (j. 17), eik\u00e4 ihmisen uskon m\u00e4\u00e4r\u00e4 vaikuta niihin. Jeesus toimii l\u00e4hetysty\u00f6ss\u00e4 olevien kautta kulloinkin tarvittavalla tavalla.<\/p>\n\n\n\n<div style=\"height:8px\" aria-hidden=\"true\" class=\"wp-block-spacer\"><\/div>\n\n\n\n<h3 class=\"wp-block-heading has-text-align-center raamisHeader\">Keskustelukysymyksi\u00e4<\/h3>\n\n\n\n<div style=\"height:8px\" aria-hidden=\"true\" class=\"wp-block-spacer\"><\/div>\n\n\n\n<ol class=\"wp-block-list raamiskysymykset\">\n<li>Mill\u00e4 tavalla ihminen pelastuu?<\/li>\n\n\n\n<li>Miten t\u00e4rkeit\u00e4 erilaiset tunnusmerkit mielest\u00e4si ovat? Miss\u00e4 tilanteissa ne ovat t\u00e4rkeit\u00e4?<\/li>\n\n\n\n<li>Mit\u00e4 hy\u00f6ty\u00e4 on siit\u00e4, ett\u00e4 Jeesus astui taivaaseen eik\u00e4 j\u00e4\u00e4nyt maan p\u00e4\u00e4lle?<\/li>\n<\/ol>\n\n\n\n<div style=\"height:8px\" aria-hidden=\"true\" class=\"wp-block-spacer\"><\/div>\n\n\n\n<h3 class=\"wp-block-heading has-text-align-center raamisHeader\">Rukous<\/h3>\n\n\n\n<div style=\"height:8px\" aria-hidden=\"true\" class=\"wp-block-spacer\"><\/div>\n\n\n\n<p>Rakas Jeesus, kasvata luottamustani sinuun. Kiitos, ett\u00e4 toimit edelleen ihmisten parissa ja olet kaikkien pahan valtojen voittaja. Aamen.<\/p>\n<\/div>\n","protected":false},"excerpt":{"rendered":"<p>10. Lupaus ihmeist\u00e4 Mark. 16:15\u201320 Taustaa Kunkin evankeliumin kirjoittajalla oli oma tyylins\u00e4, tapansa ja n\u00e4k\u00f6kulmansa tuoda esille asioita ja tapahtumia. Evankelista Markus oli ilmaisultaan tiivissanainen ja h\u00e4n kertoi Jeesuksesta lyhyesti ja ytimekk\u00e4\u00e4sti. Tied\u00e4mme, ett\u00e4 Jeesuksen antaman l\u00e4hetysk\u00e4skyn ja h\u00e4nen taivaaseenastumisensa v\u00e4lisen\u00e4 aikana tapahtui monenlaista, mutta Markus ei sis\u00e4llytt\u00e4nyt sit\u00e4 kaikkea omaan tekstiins\u00e4. Jeesuksen taivaaseenastumisen ja [&hellip;]<\/p>\n","protected":false},"author":1,"featured_media":0,"parent":2328,"menu_order":0,"comment_status":"closed","ping_status":"closed","template":"","meta":{"_uag_custom_page_level_css":"","footnotes":""},"class_list":["post-2368","page","type-page","status-publish","hentry"],"uagb_featured_image_src":{"full":false,"thumbnail":false,"medium":false,"medium_large":false,"large":false,"1536x1536":false,"2048x2048":false},"uagb_author_info":{"display_name":"admin","author_link":"https:\/\/www.liftari.fi\/2\/author\/admin\/"},"uagb_comment_info":0,"uagb_excerpt":"10. Lupaus ihmeist\u00e4 Mark. 16:15\u201320 Taustaa Kunkin evankeliumin kirjoittajalla oli oma tyylins\u00e4, tapansa ja n\u00e4k\u00f6kulmansa tuoda esille asioita ja tapahtumia. Evankelista Markus oli ilmaisultaan tiivissanainen ja h\u00e4n kertoi Jeesuksesta lyhyesti ja ytimekk\u00e4\u00e4sti. Tied\u00e4mme, ett\u00e4 Jeesuksen antaman l\u00e4hetysk\u00e4skyn ja h\u00e4nen taivaaseenastumisensa v\u00e4lisen\u00e4 aikana tapahtui monenlaista, mutta Markus ei sis\u00e4llytt\u00e4nyt sit\u00e4 kaikkea omaan tekstiins\u00e4. Jeesuksen taivaaseenastumisen ja&hellip;","_links":{"self":[{"href":"https:\/\/www.liftari.fi\/2\/wp-json\/wp\/v2\/pages\/2368","targetHints":{"allow":["GET"]}}],"collection":[{"href":"https:\/\/www.liftari.fi\/2\/wp-json\/wp\/v2\/pages"}],"about":[{"href":"https:\/\/www.liftari.fi\/2\/wp-json\/wp\/v2\/types\/page"}],"author":[{"embeddable":true,"href":"https:\/\/www.liftari.fi\/2\/wp-json\/wp\/v2\/users\/1"}],"replies":[{"embeddable":true,"href":"https:\/\/www.liftari.fi\/2\/wp-json\/wp\/v2\/comments?post=2368"}],"version-history":[{"count":3,"href":"https:\/\/www.liftari.fi\/2\/wp-json\/wp\/v2\/pages\/2368\/revisions"}],"predecessor-version":[{"id":2482,"href":"https:\/\/www.liftari.fi\/2\/wp-json\/wp\/v2\/pages\/2368\/revisions\/2482"}],"up":[{"embeddable":true,"href":"https:\/\/www.liftari.fi\/2\/wp-json\/wp\/v2\/pages\/2328"}],"wp:attachment":[{"href":"https:\/\/www.liftari.fi\/2\/wp-json\/wp\/v2\/media?parent=2368"}],"curies":[{"name":"wp","href":"https:\/\/api.w.org\/{rel}","templated":true}]}}