{"id":2370,"date":"2025-11-14T18:13:32","date_gmt":"2025-11-14T16:13:32","guid":{"rendered":"https:\/\/www.liftari.fi\/2\/?page_id=2370"},"modified":"2025-11-20T12:34:56","modified_gmt":"2025-11-20T10:34:56","slug":"11-lahtijan-checklist","status":"publish","type":"page","link":"https:\/\/www.liftari.fi\/2\/raamikset\/the-send-jumalan-kutsumat\/11-lahtijan-checklist\/","title":{"rendered":"11. L\u00e4htij\u00e4n checklist"},"content":{"rendered":"\n<div class=\"wp-block-group has-global-padding is-layout-constrained wp-block-group-is-layout-constrained\">\n<div class=\"wp-block-buttons is-content-justification-right is-nowrap is-layout-flex wp-container-core-buttons-is-layout-9b578731 wp-block-buttons-is-layout-flex\" style=\"margin-bottom:0;padding-bottom:var(--wp--preset--spacing--xx-small)\">\n<div class=\"wp-block-button\"><a class=\"wp-block-button__link wp-element-button\" href=\"https:\/\/www.liftari.fi\/2\/raamikset\/\" style=\"border-radius:6px\">Takaisin raamiksiin<\/a><\/div>\n<\/div>\n\n\n\n<div class=\"wp-block-buttons is-content-justification-right is-nowrap is-layout-flex wp-container-core-buttons-is-layout-9b578731 wp-block-buttons-is-layout-flex\" style=\"margin-bottom:0;padding-bottom:var(--wp--preset--spacing--xx-small)\">\n<div class=\"wp-block-button\"><a class=\"wp-block-button__link wp-element-button\" href=\"https:\/\/www.liftari.fi\/2\/raamikset\/the-send-jumalan-kutsumat\/\" style=\"border-radius:6px\">Takaisin sarjaan<\/a><\/div>\n<\/div>\n\n\n\n<h2 class=\"wp-block-heading has-text-align-center has-custom-raamikset-color has-text-color has-link-color wp-elements-8d13c33ceab9e3958ba412b1d6347366\">11.<\/h2>\n\n\n\n<h2 class=\"wp-block-heading has-text-align-center has-pure-black-color has-text-color has-link-color wp-elements-0b1ad3c814900cb496659e6a4a1ea369\">L\u00e4htij\u00e4n checklist<\/h2>\n\n\n\n<div style=\"height:8px\" aria-hidden=\"true\" class=\"wp-block-spacer\"><\/div>\n\n\n\n<h3 class=\"wp-block-heading has-text-align-center raamisHeader\">Ap. t. 13:1\u20133<\/h3>\n\n\n<p><\/p><p><span class='versenumber'>1<\/span>Antiokian seurakunnassa oli profeettoja ja opettajia: Barnabas ja Simeon, josta k\u00e4ytettiin nime\u00e4 Niger, kyrenel\u00e4inen Lukios, Menahem, joka oli nelj\u00e4nnesruhtinas Herodeksen kasvinkumppani, sek\u00e4 Saul. <span class='versenumber'>2<\/span>Kerran, kun he olivat palvelemassa Herraa ja paastoamassa, Pyh\u00e4 Henki sanoi: \"Erottakaa Barnabas ja Saul minun ty\u00f6h\u00f6ni, siihen teht\u00e4v\u00e4\u00e4n, johon min\u00e4 olen heid\u00e4t kutsunut.\" <span class='versenumber'>3<\/span>Niin he paastosivat ja rukoilivat, ja sitten he panivat k\u00e4tens\u00e4 n\u00e4iden kahden p\u00e4\u00e4lle ja l\u00e4hettiv\u00e4t heid\u00e4t matkaan. <\/p>\n\n\n\n<div style=\"height:8px\" aria-hidden=\"true\" class=\"wp-block-spacer\"><\/div>\n\n\n\n<h3 class=\"wp-block-heading has-text-align-center raamisHeader\">Taustaa<\/h3>\n\n\n\n<p>Oletko miettinyt l\u00e4hetysty\u00f6h\u00f6n l\u00e4htemist\u00e4? Millaisia keinoja olet k\u00e4ytt\u00e4nyt selvitt\u00e4\u00e4ksesi, onko l\u00e4hetysty\u00f6 sinun paikkasi? Antiokian seurakunnan toiminta antaa monta hyv\u00e4\u00e4 vinkki\u00e4 siihen, miten asiassa kannattaa edet\u00e4.<\/p>\n\n\n\n<p>V\u00e4limeren rannalla Antiokiassa Jeesuksen seuraajia alettiin ensimm\u00e4iseksi kutsua kristityiksi (Ap. t. 11:26). Paavali (alkuaan Saul) oli jo pitk\u00e4\u00e4n toiminut Antiokian seurakunnassa Barnabaksen, rohkaisijan, kanssa. N\u00e4m\u00e4 kaksi asiaa ovatkin l\u00e4hetysty\u00f6ntekij\u00e4lle t\u00e4rkeit\u00e4: h\u00e4nen on oltava kristitty eli Kristuksen oma ja h\u00e4nell\u00e4 t\u00e4ytyy olla kokemusta hengellisest\u00e4 ty\u00f6st\u00e4.<\/p>\n\n\n\n<p>Barnabas ja Paavali olivat siis sis\u00e4isesti ja hengellisesti valmiita l\u00e4hetysty\u00f6h\u00f6n. Mutta viel\u00e4 tarvittiin sek\u00e4 seurakunnan ett\u00e4 Jumalan kutsu l\u00e4hte\u00e4. Evankeliumin kertominen ei-juutalaisille oli tuolloin viel\u00e4 aivan uutta ja jopa radikaalia toimintaa. Siksi Pyh\u00e4n Hengen piti ilmaista l\u00e4hetyskutsu todella selke\u00e4sti.<\/p>\n\n\n\n<p>Jollei seurakunta olisi rukoillut ja paastonnut, he eiv\u00e4t ehk\u00e4 olisi kuulleet tuota Jumalan kehotusta. Kutsun saamisenkin j\u00e4lkeen he rukoilivat yhdess\u00e4, ehk\u00e4 pitk\u00e4\u00e4nkin. L\u00e4hetysteht\u00e4v\u00e4 on siis koko seurakunnan teht\u00e4v\u00e4. L\u00e4ht\u00f6k\u00e4sky on annettu koko seurakunnalle: jotkut l\u00e4htev\u00e4t ja kaikki muut l\u00e4hett\u00e4v\u00e4t. L\u00e4hetysty\u00f6t\u00e4 ei edelleenk\u00e4\u00e4n tehd\u00e4 yksityisyritt\u00e4j\u00e4n asenteella, vaan jokaisella l\u00e4hetysty\u00f6ntekij\u00e4ll\u00e4 tulee olla l\u00e4hett\u00e4ji\u00e4, jotka tukevat l\u00e4htij\u00e4\u00e4 rukouksin ja taloudellisesti.<\/p>\n\n\n\n<div style=\"height:8px\" aria-hidden=\"true\" class=\"wp-block-spacer\"><\/div>\n\n\n\n<h3 class=\"wp-block-heading has-text-align-center raamisHeader\">Keskustelukysymyksi\u00e4<\/h3>\n\n\n\n<div style=\"height:8px\" aria-hidden=\"true\" class=\"wp-block-spacer\"><\/div>\n\n\n\n<ol class=\"wp-block-list raamiskysymykset\">\n<li>Mit\u00e4 tarkoittaa se, ett\u00e4 seurakunta \u201dpalvelee Herraa\u201d (j. 2)?<\/li>\n\n\n\n<li>Kenen ty\u00f6t\u00e4 l\u00e4hetysty\u00f6 on?<\/li>\n\n\n\n<li>Oletko sin\u00e4 toiminut l\u00e4hett\u00e4j\u00e4n\u00e4? Jollet, kenen l\u00e4hett\u00e4j\u00e4ksi voisit ryhty\u00e4?<\/li>\n<\/ol>\n\n\n\n<div style=\"height:8px\" aria-hidden=\"true\" class=\"wp-block-spacer\"><\/div>\n\n\n\n<h3 class=\"wp-block-heading has-text-align-center raamisHeader\">Rukous<\/h3>\n\n\n\n<div style=\"height:8px\" aria-hidden=\"true\" class=\"wp-block-spacer\"><\/div>\n\n\n\n<p>Jeesus, kiitos siit\u00e4, ett\u00e4 evankeliumi on tarkoitettu koko maailmalle. Osoita minulle, onko paikkani toimia l\u00e4htij\u00e4n\u00e4 vai l\u00e4hett\u00e4j\u00e4n\u00e4. Johdata minua oikeaan suuntaan. Aamen.<\/p>\n<\/div>\n","protected":false},"excerpt":{"rendered":"<p>11. L\u00e4htij\u00e4n checklist Ap. t. 13:1\u20133 Taustaa Oletko miettinyt l\u00e4hetysty\u00f6h\u00f6n l\u00e4htemist\u00e4? Millaisia keinoja olet k\u00e4ytt\u00e4nyt selvitt\u00e4\u00e4ksesi, onko l\u00e4hetysty\u00f6 sinun paikkasi? Antiokian seurakunnan toiminta antaa monta hyv\u00e4\u00e4 vinkki\u00e4 siihen, miten asiassa kannattaa edet\u00e4. V\u00e4limeren rannalla Antiokiassa Jeesuksen seuraajia alettiin ensimm\u00e4iseksi kutsua kristityiksi (Ap. t. 11:26). Paavali (alkuaan Saul) oli jo pitk\u00e4\u00e4n toiminut Antiokian seurakunnassa Barnabaksen, rohkaisijan, [&hellip;]<\/p>\n","protected":false},"author":1,"featured_media":0,"parent":2328,"menu_order":0,"comment_status":"closed","ping_status":"closed","template":"","meta":{"_uag_custom_page_level_css":"","footnotes":""},"class_list":["post-2370","page","type-page","status-publish","hentry"],"uagb_featured_image_src":{"full":false,"thumbnail":false,"medium":false,"medium_large":false,"large":false,"1536x1536":false,"2048x2048":false},"uagb_author_info":{"display_name":"admin","author_link":"https:\/\/www.liftari.fi\/2\/author\/admin\/"},"uagb_comment_info":0,"uagb_excerpt":"11. L\u00e4htij\u00e4n checklist Ap. t. 13:1\u20133 Taustaa Oletko miettinyt l\u00e4hetysty\u00f6h\u00f6n l\u00e4htemist\u00e4? Millaisia keinoja olet k\u00e4ytt\u00e4nyt selvitt\u00e4\u00e4ksesi, onko l\u00e4hetysty\u00f6 sinun paikkasi? Antiokian seurakunnan toiminta antaa monta hyv\u00e4\u00e4 vinkki\u00e4 siihen, miten asiassa kannattaa edet\u00e4. V\u00e4limeren rannalla Antiokiassa Jeesuksen seuraajia alettiin ensimm\u00e4iseksi kutsua kristityiksi (Ap. t. 11:26). Paavali (alkuaan Saul) oli jo pitk\u00e4\u00e4n toiminut Antiokian seurakunnassa Barnabaksen, rohkaisijan,&hellip;","_links":{"self":[{"href":"https:\/\/www.liftari.fi\/2\/wp-json\/wp\/v2\/pages\/2370","targetHints":{"allow":["GET"]}}],"collection":[{"href":"https:\/\/www.liftari.fi\/2\/wp-json\/wp\/v2\/pages"}],"about":[{"href":"https:\/\/www.liftari.fi\/2\/wp-json\/wp\/v2\/types\/page"}],"author":[{"embeddable":true,"href":"https:\/\/www.liftari.fi\/2\/wp-json\/wp\/v2\/users\/1"}],"replies":[{"embeddable":true,"href":"https:\/\/www.liftari.fi\/2\/wp-json\/wp\/v2\/comments?post=2370"}],"version-history":[{"count":3,"href":"https:\/\/www.liftari.fi\/2\/wp-json\/wp\/v2\/pages\/2370\/revisions"}],"predecessor-version":[{"id":2483,"href":"https:\/\/www.liftari.fi\/2\/wp-json\/wp\/v2\/pages\/2370\/revisions\/2483"}],"up":[{"embeddable":true,"href":"https:\/\/www.liftari.fi\/2\/wp-json\/wp\/v2\/pages\/2328"}],"wp:attachment":[{"href":"https:\/\/www.liftari.fi\/2\/wp-json\/wp\/v2\/media?parent=2370"}],"curies":[{"name":"wp","href":"https:\/\/api.w.org\/{rel}","templated":true}]}}