{"id":2372,"date":"2025-11-14T18:18:06","date_gmt":"2025-11-14T16:18:06","guid":{"rendered":"https:\/\/www.liftari.fi\/2\/?page_id=2372"},"modified":"2025-11-20T12:35:28","modified_gmt":"2025-11-20T10:35:28","slug":"12-sina-olet-tahti","status":"publish","type":"page","link":"https:\/\/www.liftari.fi\/2\/raamikset\/the-send-jumalan-kutsumat\/12-sina-olet-tahti\/","title":{"rendered":"12. Sin\u00e4 olet t\u00e4hti"},"content":{"rendered":"\n<div class=\"wp-block-group has-global-padding is-layout-constrained wp-block-group-is-layout-constrained\">\n<div class=\"wp-block-buttons is-content-justification-right is-nowrap is-layout-flex wp-container-core-buttons-is-layout-9b578731 wp-block-buttons-is-layout-flex\" style=\"margin-bottom:0;padding-bottom:var(--wp--preset--spacing--xx-small)\">\n<div class=\"wp-block-button\"><a class=\"wp-block-button__link wp-element-button\" href=\"https:\/\/www.liftari.fi\/2\/raamikset\/\" style=\"border-radius:6px\">Takaisin raamiksiin<\/a><\/div>\n<\/div>\n\n\n\n<div class=\"wp-block-buttons is-content-justification-right is-nowrap is-layout-flex wp-container-core-buttons-is-layout-9b578731 wp-block-buttons-is-layout-flex\" style=\"margin-bottom:0;padding-bottom:var(--wp--preset--spacing--xx-small)\">\n<div class=\"wp-block-button\"><a class=\"wp-block-button__link wp-element-button\" href=\"https:\/\/www.liftari.fi\/2\/raamikset\/the-send-jumalan-kutsumat\/\" style=\"border-radius:6px\">Takaisin sarjaan<\/a><\/div>\n<\/div>\n\n\n\n<h2 class=\"wp-block-heading has-text-align-center has-custom-raamikset-color has-text-color has-link-color wp-elements-0605f0dc623f3af6ed189e1e46360ea1\">12.<\/h2>\n\n\n\n<h2 class=\"wp-block-heading has-text-align-center has-pure-black-color has-text-color has-link-color wp-elements-39166944383fbf42d8433968f168ad5a\">Sin\u00e4 olet t\u00e4hti<\/h2>\n\n\n\n<div style=\"height:8px\" aria-hidden=\"true\" class=\"wp-block-spacer\"><\/div>\n\n\n\n<h3 class=\"wp-block-heading has-text-align-center raamisHeader\">Fil. 2:13\u201316<\/h3>\n\n\n<p><span class='versenumber'>13<\/span>Jumala saa teiss\u00e4 aikaan sen, ett\u00e4 tahdotte tehd\u00e4 ja my\u00f6s teette niin kuin on h\u00e4nen hyv\u00e4 tarkoituksensa. <span class='versenumber'>14<\/span>Tehk\u00e4\u00e4 kaikki nurisematta ja empim\u00e4tt\u00e4, <span class='versenumber'>15<\/span>jotta olisitte moitteettomia ja puhtaita, nuhteettomia Jumalan lapsia t\u00e4m\u00e4n kieroutuneen ja turmeltuneen sukukunnan keskell\u00e4. Te loistatte siin\u00e4 kuin t\u00e4hdet taivaalla, <span class='versenumber'>16<\/span>kun pid\u00e4tte esill\u00e4 el\u00e4m\u00e4n sanaa, ja min\u00e4 voin Kristuksen tulemisen p\u00e4iv\u00e4n\u00e4 ylpeill\u00e4 siit\u00e4, ett\u00e4 en ole turhan vuoksi ponnistellut ja n\u00e4hnyt vaivaa. <\/p>\n\n\n\n<div style=\"height:8px\" aria-hidden=\"true\" class=\"wp-block-spacer\"><\/div>\n\n\n\n<h3 class=\"wp-block-heading has-text-align-center raamisHeader\">Taustaa<\/h3>\n\n\n\n<p>Monet haluaisivat olla jossain asiassa niin hyvi\u00e4, ett\u00e4 heit\u00e4 kutsuttaisiin t\u00e4hdiksi. T\u00e4htimuusikot ja urheilut\u00e4hdet saavat huomiota, ja sen my\u00f6t\u00e4 yleens\u00e4 my\u00f6s varallisuutta. T\u00e4hteys houkuttelee.<\/p>\n\n\n\n<p>Kristittykin voi olla ainakin yhdell\u00e4 tavalla t\u00e4hti: Jeesuksen valoa heijastamalla. Jeesuksen kirkkaus loistaa selkeimmin Raamatun sanassa. Siihen syventym\u00e4ll\u00e4 ja sit\u00e4 esill\u00e4 pit\u00e4m\u00e4ll\u00e4 voit loistaa Jeesus-valoa kuin t\u00e4hti t\u00e4ss\u00e4 pime\u00e4ss\u00e4 maailmassa. Voi vaikkapa olla raamatturyhm\u00e4n vet\u00e4j\u00e4, pit\u00e4\u00e4 kristillist\u00e4 kerhoa tai pyh\u00e4koulua, voi lukea \u00e4\u00e4neen Raamattua n\u00e4k\u00f6kykyns\u00e4 menett\u00e4neelle ik\u00e4ihmiselle (tai nuorelle) tai tehd\u00e4 somessa kristillisi\u00e4 p\u00e4ivityksi\u00e4 ja jakaa siell\u00e4 raamatunlauseita jne.<\/p>\n\n\n\n<p>L\u00e4hetysty\u00f6 perustuu kokonaisuudessaan Jumalan sanaan. Vain Raamatussa kerrotaan l\u00e4hetysty\u00f6n perusta: sen l\u00e4ht\u00f6kohtana on Jeesuksen yl\u00f6snousemus ja h\u00e4nen antamansa l\u00e4hetysk\u00e4sky. Raamattu kertoo, miten helluntaina Pyh\u00e4 Henki antoi Jeesuksen seuraajille rohkeuden ja viisauden kertoa evankeliumia. Raamatusta voimme my\u00f6s lukea, millaisia lupauksia Jumala on omilleen antanut, ja miten ja kenelle ensimm\u00e4iset kristityt l\u00e4htiv\u00e4t viem\u00e4\u00e4n sanomaa Jeesuksesta. Siksi Raamatun lukeminen ja sen sanoman sis\u00e4ist\u00e4minen ovat ehdottoman t\u00e4rkeit\u00e4 sek\u00e4 l\u00e4hetysty\u00f6h\u00f6n l\u00e4htij\u00f6ille ett\u00e4 heid\u00e4n l\u00e4hett\u00e4jilleen.<\/p>\n\n\n\n<div style=\"height:8px\" aria-hidden=\"true\" class=\"wp-block-spacer\"><\/div>\n\n\n\n<h3 class=\"wp-block-heading has-text-align-center raamisHeader\">Keskustelukysymyksi\u00e4<\/h3>\n\n\n\n<div style=\"height:8px\" aria-hidden=\"true\" class=\"wp-block-spacer\"><\/div>\n\n\n\n<ol class=\"wp-block-list raamiskysymykset\">\n<li>Millaisia ajatuksia sinulle her\u00e4\u00e4 jakeesta 13?<\/li>\n\n\n\n<li>Mill\u00e4 tavalla voisi oppia paremmin toimimaan Jumalan tahdon mukaisesti ilman valitusta ja ep\u00e4ilyj\u00e4?<\/li>\n\n\n\n<li>Miksi Raamattua kutsutaan El\u00e4m\u00e4n sanaksi?<\/li>\n<\/ol>\n\n\n\n<div style=\"height:8px\" aria-hidden=\"true\" class=\"wp-block-spacer\"><\/div>\n\n\n\n<h3 class=\"wp-block-heading has-text-align-center raamisHeader\">Rukous<\/h3>\n\n\n\n<div style=\"height:8px\" aria-hidden=\"true\" class=\"wp-block-spacer\"><\/div>\n\n\n\n<p>Jeesus, anna minulle intoa lukea Raamattua ja viisautta ymm\u00e4rt\u00e4\u00e4 lukemaani. Johdata minua sanasi kautta toimimaan tahtosi mukaan. Aamen.<\/p>\n<\/div>\n","protected":false},"excerpt":{"rendered":"<p>12. Sin\u00e4 olet t\u00e4hti Fil. 2:13\u201316 Taustaa Monet haluaisivat olla jossain asiassa niin hyvi\u00e4, ett\u00e4 heit\u00e4 kutsuttaisiin t\u00e4hdiksi. T\u00e4htimuusikot ja urheilut\u00e4hdet saavat huomiota, ja sen my\u00f6t\u00e4 yleens\u00e4 my\u00f6s varallisuutta. T\u00e4hteys houkuttelee. Kristittykin voi olla ainakin yhdell\u00e4 tavalla t\u00e4hti: Jeesuksen valoa heijastamalla. Jeesuksen kirkkaus loistaa selkeimmin Raamatun sanassa. Siihen syventym\u00e4ll\u00e4 ja sit\u00e4 esill\u00e4 pit\u00e4m\u00e4ll\u00e4 voit loistaa [&hellip;]<\/p>\n","protected":false},"author":1,"featured_media":0,"parent":2328,"menu_order":0,"comment_status":"closed","ping_status":"closed","template":"","meta":{"_uag_custom_page_level_css":"","footnotes":""},"class_list":["post-2372","page","type-page","status-publish","hentry"],"uagb_featured_image_src":{"full":false,"thumbnail":false,"medium":false,"medium_large":false,"large":false,"1536x1536":false,"2048x2048":false},"uagb_author_info":{"display_name":"admin","author_link":"https:\/\/www.liftari.fi\/2\/author\/admin\/"},"uagb_comment_info":0,"uagb_excerpt":"12. Sin\u00e4 olet t\u00e4hti Fil. 2:13\u201316 Taustaa Monet haluaisivat olla jossain asiassa niin hyvi\u00e4, ett\u00e4 heit\u00e4 kutsuttaisiin t\u00e4hdiksi. T\u00e4htimuusikot ja urheilut\u00e4hdet saavat huomiota, ja sen my\u00f6t\u00e4 yleens\u00e4 my\u00f6s varallisuutta. T\u00e4hteys houkuttelee. Kristittykin voi olla ainakin yhdell\u00e4 tavalla t\u00e4hti: Jeesuksen valoa heijastamalla. Jeesuksen kirkkaus loistaa selkeimmin Raamatun sanassa. Siihen syventym\u00e4ll\u00e4 ja sit\u00e4 esill\u00e4 pit\u00e4m\u00e4ll\u00e4 voit loistaa&hellip;","_links":{"self":[{"href":"https:\/\/www.liftari.fi\/2\/wp-json\/wp\/v2\/pages\/2372","targetHints":{"allow":["GET"]}}],"collection":[{"href":"https:\/\/www.liftari.fi\/2\/wp-json\/wp\/v2\/pages"}],"about":[{"href":"https:\/\/www.liftari.fi\/2\/wp-json\/wp\/v2\/types\/page"}],"author":[{"embeddable":true,"href":"https:\/\/www.liftari.fi\/2\/wp-json\/wp\/v2\/users\/1"}],"replies":[{"embeddable":true,"href":"https:\/\/www.liftari.fi\/2\/wp-json\/wp\/v2\/comments?post=2372"}],"version-history":[{"count":3,"href":"https:\/\/www.liftari.fi\/2\/wp-json\/wp\/v2\/pages\/2372\/revisions"}],"predecessor-version":[{"id":2484,"href":"https:\/\/www.liftari.fi\/2\/wp-json\/wp\/v2\/pages\/2372\/revisions\/2484"}],"up":[{"embeddable":true,"href":"https:\/\/www.liftari.fi\/2\/wp-json\/wp\/v2\/pages\/2328"}],"wp:attachment":[{"href":"https:\/\/www.liftari.fi\/2\/wp-json\/wp\/v2\/media?parent=2372"}],"curies":[{"name":"wp","href":"https:\/\/api.w.org\/{rel}","templated":true}]}}