{"id":2374,"date":"2025-11-14T18:22:11","date_gmt":"2025-11-14T16:22:11","guid":{"rendered":"https:\/\/www.liftari.fi\/2\/?page_id=2374"},"modified":"2025-11-20T12:35:50","modified_gmt":"2025-11-20T10:35:50","slug":"13-kiitollinen-katse-taustapeiliin","status":"publish","type":"page","link":"https:\/\/www.liftari.fi\/2\/raamikset\/the-send-jumalan-kutsumat\/13-kiitollinen-katse-taustapeiliin\/","title":{"rendered":"13. Kiitollinen katse taustapeiliin"},"content":{"rendered":"\n<div class=\"wp-block-group has-global-padding is-layout-constrained wp-block-group-is-layout-constrained\">\n<div class=\"wp-block-buttons is-content-justification-right is-nowrap is-layout-flex wp-container-core-buttons-is-layout-9b578731 wp-block-buttons-is-layout-flex\" style=\"margin-bottom:0;padding-bottom:var(--wp--preset--spacing--xx-small)\">\n<div class=\"wp-block-button\"><a class=\"wp-block-button__link wp-element-button\" href=\"https:\/\/www.liftari.fi\/2\/raamikset\/\" style=\"border-radius:6px\">Takaisin raamiksiin<\/a><\/div>\n<\/div>\n\n\n\n<div class=\"wp-block-buttons is-content-justification-right is-nowrap is-layout-flex wp-container-core-buttons-is-layout-9b578731 wp-block-buttons-is-layout-flex\" style=\"margin-bottom:0;padding-bottom:var(--wp--preset--spacing--xx-small)\">\n<div class=\"wp-block-button\"><a class=\"wp-block-button__link wp-element-button\" href=\"https:\/\/www.liftari.fi\/2\/raamikset\/the-send-jumalan-kutsumat\/\" style=\"border-radius:6px\">Takaisin sarjaan<\/a><\/div>\n<\/div>\n\n\n\n<h2 class=\"wp-block-heading has-text-align-center has-custom-raamikset-color has-text-color has-link-color wp-elements-8d04ef81a24d54ac36c809d3e977e6ae\">13.<\/h2>\n\n\n\n<h2 class=\"wp-block-heading has-text-align-center has-pure-black-color has-text-color has-link-color wp-elements-b04c7c4dfa840163ff54ef63a2f93c8b\">Kiitollinen katse taustapeiliin<\/h2>\n\n\n\n<div style=\"height:8px\" aria-hidden=\"true\" class=\"wp-block-spacer\"><\/div>\n\n\n\n<h3 class=\"wp-block-heading has-text-align-center raamisHeader\">Ef. 3:4\u201311<\/h3>\n\n\n<p><span class='versenumber'>4<\/span>T\u00e4t\u00e4 lukiessanne voitte huomata, kuinka hyvin min\u00e4 olen perill\u00e4 Kristuksen salaisuudesta. <span class='versenumber'>5<\/span>Sit\u00e4 ei menneiden sukupolvien aikana annettu ihmisten tietoon, mutta nyt Henki on ilmoittanut sen Kristuksen pyhille apostoleille ja profeetoille: <span class='versenumber'>6<\/span>muihin kansoihin kuuluvilla on sama oikeus perint\u00f6\u00f6n kuin juutalaisillakin, he ovat saman ruumiin j\u00e4seni\u00e4 ja heit\u00e4 koskee nyt sama lupaus, kun evankeliumi on johtanut heid\u00e4t Kristuksen Jeesuksen yhteyteen. <span class='versenumber'>7<\/span>T\u00e4m\u00e4n evankeliumin palvelija minusta on tullut sen armolahjan perusteella, jonka Jumala on voimassaan minulle suonut. <span class='versenumber'>8<\/span>Minulle, kaikista pyhist\u00e4 v\u00e4h\u00e4isimm\u00e4lle, on annettu se armo, ett\u00e4 saan julistaa kansoille sanomaa Kristuksen tutkimattomasta rikkaudesta <span class='versenumber'>9<\/span>ja ilmoittaa sen pyh\u00e4n suunnitelman, jonka Jumala, kaiken luoja, on ikiajoista asti pit\u00e4nyt salaisuutenaan. <span class='versenumber'>10<\/span>N\u00e4in my\u00f6s avaruuden henkivallat ja voimat tulevat seurakunnan v\u00e4lityksell\u00e4 tuntemaan Jumalan viisauden kaikessa moninaisuudessaan. <span class='versenumber'>11<\/span>T\u00e4llainen oli Jumalan ikiaikainen suunnitelma, joka meid\u00e4n Herramme Kristuksen Jeesuksen oli m\u00e4\u00e4r\u00e4 toteuttaa. <\/p>\n\n\n\n<div style=\"height:8px\" aria-hidden=\"true\" class=\"wp-block-spacer\"><\/div>\n\n\n\n<h3 class=\"wp-block-heading has-text-align-center raamisHeader\">Taustaa<\/h3>\n\n\n\n<p>Paavalin tie l\u00e4hetysty\u00f6ntekij\u00e4ksi oli ollut erikoinen. H\u00e4n oli alun perin kiivas ja \u00e4\u00e4riuskonnollinen juutalainen, joka halusi tuhota ensimm\u00e4iset kristilliset seurakunnat. Jeesus kuitenkin ilmestyi h\u00e4nelle kirjaimellisesti kuin salama kirkkaalta taivaalta, ja silloin Paavalin koko el\u00e4m\u00e4 mullistui. H\u00e4n ymm\u00e4rsi Jeesuksen olevan sek\u00e4 juutalaisten Messias ett\u00e4 pakanakansojen pelastaja. Koko loppuel\u00e4m\u00e4ns\u00e4 Paavali uhrasikin t\u00e4m\u00e4n sanoman eteenp\u00e4in viemiselle.<\/p>\n\n\n\n<p>Paavali perusti monia seurakuntia, joista yksi sijaitsi Efesossa, jonne h\u00e4n t\u00e4m\u00e4n kirjeen kirjoitti el\u00e4m\u00e4ns\u00e4 loppuaikoina. Paavali ei koskaan v\u00e4synyt toistamaan t\u00e4t\u00e4 ihmett\u00e4: Jumala haluaa pelastaa kaikki maailman ihmiset! Ja t\u00e4llainen suuri syntinenkin on saanut olla mukana t\u00e4ss\u00e4 valtavan upeassa ty\u00f6ss\u00e4!<\/p>\n\n\n\n<p>Raamatun aikaan ihmiset jaoteltiin juutalaisiin ja pakanoihin. Meill\u00e4 Suomessa on monenlaisia muita jakolinjoja: rikkaat ja k\u00f6yh\u00e4t, korkeasti koulutetut ja kouluttamattomat, kuuluisat ja nobodyt, menestyv\u00e4t ja syrj\u00e4ytyneet. Kaikille n\u00e4ille ihmisryhmille on evankeliumi Jeesuksen pelastusty\u00f6st\u00e4 kuitenkin tarjolla aivan samalla tavalla \u2013 jos sen vain haluaa ottaa vastaan.<\/p>\n\n\n\n<p>Kuten Paavali aikanaan, nyky\u00e4\u00e4nkin kaikki l\u00e4hetysty\u00f6ntekij\u00e4t toimivat Jumalan armon varassa. Kun kristityt seurakuntana yhdess\u00e4 tekev\u00e4t l\u00e4hetysty\u00f6t\u00e4, jopa enkelit ja pahat henget oppivat tuntemaan, ett\u00e4 Jumala haluaa pelastaa jokaisen ihmisen.<\/p>\n\n\n\n<div style=\"height:8px\" aria-hidden=\"true\" class=\"wp-block-spacer\"><\/div>\n\n\n\n<h3 class=\"wp-block-heading has-text-align-center raamisHeader\">Keskustelukysymyksi\u00e4<\/h3>\n\n\n\n<div style=\"height:8px\" aria-hidden=\"true\" class=\"wp-block-spacer\"><\/div>\n\n\n\n<ol class=\"wp-block-list raamiskysymykset\">\n<li>Mille ihmisryhm\u00e4lle sinun olisi luontevaa kertoa Jeesuksesta? Ent\u00e4 kenelle olisi vaikea kertoa h\u00e4nest\u00e4? Miksi?<\/li>\n\n\n\n<li>Mit\u00e4 t\u00e4ss\u00e4 raamatunkohdassa opetetaan kolmiyhteisest\u00e4 Jumalasta: Is\u00e4st\u00e4, Pojasta (Jeesuksesta) ja Pyh\u00e4st\u00e4 Hengest\u00e4?<\/li>\n\n\n\n<li>Mit\u00e4 t\u00e4m\u00e4 raamatunkohta opettaa seurakunnasta?<\/li>\n<\/ol>\n\n\n\n<div style=\"height:8px\" aria-hidden=\"true\" class=\"wp-block-spacer\"><\/div>\n\n\n\n<h3 class=\"wp-block-heading has-text-align-center raamisHeader\">Rukous<\/h3>\n\n\n\n<div style=\"height:8px\" aria-hidden=\"true\" class=\"wp-block-spacer\"><\/div>\n\n\n\n<p>Jeesus, anna minulle n\u00f6yr\u00e4 mieli, kun kerron sinusta muille. Poista pelko ja h\u00e4pe\u00e4, ja anna niiden tilalle ilo siit\u00e4, ett\u00e4 saan olla omasi. Aamen.<\/p>\n<\/div>\n","protected":false},"excerpt":{"rendered":"<p>13. Kiitollinen katse taustapeiliin Ef. 3:4\u201311 Taustaa Paavalin tie l\u00e4hetysty\u00f6ntekij\u00e4ksi oli ollut erikoinen. H\u00e4n oli alun perin kiivas ja \u00e4\u00e4riuskonnollinen juutalainen, joka halusi tuhota ensimm\u00e4iset kristilliset seurakunnat. Jeesus kuitenkin ilmestyi h\u00e4nelle kirjaimellisesti kuin salama kirkkaalta taivaalta, ja silloin Paavalin koko el\u00e4m\u00e4 mullistui. H\u00e4n ymm\u00e4rsi Jeesuksen olevan sek\u00e4 juutalaisten Messias ett\u00e4 pakanakansojen pelastaja. Koko loppuel\u00e4m\u00e4ns\u00e4 Paavali [&hellip;]<\/p>\n","protected":false},"author":1,"featured_media":0,"parent":2328,"menu_order":0,"comment_status":"closed","ping_status":"closed","template":"","meta":{"_uag_custom_page_level_css":"","footnotes":""},"class_list":["post-2374","page","type-page","status-publish","hentry"],"uagb_featured_image_src":{"full":false,"thumbnail":false,"medium":false,"medium_large":false,"large":false,"1536x1536":false,"2048x2048":false},"uagb_author_info":{"display_name":"admin","author_link":"https:\/\/www.liftari.fi\/2\/author\/admin\/"},"uagb_comment_info":0,"uagb_excerpt":"13. Kiitollinen katse taustapeiliin Ef. 3:4\u201311 Taustaa Paavalin tie l\u00e4hetysty\u00f6ntekij\u00e4ksi oli ollut erikoinen. H\u00e4n oli alun perin kiivas ja \u00e4\u00e4riuskonnollinen juutalainen, joka halusi tuhota ensimm\u00e4iset kristilliset seurakunnat. Jeesus kuitenkin ilmestyi h\u00e4nelle kirjaimellisesti kuin salama kirkkaalta taivaalta, ja silloin Paavalin koko el\u00e4m\u00e4 mullistui. H\u00e4n ymm\u00e4rsi Jeesuksen olevan sek\u00e4 juutalaisten Messias ett\u00e4 pakanakansojen pelastaja. Koko loppuel\u00e4m\u00e4ns\u00e4 Paavali&hellip;","_links":{"self":[{"href":"https:\/\/www.liftari.fi\/2\/wp-json\/wp\/v2\/pages\/2374","targetHints":{"allow":["GET"]}}],"collection":[{"href":"https:\/\/www.liftari.fi\/2\/wp-json\/wp\/v2\/pages"}],"about":[{"href":"https:\/\/www.liftari.fi\/2\/wp-json\/wp\/v2\/types\/page"}],"author":[{"embeddable":true,"href":"https:\/\/www.liftari.fi\/2\/wp-json\/wp\/v2\/users\/1"}],"replies":[{"embeddable":true,"href":"https:\/\/www.liftari.fi\/2\/wp-json\/wp\/v2\/comments?post=2374"}],"version-history":[{"count":3,"href":"https:\/\/www.liftari.fi\/2\/wp-json\/wp\/v2\/pages\/2374\/revisions"}],"predecessor-version":[{"id":2485,"href":"https:\/\/www.liftari.fi\/2\/wp-json\/wp\/v2\/pages\/2374\/revisions\/2485"}],"up":[{"embeddable":true,"href":"https:\/\/www.liftari.fi\/2\/wp-json\/wp\/v2\/pages\/2328"}],"wp:attachment":[{"href":"https:\/\/www.liftari.fi\/2\/wp-json\/wp\/v2\/media?parent=2374"}],"curies":[{"name":"wp","href":"https:\/\/api.w.org\/{rel}","templated":true}]}}