{"id":2376,"date":"2025-11-14T18:26:55","date_gmt":"2025-11-14T16:26:55","guid":{"rendered":"https:\/\/www.liftari.fi\/2\/?page_id=2376"},"modified":"2025-11-20T12:36:15","modified_gmt":"2025-11-20T10:36:15","slug":"14-mahtavat-juhlat-tiedossa","status":"publish","type":"page","link":"https:\/\/www.liftari.fi\/2\/raamikset\/the-send-jumalan-kutsumat\/14-mahtavat-juhlat-tiedossa\/","title":{"rendered":"14. Mahtavat juhlat tiedossa"},"content":{"rendered":"\n<div class=\"wp-block-group has-global-padding is-layout-constrained wp-block-group-is-layout-constrained\">\n<div class=\"wp-block-buttons is-content-justification-right is-nowrap is-layout-flex wp-container-core-buttons-is-layout-9b578731 wp-block-buttons-is-layout-flex\" style=\"margin-bottom:0;padding-bottom:var(--wp--preset--spacing--xx-small)\">\n<div class=\"wp-block-button\"><a class=\"wp-block-button__link wp-element-button\" href=\"https:\/\/www.liftari.fi\/2\/raamikset\/\" style=\"border-radius:6px\">Takaisin raamiksiin<\/a><\/div>\n<\/div>\n\n\n\n<div class=\"wp-block-buttons is-content-justification-right is-nowrap is-layout-flex wp-container-core-buttons-is-layout-9b578731 wp-block-buttons-is-layout-flex\" style=\"margin-bottom:0;padding-bottom:var(--wp--preset--spacing--xx-small)\">\n<div class=\"wp-block-button\"><a class=\"wp-block-button__link wp-element-button\" href=\"https:\/\/www.liftari.fi\/2\/raamikset\/the-send-jumalan-kutsumat\/\" style=\"border-radius:6px\">Takaisin sarjaan<\/a><\/div>\n<\/div>\n\n\n\n<h2 class=\"wp-block-heading has-text-align-center has-custom-raamikset-color has-text-color has-link-color wp-elements-dd9562e7bbe299507334c2789669c199\">14.<\/h2>\n\n\n\n<h2 class=\"wp-block-heading has-text-align-center has-pure-black-color has-text-color has-link-color wp-elements-8f61895982881db00dc26a2f40937a91\">Mahtavat juhlat tiedossa<\/h2>\n\n\n\n<div style=\"height:8px\" aria-hidden=\"true\" class=\"wp-block-spacer\"><\/div>\n\n\n\n<h3 class=\"wp-block-heading has-text-align-center raamisHeader\">Ilm. 7:9\u201317<\/h3>\n\n\n<p><span class='versenumber'>9<\/span>T\u00e4m\u00e4n j\u00e4lkeen n\u00e4in suuren kansanjoukon, niin suuren, ettei kukaan kyennyt sit\u00e4 laskemaan. Siin\u00e4 oli ihmisi\u00e4 kaikista maista, kaikista kansoista ja heimoista, ja he puhuivat kaikkia kieli\u00e4. He seisoivat valtaistuimen ja Karitsan edess\u00e4 yll\u00e4\u00e4n valkeat vaatteet ja k\u00e4dess\u00e4\u00e4n palmunoksa <span class='versenumber'>10<\/span>ja huusivat kovalla \u00e4\u00e4nell\u00e4:  - Pelastuksen tuo meid\u00e4n Jumalamme, h\u00e4n, joka istuu valtaistuimella, h\u00e4n ja Karitsa! <span class='versenumber'>11<\/span>Kaikki enkelit seisoivat valtaistuimen, vanhinten ja nelj\u00e4n olennon ymp\u00e4rill\u00e4, ja he heitt\u00e4ytyiv\u00e4t kasvoilleen valtaistuimen eteen ja osoittivat Jumalalle kunnioitustaan <span class='versenumber'>12<\/span>sanoen:  - Aamen. Ylistys ja kirkkaus, viisaus, kiitos, kunnia, valta ja voima meid\u00e4n Jumalallemme aina ja ikuisesti! Aamen. <span class='versenumber'>13<\/span>Yksi vanhimmista kysyi minulta: \"Keit\u00e4 n\u00e4m\u00e4 valkeavaatteiset ovat? Mist\u00e4 he ovat tulleet?\" <span class='versenumber'>14<\/span>Min\u00e4 vastasin: \"Herra, sin\u00e4 sen tied\u00e4t.\" H\u00e4n sanoi minulle:  - N\u00e4m\u00e4 ovat p\u00e4\u00e4sseet suuresta ahdingosta. He ovat pesseet vaatteensa ja valkaisseet ne Karitsan veress\u00e4. <span class='versenumber'>15<\/span>Sen t\u00e4hden he ovat Jumalan valtaistuimen edess\u00e4 ja palvelevat h\u00e4nt\u00e4 h\u00e4nen pyh\u00e4k\u00f6ss\u00e4\u00e4n p\u00e4ivin ja \u00f6in, ja h\u00e4n, joka istuu valtaistuimella, on levitt\u00e4nyt telttansa heid\u00e4n ylleen. <span class='versenumber'>16<\/span>N\u00e4lk\u00e4 ei heit\u00e4 en\u00e4\u00e4 vaivaa, ei jano, en\u00e4\u00e4 ei heit\u00e4 polta aurinko eik\u00e4 paahtava helle. <span class='versenumber'>17<\/span>Karitsa, joka on valtaistuimen edess\u00e4, kaitsee heit\u00e4 ja vie heid\u00e4t el\u00e4m\u00e4n veden l\u00e4hteille, ja Jumala pyyhkii heid\u00e4n silmist\u00e4\u00e4n kaikki kyyneleet. <\/p>\n\n\n\n<div style=\"height:8px\" aria-hidden=\"true\" class=\"wp-block-spacer\"><\/div>\n\n\n\n<h3 class=\"wp-block-heading has-text-align-center raamisHeader\">Taustaa<\/h3>\n\n\n\n<p>Jos olet joskus ollut isoilla festareilla tai stadionkonsertissa, kun p\u00e4\u00e4esiintyj\u00e4 astuu lavalle, olet saanut pienen aavistuksen t\u00e4m\u00e4n raamatunkohdan tunnelmasta. Tuo \u201desiintyj\u00e4\u201d ei tosin saavu vain hetkeksi yleis\u00f6n eteen, vaan h\u00e4nen kanssaan saadaan olla aina!<\/p>\n\n\n\n<p>Karitsa tarkoittaa Jeesusta, Jumalan Poikaa, joka hallitsee taivaassa Is\u00e4ns\u00e4 Jumalan kanssa. Heid\u00e4n valtakunnassaan ovat asukkaina kaikki ne, jotka ovat ottaneet Jeesuksen vastaan omana Vapahtajanaan. Jeesuksen ristill\u00e4 vuodattama veri on sovittanut kaikkiin kansoihin kuuluvien ihmisten synnit, ja sen varassa p\u00e4\u00e4st\u00e4\u00e4n my\u00f6s taivaaseen. Silloin saamme olla ikuisesti turvassa, ik\u00e4\u00e4n kuin samassa teltassa Jumalan kanssa!<\/p>\n\n\n\n<p>Oletko joskus itkenyt tuskasta, ik\u00e4v\u00e4st\u00e4 tai pettymyksest\u00e4? Taivaassa pyyhit\u00e4\u00e4n pois viimeinenkin kyynel, eik\u00e4 mit\u00e4\u00e4n itkun aiheita en\u00e4\u00e4 eteen tulekaan. El\u00e4m\u00e4n vesi, eli itse Jeesus, pit\u00e4\u00e4 meid\u00e4t ikuisesti tervein\u00e4, tyytyv\u00e4isin\u00e4 ja onnellisina. T\u00e4nne t\u00e4ht\u00e4\u00e4 l\u00e4hetysty\u00f6, t\u00e4m\u00e4n takia sit\u00e4 tehd\u00e4\u00e4n: ett\u00e4 kerran taivaassa olisi mahdollisimman paljon ihmisi\u00e4 Jumalan kanssa, eik\u00e4 yhteinen ilo Jeesuksesta p\u00e4\u00e4ty koskaan.<\/p>\n\n\n\n<div style=\"height:8px\" aria-hidden=\"true\" class=\"wp-block-spacer\"><\/div>\n\n\n\n<h3 class=\"wp-block-heading has-text-align-center raamisHeader\">Keskustelukysymyksi\u00e4<\/h3>\n\n\n\n<div style=\"height:8px\" aria-hidden=\"true\" class=\"wp-block-spacer\"><\/div>\n\n\n\n<ol class=\"wp-block-list raamiskysymykset\">\n<li>Mit\u00e4 valkeat vaatteet kuvaavat t\u00e4ss\u00e4 raamatunkohdassa?<\/li>\n\n\n\n<li>Mit\u00e4 t\u00e4m\u00e4 raamatunkohta kertoo enkeleist\u00e4?<\/li>\n\n\n\n<li>Mit\u00e4 sin\u00e4 odotat eniten taivaasta? Kenet haluaisit sinne mukaan?<\/li>\n<\/ol>\n\n\n\n<div style=\"height:8px\" aria-hidden=\"true\" class=\"wp-block-spacer\"><\/div>\n\n\n\n<h3 class=\"wp-block-heading has-text-align-center raamisHeader\">Rukous<\/h3>\n\n\n\n<div style=\"height:8px\" aria-hidden=\"true\" class=\"wp-block-spacer\"><\/div>\n\n\n\n<p>Jeesus, kiitos, ett\u00e4 sovitit syntimme ristill\u00e4. Kiitos, ett\u00e4 sovitusty\u00f6si tuo meille uskon kautta pelastuksen ja p\u00e4\u00e4semme kerran taivaaseen n\u00e4kem\u00e4\u00e4n sinut ja iloitsemaan sinusta! Aamen.<\/p>\n<\/div>\n","protected":false},"excerpt":{"rendered":"<p>14. Mahtavat juhlat tiedossa Ilm. 7:9\u201317 Taustaa Jos olet joskus ollut isoilla festareilla tai stadionkonsertissa, kun p\u00e4\u00e4esiintyj\u00e4 astuu lavalle, olet saanut pienen aavistuksen t\u00e4m\u00e4n raamatunkohdan tunnelmasta. Tuo \u201desiintyj\u00e4\u201d ei tosin saavu vain hetkeksi yleis\u00f6n eteen, vaan h\u00e4nen kanssaan saadaan olla aina! Karitsa tarkoittaa Jeesusta, Jumalan Poikaa, joka hallitsee taivaassa Is\u00e4ns\u00e4 Jumalan kanssa. Heid\u00e4n valtakunnassaan ovat [&hellip;]<\/p>\n","protected":false},"author":1,"featured_media":0,"parent":2328,"menu_order":0,"comment_status":"closed","ping_status":"closed","template":"","meta":{"_uag_custom_page_level_css":"","footnotes":""},"class_list":["post-2376","page","type-page","status-publish","hentry"],"uagb_featured_image_src":{"full":false,"thumbnail":false,"medium":false,"medium_large":false,"large":false,"1536x1536":false,"2048x2048":false},"uagb_author_info":{"display_name":"admin","author_link":"https:\/\/www.liftari.fi\/2\/author\/admin\/"},"uagb_comment_info":0,"uagb_excerpt":"14. Mahtavat juhlat tiedossa Ilm. 7:9\u201317 Taustaa Jos olet joskus ollut isoilla festareilla tai stadionkonsertissa, kun p\u00e4\u00e4esiintyj\u00e4 astuu lavalle, olet saanut pienen aavistuksen t\u00e4m\u00e4n raamatunkohdan tunnelmasta. Tuo \u201desiintyj\u00e4\u201d ei tosin saavu vain hetkeksi yleis\u00f6n eteen, vaan h\u00e4nen kanssaan saadaan olla aina! Karitsa tarkoittaa Jeesusta, Jumalan Poikaa, joka hallitsee taivaassa Is\u00e4ns\u00e4 Jumalan kanssa. Heid\u00e4n valtakunnassaan ovat&hellip;","_links":{"self":[{"href":"https:\/\/www.liftari.fi\/2\/wp-json\/wp\/v2\/pages\/2376","targetHints":{"allow":["GET"]}}],"collection":[{"href":"https:\/\/www.liftari.fi\/2\/wp-json\/wp\/v2\/pages"}],"about":[{"href":"https:\/\/www.liftari.fi\/2\/wp-json\/wp\/v2\/types\/page"}],"author":[{"embeddable":true,"href":"https:\/\/www.liftari.fi\/2\/wp-json\/wp\/v2\/users\/1"}],"replies":[{"embeddable":true,"href":"https:\/\/www.liftari.fi\/2\/wp-json\/wp\/v2\/comments?post=2376"}],"version-history":[{"count":3,"href":"https:\/\/www.liftari.fi\/2\/wp-json\/wp\/v2\/pages\/2376\/revisions"}],"predecessor-version":[{"id":2486,"href":"https:\/\/www.liftari.fi\/2\/wp-json\/wp\/v2\/pages\/2376\/revisions\/2486"}],"up":[{"embeddable":true,"href":"https:\/\/www.liftari.fi\/2\/wp-json\/wp\/v2\/pages\/2328"}],"wp:attachment":[{"href":"https:\/\/www.liftari.fi\/2\/wp-json\/wp\/v2\/media?parent=2376"}],"curies":[{"name":"wp","href":"https:\/\/api.w.org\/{rel}","templated":true}]}}