{"id":3201,"date":"2026-03-10T13:26:59","date_gmt":"2026-03-10T11:26:59","guid":{"rendered":"https:\/\/www.liftari.fi\/2\/?page_id=3201"},"modified":"2026-03-20T13:17:26","modified_gmt":"2026-03-20T11:17:26","slug":"rukouspyynto","status":"publish","type":"page","link":"https:\/\/www.liftari.fi\/2\/rukouspyynto\/","title":{"rendered":"Rukouspyynt\u00f6"},"content":{"rendered":"\n<div class=\"wp-block-group has-global-padding is-layout-constrained wp-block-group-is-layout-constrained\">\n<h3 class=\"wp-block-heading\">Esirukouspyynt\u00f6<\/h3>\n\n\n\n<p>Kaipaatko, ett\u00e4 puolestasi rukoillaan?<\/p>\n\n\n\n<p>Raamatunlukijain Liitolla on esirukoilijoita, jotka haluavat olla kantamassa l\u00e4himm\u00e4isten taakkoja &#8211; mik\u00e4li haluat, my\u00f6s sinun. T\u00e4m\u00e4n nuorille suunnatun palvelun avulla voit j\u00e4tt\u00e4\u00e4 oman asiasi esirukoilijoille v\u00e4litett\u00e4v\u00e4ksi. Kaikki pyynn\u00f6t k\u00e4sitell\u00e4\u00e4n nimett\u00f6min\u00e4.<\/p>\n<\/div>\n\n\n\n<div class=\"wp-block-group uag-hide-tab uag-hide-mob has-global-padding is-layout-constrained wp-block-group-is-layout-constrained\">\n<p>Nuorille suunnattu esirukouspalvelu on k\u00e4ytett\u00e4viss\u00e4 Liftari-sovelluksessa. <\/p>\n<\/div>\n\n\n\n<div class=\"wp-block-group uag-hide-desktop has-global-padding is-layout-constrained wp-block-group-is-layout-constrained\"><div class='fluentform ff-inherit-theme-style fluentform_wrapper_2  ff_guten_block ff_guten_block-2'><form data-form_id=\"2\" id=\"fluentform_2\" class=\"frm-fluent-form fluent_form_2 ff-el-form-top ff_form_instance_2_1 ff-form-loading ff_has_v3_recptcha ffs_inherit_theme\" data-form_instance=\"ff_form_instance_2_1\" method=\"POST\" data-recptcha_key=\"6Lem65EUAAAAAAtfSTznQs_dz1hfpMOyvyN6Dl4-\" ><fieldset  style=\"border: none!important;margin: 0!important;padding: 0!important;background-color: transparent!important;box-shadow: none!important;outline: none!important; min-inline-size: 100%;\">\n                    <legend class=\"ff_screen_reader_title\" style=\"display: block; margin: 0!important;padding: 0!important;height: 0!important;text-indent: -999999px;width: 0!important;overflow:hidden;\">Rukouspyynt\u00f6<\/legend>        <div\n                style=\"display: none!important; position: absolute!important; transform: translateX(1000%)!important;\"\n                class=\"ff-el-group ff-hpsf-container\"\n        >\n            <div class=\"ff-el-input--label asterisk-right\">\n                <label for=\"ff_2_item_sf\" aria-label=\"Updates\">\n                    Updates                <\/label>\n            <\/div>\n            <div class=\"ff-el-input--content\">\n                <input type=\"text\"\n                       name=\"item_2__fluent_sf\"\n                       class=\"ff-el-form-control\"\n                       id=\"ff_2_item_sf\"\n                \/>\n            <\/div>\n        <\/div>\n        <input type='hidden' name='__fluent_form_embded_post_id' value='3201' \/><input type=\"hidden\" id=\"_fluentform_2_fluentformnonce\" name=\"_fluentform_2_fluentformnonce\" value=\"dea59d5fa6\" \/><input type=\"hidden\" name=\"_wp_http_referer\" value=\"\/2\/wp-json\/wp\/v2\/pages\/3201\" \/><div data-name=\"ff_cn_id_1\"  class='ff-t-container ff-column-container ff_columns_total_2 '><div class='ff-t-cell ff-t-column-1' style='flex-basis: 50%;'><div data-type=\"name-element\" data-name=\"names\" class=\" ff-field_container ff-name-field-wrapper\" ><div class='ff-t-container'><div class='ff-t-cell '><div class='ff-el-group ff-el-form-top'><div class=\"ff-el-input--label asterisk-right\"><label for='ff_2_names_first_name_' id='label_ff_2_names_first_name_' >Nimimerkki (vapaaehtoinen)<\/label><\/div><div class='ff-el-input--content'><input type=\"text\" name=\"names[first_name]\" id=\"ff_2_names_first_name_\" class=\"ff-el-form-control\" tabindex=\"1\" aria-invalid=\"false\" aria-required=false><\/div><\/div><\/div><\/div><\/div><\/div><div class='ff-t-cell ff-t-column-2' style='flex-basis: 50%;'><\/div><\/div><div class='ff-el-group'><div class=\"ff-el-input--label ff-el-is-required asterisk-right\"><label for='ff_2_description' id='label_ff_2_description' aria-label=\"Rukouspyynt\u00f6si\">Rukouspyynt\u00f6si<\/label><\/div><div class='ff-el-input--content'><textarea aria-required=\"true\" aria-labelledby=\"label_ff_2_description\" name=\"description\" id=\"ff_2_description\" class=\"ff-el-form-control\" rows=\"4\" cols=\"2\" data-name=\"description\" tabindex=\"2\" ><\/textarea><\/div><\/div><div class='ff-el-group    ff-el-input--content'><div class='ff-el-form-check ff-el-tc'><label aria-label='Terms and Conditions: Hyv\u00e4ksyn, ett\u00e4 antamani tiedot tallennetaan Raamatunlukijain Liiton yll\u00e4pit\u00e4m\u00e4\u00e4n palveluun ja l\u00e4hetet\u00e4\u00e4n esirukoilijoille (katso t\u00e4st\u00e4 Rekisteri- ja tietosuojaseloste) Contains 1 link. Use tab navigation to review.' class='ff-el-form-check-label ff_tc_label' for=gdpr-agreement_d6c3b281e355ec95f07ccccce90fccef><span class='ff_tc_checkbox'><input type=\"checkbox\" name=\"gdpr-agreement\" class=\"ff-el-form-check-input ff_gdpr_field\" data-name=\"gdpr-agreement\" id=\"gdpr-agreement_d6c3b281e355ec95f07ccccce90fccef\" tabindex=\"3\"  value='on' aria-invalid='false' aria-required=true><\/span> <div class='ff_t_c'>Hyv\u00e4ksyn, ett\u00e4 antamani tiedot tallennetaan Raamatunlukijain Liiton yll\u00e4pit\u00e4m\u00e4\u00e4n palveluun ja l\u00e4hetet\u00e4\u00e4n esirukoilijoille (katso t\u00e4st\u00e4 <a href=\"..\/tietosuojaseloste\">Rekisteri- ja tietosuojaseloste<\/a>)<\/div><\/label><\/div><\/div><div class='ff-el-group ff-text-left ff_submit_btn_wrapper'><button type=\"submit\" class=\"ff-btn ff-btn-submit ff-btn-lg ff_btn_no_style wpf_has_custom_css\" tabindex=\"4\"  aria-label=\"L\u00e4het\u00e4\">L\u00e4het\u00e4<\/button><\/div><\/fieldset><\/form><div id='fluentform_2_errors' class='ff-errors-in-stack ff_form_instance_2_1 ff-form-loading_errors ff_form_instance_2_1_errors'><\/div><\/div>            <script type=\"text\/javascript\">\n                window.fluent_form_ff_form_instance_2_1 = {\"id\":\"2\",\"ajaxUrl\":\"https:\\\/\\\/www.liftari.fi\\\/2\\\/wp-admin\\\/admin-ajax.php\",\"settings\":{\"layout\":{\"labelPlacement\":\"top\",\"helpMessagePlacement\":\"with_label\",\"errorMessagePlacement\":\"inline\",\"asteriskPlacement\":\"asterisk-right\"},\"restrictions\":{\"denyEmptySubmission\":{\"enabled\":false}}},\"form_instance\":\"ff_form_instance_2_1\",\"form_id_selector\":\"fluentform_2\",\"rules\":{\"names[first_name]\":{\"required\":{\"value\":false,\"message\":\"T\\u00e4m\\u00e4 on pakollinen kentt\\u00e4\",\"global_message\":\"T\\u00e4m\\u00e4 on pakollinen kentt\\u00e4\",\"global\":true}},\"names[middle_name]\":{\"required\":{\"value\":false,\"message\":\"T\\u00e4m\\u00e4 on pakollinen kentt\\u00e4\",\"global_message\":\"T\\u00e4m\\u00e4 on pakollinen kentt\\u00e4\",\"global\":true}},\"names[last_name]\":{\"required\":{\"value\":false,\"message\":\"T\\u00e4m\\u00e4 on pakollinen kentt\\u00e4\",\"global_message\":\"T\\u00e4m\\u00e4 on pakollinen kentt\\u00e4\",\"global\":true}},\"description\":{\"required\":{\"value\":true,\"message\":\"T\\u00e4m\\u00e4 on pakollinen kentt\\u00e4\",\"global_message\":\"T\\u00e4m\\u00e4 on pakollinen kentt\\u00e4\",\"global\":true}},\"gdpr-agreement\":{\"required\":{\"value\":true,\"message\":\"T\\u00e4m\\u00e4 on pakollinen kentt\\u00e4\",\"global_message\":\"T\\u00e4m\\u00e4 on pakollinen kentt\\u00e4\",\"global\":true}}},\"debounce_time\":300};\n                            <\/script>\n            <\/div>\n","protected":false},"excerpt":{"rendered":"<p>Esirukouspyynt\u00f6 Kaipaatko, ett\u00e4 puolestasi rukoillaan? Raamatunlukijain Liitolla on esirukoilijoita, jotka haluavat olla kantamassa l\u00e4himm\u00e4isten taakkoja &#8211; mik\u00e4li haluat, my\u00f6s sinun. T\u00e4m\u00e4n nuorille suunnatun palvelun avulla voit j\u00e4tt\u00e4\u00e4 oman asiasi esirukoilijoille v\u00e4litett\u00e4v\u00e4ksi. Kaikki pyynn\u00f6t k\u00e4sitell\u00e4\u00e4n nimett\u00f6min\u00e4. Nuorille suunnattu esirukouspalvelu on k\u00e4ytett\u00e4viss\u00e4 Liftari-sovelluksessa.<\/p>\n","protected":false},"author":1,"featured_media":0,"parent":0,"menu_order":0,"comment_status":"closed","ping_status":"closed","template":"","meta":{"_uag_custom_page_level_css":"","footnotes":""},"class_list":["post-3201","page","type-page","status-publish","hentry"],"uagb_featured_image_src":{"full":false,"thumbnail":false,"medium":false,"medium_large":false,"large":false,"1536x1536":false,"2048x2048":false},"uagb_author_info":{"display_name":"admin","author_link":"https:\/\/www.liftari.fi\/2\/author\/admin\/"},"uagb_comment_info":0,"uagb_excerpt":"Esirukouspyynt\u00f6 Kaipaatko, ett\u00e4 puolestasi rukoillaan? Raamatunlukijain Liitolla on esirukoilijoita, jotka haluavat olla kantamassa l\u00e4himm\u00e4isten taakkoja &#8211; mik\u00e4li haluat, my\u00f6s sinun. T\u00e4m\u00e4n nuorille suunnatun palvelun avulla voit j\u00e4tt\u00e4\u00e4 oman asiasi esirukoilijoille v\u00e4litett\u00e4v\u00e4ksi. Kaikki pyynn\u00f6t k\u00e4sitell\u00e4\u00e4n nimett\u00f6min\u00e4. Nuorille suunnattu esirukouspalvelu on k\u00e4ytett\u00e4viss\u00e4 Liftari-sovelluksessa.","_links":{"self":[{"href":"https:\/\/www.liftari.fi\/2\/wp-json\/wp\/v2\/pages\/3201","targetHints":{"allow":["GET"]}}],"collection":[{"href":"https:\/\/www.liftari.fi\/2\/wp-json\/wp\/v2\/pages"}],"about":[{"href":"https:\/\/www.liftari.fi\/2\/wp-json\/wp\/v2\/types\/page"}],"author":[{"embeddable":true,"href":"https:\/\/www.liftari.fi\/2\/wp-json\/wp\/v2\/users\/1"}],"replies":[{"embeddable":true,"href":"https:\/\/www.liftari.fi\/2\/wp-json\/wp\/v2\/comments?post=3201"}],"version-history":[{"count":5,"href":"https:\/\/www.liftari.fi\/2\/wp-json\/wp\/v2\/pages\/3201\/revisions"}],"predecessor-version":[{"id":3357,"href":"https:\/\/www.liftari.fi\/2\/wp-json\/wp\/v2\/pages\/3201\/revisions\/3357"}],"wp:attachment":[{"href":"https:\/\/www.liftari.fi\/2\/wp-json\/wp\/v2\/media?parent=3201"}],"curies":[{"name":"wp","href":"https:\/\/api.w.org\/{rel}","templated":true}]}}