{"id":3404,"date":"2026-03-31T03:04:40","date_gmt":"2026-03-29T00:06:03","guid":{"rendered":"https:\/\/www.liftari.fi\/2\/paivan-teksti\/260405-2\/"},"modified":"2026-03-31T03:04:40","modified_gmt":"2026-03-31T00:04:40","slug":"260405-2","status":"publish","type":"page","link":"https:\/\/www.liftari.fi\/2\/paivan-teksti\/260405-2\/","title":{"rendered":"260405"},"content":{"rendered":"<div class='paivasivuHeader'>\n<div class=\"paivanappi-container\">\n<div class=\"paivanappi vasen\"><a class=\"wp-block-button__link wp-element-button\" href=\"https:\/\/www.liftari.fi\/2\/paivan-teksti\/260404-2\/\" style=\"border-radius:6px\">&lt; Edellinen<\/a><\/div>\n<div class=\"paivanappi oikea\"><a class=\"wp-block-button__link wp-element-button\" href=\"https:\/\/www.liftari.fi\/2\/paivan-teksti\/260406-2\/\" style=\"border-radius:6px\">Seuraava &gt;<\/a><\/div>\n<\/div>\n<h3 class='paivamaaraHeader'>Su 5.4.2026<\/h3>\n<h3 class='bibleHeader'>Luuk. 23:1-12<\/h3>\n<\/p>\n<p><span class='versenumber'>1<\/span>He l\u00e4htiv\u00e4t sielt\u00e4 kaikki yhdess\u00e4, veiv\u00e4t Jeesuksen Pilatuksen eteen <span class='versenumber'>2<\/span>ja rupesivat esitt\u00e4m\u00e4\u00e4n syyt\u00f6ksi\u00e4 h\u00e4nt\u00e4 vastaan. He sanoivat: &#8221;Me olemme todenneet, ett\u00e4 t\u00e4m\u00e4 mies johtaa kansaamme harhaan. H\u00e4n kielt\u00e4\u00e4 maksamasta veroa keisarille ja v\u00e4itt\u00e4\u00e4 olevansa Messias, kuningas.&#8221; <span class='versenumber'>3<\/span>Pilatus kysyi Jeesukselta: &#8221;Oletko sin\u00e4 juutalaisten kuningas?&#8221; &#8221;Sin\u00e4 sen sanoit&#8221;, Jeesus vastasi. <span class='versenumber'>4<\/span>Pilatus sanoi ylipapeille ja v\u00e4kijoukolle: &#8221;En voi havaita t\u00e4m\u00e4n miehen syyllistyneen mihink\u00e4\u00e4n rikokseen.&#8221; <span class='versenumber'>5<\/span>Mutta he pysyiv\u00e4t itsepintaisesti syyt\u00f6ksiss\u00e4\u00e4n ja sanoivat: &#8221;H\u00e4n villitsee kansaa, kulkee opettamassa joka puolella Juudeaa, Galileasta t\u00e4nne asti.&#8221; <\/p>\n<p><span class='versenumber'>6<\/span>T\u00e4m\u00e4n kuultuaan Pilatus kysyi, oliko mies galilealainen. <span class='versenumber'>7<\/span>Saatuaan tiet\u00e4\u00e4, ett\u00e4 Jeesus oli Herodeksen hallintoalueelta, h\u00e4n l\u00e4hetti Jeesuksen Herodeksen luo, sill\u00e4 t\u00e4m\u00e4kin oli niin\u00e4 p\u00e4ivin\u00e4 Jerusalemissa. <span class='versenumber'>8<\/span>Herodes ilahtui kovin n\u00e4hdess\u00e4\u00e4n Jeesuksen, sill\u00e4 h\u00e4n oli jo pitk\u00e4\u00e4n halunnut tavata h\u00e4net. H\u00e4n oli kuullut Jeesuksesta ja toivoi, ett\u00e4 t\u00e4m\u00e4 tekisi h\u00e4nen n\u00e4htens\u00e4 jonkin ihmeteon. <span class='versenumber'>9<\/span>H\u00e4n kyseli Jeesukselta kaikenlaista, mutta Jeesus ei vastannut h\u00e4nelle mit\u00e4\u00e4n. <span class='versenumber'>10<\/span>Ylipapit ja lainopettajat, jotka olivat paikalla, syyttiv\u00e4t Jeesusta kiivaasti. <span class='versenumber'>11<\/span>Herodes ja h\u00e4nen sotilaansa alkoivat nyt kohdella Jeesusta halveksuvasti. Herodes teki Jeesuksesta pilkkaa puettamalla h\u00e4net komeaan pukuun, ja sitten h\u00e4n l\u00e4hetti Jeesuksen takaisin Pilatuksen luo. <span class='versenumber'>12<\/span>Tuona p\u00e4iv\u00e4n\u00e4 Herodeksesta ja Pilatuksesta tuli yst\u00e4v\u00e4t; siihen saakka he olivat olleet vihoissa kesken\u00e4\u00e4n. <\/p>\n<h3 class='selitysHeader'>Rauhallinen villitsij\u00e4<\/h3>\n<p>Huomatkaa: Pilatuksen edess\u00e4 Jeesusta ei syytetty jumalanpilkasta, vaan kansan villitsemisest\u00e4. Vaikuttaa kierolta, eik\u00f6 totta? Muutoin ei olisi voitu menetell\u00e4, jos Jeesus tahdottiin pois p\u00e4ivilt\u00e4. Roomalainen viranomainen tuskin tuomitsi ket\u00e4\u00e4n kuolemaan uskonnollisista syist\u00e4, kun taas kapinoinnin ja kansan villitsemisen suhteen roomalaisten vallanpit\u00e4jien liipaisinsormi oli todella herkk\u00e4.<\/p>\n<p>Historioitsija Josefus kuvaa Pilatusta julmana, karkeana ja omavaltaisena valtiaana. Nyt Pilatus h\u00e4mmentyi perin juurin, kun h\u00e4nen eteens\u00e4 tuotiin kiihke\u00e4sti vihattu mies, joka ei kuitenkaan osoittautunut syylliseksi mihink\u00e4\u00e4n, mist\u00e4 h\u00e4nt\u00e4 syytettiin. Pilatuksen teht\u00e4v\u00e4ksi j\u00e4i raskas ja vastuullinen p\u00e4\u00e4t\u00f6s.<\/p>\n<p>Herodes Antipaksen edess\u00e4 Jeesus oli vaiti. Nelj\u00e4nnesruhtinas oli tappanut Johannes Kastajan, lain julistajan ja omatuntojen her\u00e4tt\u00e4j\u00e4n. T\u00e4m\u00e4 on Herran sanan \u00e4\u00e4rimm\u00e4ist\u00e4 torjuntaa. Niinp\u00e4 Jeesuksellakaan ei ollut h\u00e4nelle mit\u00e4\u00e4n sanottavaa. Jokaiselle katuvalle syntiselle Jeesuksella oli evankeliumin suloinen, lohdullinen sana anteeksiantamisesta ja sovituksesta. Herodes ei kuulunut heihin, valitettavasti. <\/p>\n<\/p>\n<div class='kysymykset'>\n<p>Mill\u00e4 tavalla asenne puhujaa kohtaan vaikuttaa siihen, miten haluat h\u00e4nt\u00e4 kuunnella?<\/p>\n<p>Mit\u00e4 sin\u00e4 toivoisit Jeesuksen sanovan sinulle juuri nyt?<\/p>\n<\/div>\n<\/div>\n","protected":false},"excerpt":{"rendered":"<p>&lt; Edellinen Seuraava &gt; Su 5.4.2026 Luuk. 23:1-12 1He l\u00e4htiv\u00e4t sielt\u00e4 kaikki yhdess\u00e4, veiv\u00e4t Jeesuksen Pilatuksen eteen 2ja rupesivat esitt\u00e4m\u00e4\u00e4n syyt\u00f6ksi\u00e4 h\u00e4nt\u00e4 vastaan. He sanoivat: &#8221;Me olemme todenneet, ett\u00e4 t\u00e4m\u00e4 mies johtaa kansaamme harhaan. H\u00e4n kielt\u00e4\u00e4 maksamasta veroa keisarille ja v\u00e4itt\u00e4\u00e4 olevansa Messias, kuningas.&#8221; 3Pilatus kysyi Jeesukselta: &#8221;Oletko sin\u00e4 juutalaisten kuningas?&#8221; &#8221;Sin\u00e4 sen sanoit&#8221;, Jeesus [&hellip;]<\/p>\n","protected":false},"author":1,"featured_media":0,"parent":95,"menu_order":0,"comment_status":"closed","ping_status":"closed","template":"","meta":{"_uag_custom_page_level_css":"","footnotes":""},"class_list":["post-3404","page","type-page","status-publish","hentry"],"uagb_featured_image_src":{"full":false,"thumbnail":false,"medium":false,"medium_large":false,"large":false,"1536x1536":false,"2048x2048":false},"uagb_author_info":{"display_name":"admin","author_link":"https:\/\/www.liftari.fi\/2\/author\/admin\/"},"uagb_comment_info":0,"uagb_excerpt":"&lt; Edellinen Seuraava &gt; Su 5.4.2026 Luuk. 23:1-12 1He l\u00e4htiv\u00e4t sielt\u00e4 kaikki yhdess\u00e4, veiv\u00e4t Jeesuksen Pilatuksen eteen 2ja rupesivat esitt\u00e4m\u00e4\u00e4n syyt\u00f6ksi\u00e4 h\u00e4nt\u00e4 vastaan. He sanoivat: &#8221;Me olemme todenneet, ett\u00e4 t\u00e4m\u00e4 mies johtaa kansaamme harhaan. H\u00e4n kielt\u00e4\u00e4 maksamasta veroa keisarille ja v\u00e4itt\u00e4\u00e4 olevansa Messias, kuningas.&#8221; 3Pilatus kysyi Jeesukselta: &#8221;Oletko sin\u00e4 juutalaisten kuningas?&#8221; &#8221;Sin\u00e4 sen sanoit&#8221;, Jeesus&hellip;","_links":{"self":[{"href":"https:\/\/www.liftari.fi\/2\/wp-json\/wp\/v2\/pages\/3404","targetHints":{"allow":["GET"]}}],"collection":[{"href":"https:\/\/www.liftari.fi\/2\/wp-json\/wp\/v2\/pages"}],"about":[{"href":"https:\/\/www.liftari.fi\/2\/wp-json\/wp\/v2\/types\/page"}],"author":[{"embeddable":true,"href":"https:\/\/www.liftari.fi\/2\/wp-json\/wp\/v2\/users\/1"}],"replies":[{"embeddable":true,"href":"https:\/\/www.liftari.fi\/2\/wp-json\/wp\/v2\/comments?post=3404"}],"version-history":[{"count":2,"href":"https:\/\/www.liftari.fi\/2\/wp-json\/wp\/v2\/pages\/3404\/revisions"}],"predecessor-version":[{"id":3412,"href":"https:\/\/www.liftari.fi\/2\/wp-json\/wp\/v2\/pages\/3404\/revisions\/3412"}],"up":[{"embeddable":true,"href":"https:\/\/www.liftari.fi\/2\/wp-json\/wp\/v2\/pages\/95"}],"wp:attachment":[{"href":"https:\/\/www.liftari.fi\/2\/wp-json\/wp\/v2\/media?parent=3404"}],"curies":[{"name":"wp","href":"https:\/\/api.w.org\/{rel}","templated":true}]}}