{"id":3409,"date":"2026-04-01T03:05:23","date_gmt":"2026-03-30T00:05:53","guid":{"rendered":"https:\/\/www.liftari.fi\/2\/paivan-teksti\/260406-2\/"},"modified":"2026-04-01T03:05:23","modified_gmt":"2026-04-01T00:05:23","slug":"260406-2","status":"publish","type":"page","link":"https:\/\/www.liftari.fi\/2\/paivan-teksti\/260406-2\/","title":{"rendered":"260406"},"content":{"rendered":"<div class='paivasivuHeader'>\n<div class=\"paivanappi-container\">\n<div class=\"paivanappi vasen\"><a class=\"wp-block-button__link wp-element-button\" href=\"https:\/\/www.liftari.fi\/2\/paivan-teksti\/260405-2\/\" style=\"border-radius:6px\">&lt; Edellinen<\/a><\/div>\n<div class=\"paivanappi oikea\"><a class=\"wp-block-button__link wp-element-button\" href=\"https:\/\/www.liftari.fi\/2\/paivan-teksti\/260407-2\/\" style=\"border-radius:6px\">Seuraava &gt;<\/a><\/div>\n<\/div>\n<h3 class='paivamaaraHeader'>Ma 6.4.2026<\/h3>\n<h3 class='bibleHeader'>Luuk. 23:13-25<\/h3>\n<p><span class='versenumber'>13<\/span>Pilatus kutsui koolle ylipapit, hallitusmiehet ja kansan <span class='versenumber'>14<\/span>ja sanoi heille: &#8221;Te toitte t\u00e4m\u00e4n miehen minun eteeni v\u00e4itt\u00e4en h\u00e4nt\u00e4 kansan villitsij\u00e4ksi. Olen nyt teid\u00e4n l\u00e4sn\u00e4 ollessanne kuulustellut h\u00e4nt\u00e4, mutta en ole havainnut h\u00e4nen syyllistyneen mihink\u00e4\u00e4n, mist\u00e4 te h\u00e4nt\u00e4 syyt\u00e4tte. <span class='versenumber'>15<\/span>Ei liioin Herodes, sill\u00e4 h\u00e4n l\u00e4hetti miehen takaisin meid\u00e4n eteemme. Ei h\u00e4n ole tehnyt mit\u00e4\u00e4n, mist\u00e4 seuraisi kuolemantuomio. <span class='versenumber'>16<\/span>Min\u00e4 p\u00e4\u00e4st\u00e4n h\u00e4net vapaaksi, kunhan ensin olen antanut kurittaa h\u00e4nt\u00e4.&#8221; [<span class='versenumber'>17<\/span>[H\u00e4nen n\u00e4et t\u00e4ytyi aina juhlan aikana p\u00e4\u00e4st\u00e4\u00e4 heille joku vanki vapaaksi.] <span class='versenumber'>18<\/span>Silloin kaikki huusivat yhteen \u00e4\u00e4neen: &#8221;Kuolema sille miehelle! P\u00e4\u00e4st\u00e4 meille Barabbas!&#8221; <span class='versenumber'>19<\/span>Barabbas oli kaupungissa puhjenneen mellakan ja murhan t\u00e4hden vangittu mies. <span class='versenumber'>20<\/span>Pilatus vetosi uudestaan heihin, sill\u00e4 h\u00e4n halusi vapauttaa Jeesuksen. <span class='versenumber'>21<\/span>Mutta he huusivat vastaan: &#8221;Ristiinnaulitse, ristiinnaulitse!&#8221; <span class='versenumber'>22<\/span>Pilatus sanoi heille kolmannen kerran: &#8221;Mit\u00e4 pahaa h\u00e4n sitten on tehnyt? En ole havainnut mit\u00e4\u00e4n, mink\u00e4 vuoksi h\u00e4net pit\u00e4isi tuomita kuolemaan. Min\u00e4 p\u00e4\u00e4st\u00e4n h\u00e4net vapaaksi, kunhan olen antanut kurittaa h\u00e4nt\u00e4.&#8221; <span class='versenumber'>23<\/span>Mutta he eiv\u00e4t antaneet periksi vaan huusivat yh\u00e4 kovemmin ja vaativat, ett\u00e4 Jeesus oli ristiinnaulittava. Huutonsa voimalla he saivat tahtonsa l\u00e4pi. <span class='versenumber'>24<\/span>Pilatus p\u00e4\u00e4tti lopulta suostua heid\u00e4n vaatimukseensa. <span class='versenumber'>25<\/span>H\u00e4n vapautti sen miehen, jonka he halusivat &#8211; miehen, joka oli vangittu mellakan ja murhan t\u00e4hden &#8211; mutta Jeesuksen h\u00e4n luovutti heid\u00e4n valtaansa. <\/p>\n<h3 class='selitysHeader'>Ep\u00e4oikeudenmukainen oikeus<\/h3>\n<p>Jeesuksen oikeudenk\u00e4ynti oli oikeudenk\u00e4ynnin irvikuva. Pilatus totesi kolmeen kertaan Jeesuksen syytt\u00f6m\u00e4ksi siihen, mist\u00e4 h\u00e4nt\u00e4 syytettiin ja esitti kantansa perusteluineen suostuen jopa kompromissiin, syytt\u00f6m\u00e4ksi todetun kurittamiseen. Silti \u00e4\u00e4nekk\u00e4\u00e4t kuolemantuomion vaatijat saivat tahtonsa l\u00e4pi.  Viidakon laki toimii aina itsekk\u00e4\u00e4n, syntiin langenneen ihmisen ehdoilla. <\/p>\n<p>My\u00f6s omassa el\u00e4m\u00e4ss\u00e4mme, muodostaessamme mielipiteit\u00e4 asioista tai toisista ihmisist\u00e4, on oltava tarkkana, ettei yleinen mielipide tai k\u00e4sitys p\u00e4\u00e4se v\u00e4\u00e4rist\u00e4m\u00e4\u00e4n totuutta. Jeesus ei tuominnut koskaan v\u00e4\u00e4rin perustein, vaikka h\u00e4net tuomittiinkin. <\/p>\n<\/p>\n<div class='kysymykset'>\n<p>Millaisissa tilanteissa sin\u00e4 olet tuominnut tai leimannut l\u00e4himm\u00e4isi\u00e4si v\u00e4\u00e4rin perustein?<\/p>\n<p>Miksi Jeesus pystyi (ja pystyy) n\u00e4kem\u00e4\u00e4n ihmisen aina juuri sellaisena kuin t\u00e4m\u00e4 on?<\/p>\n<\/div>\n<\/div>\n","protected":false},"excerpt":{"rendered":"<p>&lt; Edellinen Seuraava &gt; Ma 6.4.2026 Luuk. 23:13-25 13Pilatus kutsui koolle ylipapit, hallitusmiehet ja kansan 14ja sanoi heille: &#8221;Te toitte t\u00e4m\u00e4n miehen minun eteeni v\u00e4itt\u00e4en h\u00e4nt\u00e4 kansan villitsij\u00e4ksi. Olen nyt teid\u00e4n l\u00e4sn\u00e4 ollessanne kuulustellut h\u00e4nt\u00e4, mutta en ole havainnut h\u00e4nen syyllistyneen mihink\u00e4\u00e4n, mist\u00e4 te h\u00e4nt\u00e4 syyt\u00e4tte. 15Ei liioin Herodes, sill\u00e4 h\u00e4n l\u00e4hetti miehen takaisin meid\u00e4n [&hellip;]<\/p>\n","protected":false},"author":1,"featured_media":0,"parent":95,"menu_order":0,"comment_status":"closed","ping_status":"closed","template":"","meta":{"_uag_custom_page_level_css":"","footnotes":""},"class_list":["post-3409","page","type-page","status-publish","hentry"],"uagb_featured_image_src":{"full":false,"thumbnail":false,"medium":false,"medium_large":false,"large":false,"1536x1536":false,"2048x2048":false},"uagb_author_info":{"display_name":"admin","author_link":"https:\/\/www.liftari.fi\/2\/author\/admin\/"},"uagb_comment_info":0,"uagb_excerpt":"&lt; Edellinen Seuraava &gt; Ma 6.4.2026 Luuk. 23:13-25 13Pilatus kutsui koolle ylipapit, hallitusmiehet ja kansan 14ja sanoi heille: &#8221;Te toitte t\u00e4m\u00e4n miehen minun eteeni v\u00e4itt\u00e4en h\u00e4nt\u00e4 kansan villitsij\u00e4ksi. Olen nyt teid\u00e4n l\u00e4sn\u00e4 ollessanne kuulustellut h\u00e4nt\u00e4, mutta en ole havainnut h\u00e4nen syyllistyneen mihink\u00e4\u00e4n, mist\u00e4 te h\u00e4nt\u00e4 syyt\u00e4tte. 15Ei liioin Herodes, sill\u00e4 h\u00e4n l\u00e4hetti miehen takaisin meid\u00e4n&hellip;","_links":{"self":[{"href":"https:\/\/www.liftari.fi\/2\/wp-json\/wp\/v2\/pages\/3409","targetHints":{"allow":["GET"]}}],"collection":[{"href":"https:\/\/www.liftari.fi\/2\/wp-json\/wp\/v2\/pages"}],"about":[{"href":"https:\/\/www.liftari.fi\/2\/wp-json\/wp\/v2\/types\/page"}],"author":[{"embeddable":true,"href":"https:\/\/www.liftari.fi\/2\/wp-json\/wp\/v2\/users\/1"}],"replies":[{"embeddable":true,"href":"https:\/\/www.liftari.fi\/2\/wp-json\/wp\/v2\/comments?post=3409"}],"version-history":[{"count":2,"href":"https:\/\/www.liftari.fi\/2\/wp-json\/wp\/v2\/pages\/3409\/revisions"}],"predecessor-version":[{"id":3417,"href":"https:\/\/www.liftari.fi\/2\/wp-json\/wp\/v2\/pages\/3409\/revisions\/3417"}],"up":[{"embeddable":true,"href":"https:\/\/www.liftari.fi\/2\/wp-json\/wp\/v2\/pages\/95"}],"wp:attachment":[{"href":"https:\/\/www.liftari.fi\/2\/wp-json\/wp\/v2\/media?parent=3409"}],"curies":[{"name":"wp","href":"https:\/\/api.w.org\/{rel}","templated":true}]}}