{"id":3414,"date":"2026-04-02T03:01:31","date_gmt":"2026-03-31T00:04:40","guid":{"rendered":"https:\/\/www.liftari.fi\/2\/paivan-teksti\/260407-2\/"},"modified":"2026-04-02T03:01:31","modified_gmt":"2026-04-02T00:01:31","slug":"260407-2","status":"publish","type":"page","link":"https:\/\/www.liftari.fi\/2\/paivan-teksti\/260407-2\/","title":{"rendered":"260407"},"content":{"rendered":"<div class='paivasivuHeader'>\n<div class=\"paivanappi-container\">\n<div class=\"paivanappi vasen\"><a class=\"wp-block-button__link wp-element-button\" href=\"https:\/\/www.liftari.fi\/2\/paivan-teksti\/260406-2\/\" style=\"border-radius:6px\">&lt; Edellinen<\/a><\/div>\n<div class=\"paivanappi oikea\"><a class=\"wp-block-button__link wp-element-button\" href=\"https:\/\/www.liftari.fi\/2\/paivan-teksti\/260408-2\/\" style=\"border-radius:6px\">Seuraava &gt;<\/a><\/div>\n<\/div>\n<h3 class='paivamaaraHeader'>Ti 7.4.2026<\/h3>\n<h3 class='bibleHeader'>Luuk. 23:26-31<\/h3>\n<p><span class='versenumber'>26<\/span>Jeesusta l\u00e4hdettiin viem\u00e4\u00e4n. Matkalla sotilaat pys\u00e4yttiv\u00e4t Simon-nimisen kyrenel\u00e4isen miehen, joka oli tulossa kaupunkiin, ja panivat h\u00e4net kantamaan risti\u00e4 Jeesuksen j\u00e4ljess\u00e4. <span class='versenumber'>27<\/span>Mukana seurasi suuri v\u00e4kijoukko, my\u00f6s monia naisia, jotka valittivat \u00e4\u00e4neen ja itkiv\u00e4t Jeesusta. <span class='versenumber'>28<\/span>Mutta Jeesus k\u00e4\u00e4ntyi heihin p\u00e4in ja sanoi: &#8221;\u00c4lk\u00e4\u00e4 minua itkek\u00f6, Jerusalemin tytt\u00e4ret, itkek\u00e4\u00e4 itse\u00e4nne ja lapsianne. <span class='versenumber'>29<\/span>Tulee aika, jolloin sanotaan: &#8217;Autuaita ovat hedelm\u00e4tt\u00f6m\u00e4t, autuaita ne kohdut, jotka eiv\u00e4t ole synnytt\u00e4neet, ja rinnat, jotka eiv\u00e4t ole lasta ruokkineet.&#8217; <span class='versenumber'>30<\/span>Silloin ihmiset sanovat vuorille: &#8217;Kaatukaa meid\u00e4n p\u00e4\u00e4llemme&#8217;, ja kukkuloille: &#8217;Peitt\u00e4k\u00e4\u00e4 meid\u00e4t.&#8217; <span class='versenumber'>31<\/span>Jos n\u00e4in tehd\u00e4\u00e4n vihannalle puulle, mit\u00e4 tapahtuukaan kuivalle!&#8221; <\/p>\n<h3 class='selitysHeader'>Ex tempore avustaja<\/h3>\n<p>Simon Kyrenel\u00e4isen osaksi annettiin konkreettisesti kantaa Jeesuksen risti\u00e4. Mutta yht\u00e4 lailla kaikki Jeesuksen seuraajat saavat ristin kantaakseen tavalla tai toisella. Ei meid\u00e4n tarvitse ehdoin tahdoin etsi\u00e4 k\u00e4rsimyksi\u00e4. Mutta niiden tullessa meit\u00e4 muistutetaan, ett\u00e4 t\u00e4m\u00e4 on tie, jolla seuraamme Mestariamme.<\/p>\n<p>On lohduttavaa, ett\u00e4 Jeesus lausui n\u00e4m\u00e4 sanat omalla ristintiell\u00e4\u00e4n. Ahdistusten tullen, miettiess\u00e4ni, mist\u00e4 saan voimaa jatkaa eteenp\u00e4in, vastaus on edess\u00e4ni: Jeesus kantoi raskaimman ristin, sen jolla sovitettiin koko maailman synnit. H\u00e4nen rakkautensa minua kohtaan kutsuu uskollisuuteen. Voimme rukoilla: &#8221;En ymm\u00e4rr\u00e4 n\u00e4it\u00e4 koettelemuksiani, mutta annan itseni Sinun haltuusi. Anna voima t\u00e4n\u00e4\u00e4n kantaa ristini. Kiitos, ett\u00e4 olet sen kantanut.&#8221; <\/p>\n<\/p>\n<div class='kysymykset'>\n<p>Mit\u00e4 olisit tuntenut ja miten toiminut, jos sinut olisi vedetty v\u00e4kijoukosta Jeesuksen ristin kantajaksi?<\/p>\n<p>Onko jokin asia omassa el\u00e4m\u00e4ss\u00e4si tuntunut ristilt\u00e4?<\/p>\n<\/div>\n<\/div>\n","protected":false},"excerpt":{"rendered":"<p>&lt; Edellinen Seuraava &gt; Ti 7.4.2026 Luuk. 23:26-31 26Jeesusta l\u00e4hdettiin viem\u00e4\u00e4n. Matkalla sotilaat pys\u00e4yttiv\u00e4t Simon-nimisen kyrenel\u00e4isen miehen, joka oli tulossa kaupunkiin, ja panivat h\u00e4net kantamaan risti\u00e4 Jeesuksen j\u00e4ljess\u00e4. 27Mukana seurasi suuri v\u00e4kijoukko, my\u00f6s monia naisia, jotka valittivat \u00e4\u00e4neen ja itkiv\u00e4t Jeesusta. 28Mutta Jeesus k\u00e4\u00e4ntyi heihin p\u00e4in ja sanoi: &#8221;\u00c4lk\u00e4\u00e4 minua itkek\u00f6, Jerusalemin tytt\u00e4ret, itkek\u00e4\u00e4 itse\u00e4nne [&hellip;]<\/p>\n","protected":false},"author":1,"featured_media":0,"parent":95,"menu_order":0,"comment_status":"closed","ping_status":"closed","template":"","meta":{"_uag_custom_page_level_css":"","footnotes":""},"class_list":["post-3414","page","type-page","status-publish","hentry"],"uagb_featured_image_src":{"full":false,"thumbnail":false,"medium":false,"medium_large":false,"large":false,"1536x1536":false,"2048x2048":false},"uagb_author_info":{"display_name":"admin","author_link":"https:\/\/www.liftari.fi\/2\/author\/admin\/"},"uagb_comment_info":0,"uagb_excerpt":"&lt; Edellinen Seuraava &gt; Ti 7.4.2026 Luuk. 23:26-31 26Jeesusta l\u00e4hdettiin viem\u00e4\u00e4n. Matkalla sotilaat pys\u00e4yttiv\u00e4t Simon-nimisen kyrenel\u00e4isen miehen, joka oli tulossa kaupunkiin, ja panivat h\u00e4net kantamaan risti\u00e4 Jeesuksen j\u00e4ljess\u00e4. 27Mukana seurasi suuri v\u00e4kijoukko, my\u00f6s monia naisia, jotka valittivat \u00e4\u00e4neen ja itkiv\u00e4t Jeesusta. 28Mutta Jeesus k\u00e4\u00e4ntyi heihin p\u00e4in ja sanoi: &#8221;\u00c4lk\u00e4\u00e4 minua itkek\u00f6, Jerusalemin tytt\u00e4ret, itkek\u00e4\u00e4 itse\u00e4nne&hellip;","_links":{"self":[{"href":"https:\/\/www.liftari.fi\/2\/wp-json\/wp\/v2\/pages\/3414","targetHints":{"allow":["GET"]}}],"collection":[{"href":"https:\/\/www.liftari.fi\/2\/wp-json\/wp\/v2\/pages"}],"about":[{"href":"https:\/\/www.liftari.fi\/2\/wp-json\/wp\/v2\/types\/page"}],"author":[{"embeddable":true,"href":"https:\/\/www.liftari.fi\/2\/wp-json\/wp\/v2\/users\/1"}],"replies":[{"embeddable":true,"href":"https:\/\/www.liftari.fi\/2\/wp-json\/wp\/v2\/comments?post=3414"}],"version-history":[{"count":2,"href":"https:\/\/www.liftari.fi\/2\/wp-json\/wp\/v2\/pages\/3414\/revisions"}],"predecessor-version":[{"id":3422,"href":"https:\/\/www.liftari.fi\/2\/wp-json\/wp\/v2\/pages\/3414\/revisions\/3422"}],"up":[{"embeddable":true,"href":"https:\/\/www.liftari.fi\/2\/wp-json\/wp\/v2\/pages\/95"}],"wp:attachment":[{"href":"https:\/\/www.liftari.fi\/2\/wp-json\/wp\/v2\/media?parent=3414"}],"curies":[{"name":"wp","href":"https:\/\/api.w.org\/{rel}","templated":true}]}}