{"id":3419,"date":"2026-04-03T03:02:31","date_gmt":"2026-04-01T00:05:23","guid":{"rendered":"https:\/\/www.liftari.fi\/2\/paivan-teksti\/260408-2\/"},"modified":"2026-04-03T03:02:31","modified_gmt":"2026-04-03T00:02:31","slug":"260408-2","status":"publish","type":"page","link":"https:\/\/www.liftari.fi\/2\/paivan-teksti\/260408-2\/","title":{"rendered":"260408"},"content":{"rendered":"<div class='paivasivuHeader'>\n<div class=\"paivanappi-container\">\n<div class=\"paivanappi vasen\"><a class=\"wp-block-button__link wp-element-button\" href=\"https:\/\/www.liftari.fi\/2\/paivan-teksti\/260407-2\/\" style=\"border-radius:6px\">&lt; Edellinen<\/a><\/div>\n<div class=\"paivanappi oikea\"><a class=\"wp-block-button__link wp-element-button\" href=\"https:\/\/www.liftari.fi\/2\/paivan-teksti\/260409-2\/\" style=\"border-radius:6px\">Seuraava &gt;<\/a><\/div>\n<\/div>\n<h3 class='paivamaaraHeader'>Ke 8.4.2026<\/h3>\n<h3 class='bibleHeader'>Luuk. 23:32-43<\/h3>\n<p><span class='versenumber'>32<\/span>Jeesuksen kanssa teloitettavaksi vietiin kaksi muuta miest\u00e4, kaksi rikollista. <span class='versenumber'>33<\/span>Kun tultiin paikkaan, jota kutsutaan P\u00e4\u00e4kalloksi, he ristiinnaulitsivat Jeesuksen ja rikolliset, toisen h\u00e4nen oikealle puolelleen, toisen vasemmalle. <span class='versenumber'>34<\/span>Mutta Jeesus sanoi: &#8221;Is\u00e4, anna heille anteeksi. He eiv\u00e4t tied\u00e4, mit\u00e4 tekev\u00e4t.&#8221; Sotilaat jakoivat kesken\u00e4\u00e4n Jeesuksen vaatteet heitt\u00e4m\u00e4ll\u00e4 niist\u00e4 arpaa. <span class='versenumber'>35<\/span>Kansa seisoi katselemassa. Hallitusmiehi\u00e4kin oli siell\u00e4 ivailemassa Jeesusta. He sanoivat: &#8221;Muita h\u00e4n kyll\u00e4 on auttanut &#8211; auttakoon nyt itse\u00e4\u00e4n, jos h\u00e4n kerran on Messias, Jumalan valittu.&#8221; <span class='versenumber'>36<\/span>My\u00f6s sotilaat pilkkasivat h\u00e4nt\u00e4. He tulivat h\u00e4nen luokseen, tarjosivat h\u00e4nelle hapanviini\u00e4 <span class='versenumber'>37<\/span>ja sanoivat: &#8221;Jos olet juutalaisten kuningas, niin pelasta itsesi.&#8221; <span class='versenumber'>38<\/span>Jeesuksen p\u00e4\u00e4n yl\u00e4puolella oli my\u00f6s kirjoitus: &#8221;T\u00e4m\u00e4 on juutalaisten kuningas.&#8221; <span class='versenumber'>39<\/span>Toinen ristill\u00e4 riippuvista pahantekij\u00f6ist\u00e4 herjasi h\u00e4nkin Jeesusta. H\u00e4n sanoi: &#8221;Etk\u00f6 sin\u00e4 ole Messias? Pelasta nyt itsesi ja meid\u00e4t!&#8221; <span class='versenumber'>40<\/span>Mutta toinen moitti h\u00e4nt\u00e4: &#8221;Etk\u00f6 edes sin\u00e4 pelk\u00e4\u00e4 Jumalaa, vaikka k\u00e4rsit samaa rangaistusta? <span class='versenumber'>41<\/span>Meh\u00e4n olemme ansainneet tuomiomme, meit\u00e4 rangaistaan tekojemme mukaan, mutta t\u00e4m\u00e4 mies ei ole tehnyt mit\u00e4\u00e4n pahaa.&#8221; <span class='versenumber'>42<\/span>Ja h\u00e4n sanoi: &#8221;Jeesus, muista minua, kun tulet valtakuntaasi.&#8221; <span class='versenumber'>43<\/span>Jeesus vastasi: &#8221;Totisesti: jo t\u00e4n\u00e4\u00e4n olet minun kanssani paratiisissa.&#8221; <\/p>\n<h3 class='selitysHeader'>Historiallinen keskustelu<\/h3>\n<p>Muistatko k\u00e4yneesi jonkin hyvin merkitt\u00e4v\u00e4n keskustelun, jolla oli suuri vaikutus siihen, mit\u00e4 sen j\u00e4lkeen tapahtui? Olet ehk\u00e4 k\u00e4ynyt sellaisen vanhempiesi, opettajasi, yst\u00e4v\u00e4si tai isosesi kanssa. T\u00e4rkeiss\u00e4, vaikuttavissa keskusteluissa kumpikin osapuoli on avoin ja rehellinen. Jos haluaa piilotella asioita tai jopa valehdella, kunnon keskustelusta ei tule mit\u00e4\u00e4n.<\/p>\n<p>Ristill\u00e4 roikkuvien miesten v\u00e4lill\u00e4 k\u00e4ytiin harvinaisen rehellinen keskustelu. He olivat h\u00e4v\u00e4istyj\u00e4, roikkuivat alasti kaiken kansan katseltavana, ja tiesiv\u00e4t kuolevansa kohta. Verta vuotavina he viel\u00e4 jaksoivat k\u00e4yd\u00e4 lyhyen keskustelun, jossa jokainen avasi syd\u00e4mens\u00e4. Toisen rikollisen syd\u00e4n oli kova ja pysyi sellaisena. Toisen syd\u00e4n oli avoin ja murtunut. H\u00e4n pystyi n\u00e4kem\u00e4\u00e4n Jeesuksen sellaisena kuin t\u00e4m\u00e4 oli: t\u00e4ydellisen\u00e4 ja hyv\u00e4n\u00e4. Vaikka kaikki kolme n\u00e4yttiv\u00e4t ulkoisesti samanlaisilta, heid\u00e4n keskustelunsa osoitti, ett\u00e4 hyvin pian he olisivat aivan erilaisessa asemassa: yksi iankaikkisesti kadotettuna, toinen iankaikkisesti pelastettuna. Ja se kolmas, Jeesus, nousisi parin p\u00e4iv\u00e4n p\u00e4\u00e4st\u00e4 kuolleista ja n\u00e4ytt\u00e4ytyisi niille, jotka nyt toivottomina itkiv\u00e4t ristin juurella. <\/p>\n<\/p>\n<div class='kysymykset'>\n<p>Millaisia keskusteluja olet k\u00e4ynyt Jeesuksen kanssa?<\/p>\n<p>Miten avoin syd\u00e4mesi on Jeesuksen sanoille?<\/p>\n<\/div>\n<\/div>\n","protected":false},"excerpt":{"rendered":"<p>&lt; Edellinen Seuraava &gt; Ke 8.4.2026 Luuk. 23:32-43 32Jeesuksen kanssa teloitettavaksi vietiin kaksi muuta miest\u00e4, kaksi rikollista. 33Kun tultiin paikkaan, jota kutsutaan P\u00e4\u00e4kalloksi, he ristiinnaulitsivat Jeesuksen ja rikolliset, toisen h\u00e4nen oikealle puolelleen, toisen vasemmalle. 34Mutta Jeesus sanoi: &#8221;Is\u00e4, anna heille anteeksi. He eiv\u00e4t tied\u00e4, mit\u00e4 tekev\u00e4t.&#8221; Sotilaat jakoivat kesken\u00e4\u00e4n Jeesuksen vaatteet heitt\u00e4m\u00e4ll\u00e4 niist\u00e4 arpaa. 35Kansa [&hellip;]<\/p>\n","protected":false},"author":1,"featured_media":0,"parent":95,"menu_order":0,"comment_status":"closed","ping_status":"closed","template":"","meta":{"_uag_custom_page_level_css":"","footnotes":""},"class_list":["post-3419","page","type-page","status-publish","hentry"],"uagb_featured_image_src":{"full":false,"thumbnail":false,"medium":false,"medium_large":false,"large":false,"1536x1536":false,"2048x2048":false},"uagb_author_info":{"display_name":"admin","author_link":"https:\/\/www.liftari.fi\/2\/author\/admin\/"},"uagb_comment_info":0,"uagb_excerpt":"&lt; Edellinen Seuraava &gt; Ke 8.4.2026 Luuk. 23:32-43 32Jeesuksen kanssa teloitettavaksi vietiin kaksi muuta miest\u00e4, kaksi rikollista. 33Kun tultiin paikkaan, jota kutsutaan P\u00e4\u00e4kalloksi, he ristiinnaulitsivat Jeesuksen ja rikolliset, toisen h\u00e4nen oikealle puolelleen, toisen vasemmalle. 34Mutta Jeesus sanoi: &#8221;Is\u00e4, anna heille anteeksi. He eiv\u00e4t tied\u00e4, mit\u00e4 tekev\u00e4t.&#8221; Sotilaat jakoivat kesken\u00e4\u00e4n Jeesuksen vaatteet heitt\u00e4m\u00e4ll\u00e4 niist\u00e4 arpaa. 35Kansa&hellip;","_links":{"self":[{"href":"https:\/\/www.liftari.fi\/2\/wp-json\/wp\/v2\/pages\/3419","targetHints":{"allow":["GET"]}}],"collection":[{"href":"https:\/\/www.liftari.fi\/2\/wp-json\/wp\/v2\/pages"}],"about":[{"href":"https:\/\/www.liftari.fi\/2\/wp-json\/wp\/v2\/types\/page"}],"author":[{"embeddable":true,"href":"https:\/\/www.liftari.fi\/2\/wp-json\/wp\/v2\/users\/1"}],"replies":[{"embeddable":true,"href":"https:\/\/www.liftari.fi\/2\/wp-json\/wp\/v2\/comments?post=3419"}],"version-history":[{"count":2,"href":"https:\/\/www.liftari.fi\/2\/wp-json\/wp\/v2\/pages\/3419\/revisions"}],"predecessor-version":[{"id":3427,"href":"https:\/\/www.liftari.fi\/2\/wp-json\/wp\/v2\/pages\/3419\/revisions\/3427"}],"up":[{"embeddable":true,"href":"https:\/\/www.liftari.fi\/2\/wp-json\/wp\/v2\/pages\/95"}],"wp:attachment":[{"href":"https:\/\/www.liftari.fi\/2\/wp-json\/wp\/v2\/media?parent=3419"}],"curies":[{"name":"wp","href":"https:\/\/api.w.org\/{rel}","templated":true}]}}