{"id":3424,"date":"2026-04-04T03:01:40","date_gmt":"2026-04-02T00:01:31","guid":{"rendered":"https:\/\/www.liftari.fi\/2\/paivan-teksti\/260409-2\/"},"modified":"2026-04-04T03:01:40","modified_gmt":"2026-04-04T00:01:40","slug":"260409-2","status":"publish","type":"page","link":"https:\/\/www.liftari.fi\/2\/paivan-teksti\/260409-2\/","title":{"rendered":"260409"},"content":{"rendered":"<div class='paivasivuHeader'>\n<div class=\"paivanappi-container\">\n<div class=\"paivanappi vasen\"><a class=\"wp-block-button__link wp-element-button\" href=\"https:\/\/www.liftari.fi\/2\/paivan-teksti\/260408-2\/\" style=\"border-radius:6px\">&lt; Edellinen<\/a><\/div>\n<div class=\"paivanappi oikea\"><a class=\"wp-block-button__link wp-element-button\" href=\"https:\/\/www.liftari.fi\/2\/paivan-teksti\/260410-2\/\" style=\"border-radius:6px\">Seuraava &gt;<\/a><\/div>\n<\/div>\n<h3 class='paivamaaraHeader'>To 9.4.2026<\/h3>\n<h3 class='bibleHeader'>Luuk. 23:44-56<\/h3>\n<p><span class='versenumber'>44<\/span>Oli jo kuudes tunti. Silloin, keskip\u00e4iv\u00e4ll\u00e4, aurinko pimeni. Pimeys tuli koko maan ylle, ja sit\u00e4 kesti yhdeks\u00e4nteen tuntiin saakka. <span class='versenumber'>45<\/span>Temppelin v\u00e4liverho repesi keskelt\u00e4 kahtia. <span class='versenumber'>46<\/span>Ja Jeesus huusi kovalla \u00e4\u00e4nell\u00e4: &#8221;Is\u00e4, sinun k\u00e4siisi min\u00e4 uskon henkeni.&#8221; T\u00e4m\u00e4n sanottuaan h\u00e4n henk\u00e4isi viimeisen kerran. <span class='versenumber'>47<\/span>Kun sadanp\u00e4\u00e4llikk\u00f6 n\u00e4ki, mit\u00e4 tapahtui, h\u00e4n antoi Jumalalle kunnian ja sanoi: &#8221;T\u00e4m\u00e4 mies oli todella viaton.&#8221; <span class='versenumber'>48<\/span>Ja kaikki ne ihmiset, jotka suurin joukoin olivat ker\u00e4\u00e4ntyneet katselemaan t\u00e4t\u00e4 n\u00e4ytelm\u00e4\u00e4, palasivat t\u00e4m\u00e4n n\u00e4hty\u00e4\u00e4n kaupunkiin rintaansa ly\u00f6den. <span class='versenumber'>49<\/span>Jeesuksen tuttavat seisoivat kaikki et\u00e4\u00e4mp\u00e4n\u00e4 ja seurasivat sielt\u00e4 tapahtumia. Siell\u00e4 olivat my\u00f6s naiset, jotka olivat tulleet Galileasta h\u00e4nen mukanaan. <\/p>\n<p><span class='versenumber'>50<\/span>Muuan neuvoston j\u00e4sen, Joosef, joka oli kotoisin juutalaisesta Arimatian kaupungista, ei ollut yhtynyt neuvoston p\u00e4\u00e4t\u00f6kseen eik\u00e4 osallistunut sen toimiin. H\u00e4n oli hyv\u00e4 ja hurskas mies ja odotti Jumalan valtakuntaa. <span class='versenumber'>52<\/span>Joosef meni Pilatuksen puheille ja pyysi Jeesuksen ruumista. <span class='versenumber'>53<\/span>H\u00e4n otti sen ristilt\u00e4, k\u00e4\u00e4ri pellavavaatteeseen ja pani kallioon hakattuun hautaan, johon ei viel\u00e4 ollut haudattu ket\u00e4\u00e4n. <span class='versenumber'>54<\/span>Oli valmistusp\u00e4iv\u00e4, sapatti oli juuri alkamassa. <span class='versenumber'>55<\/span>Naiset, jotka olivat Jeesuksen kanssa tulleet Galileasta, l\u00e4htiv\u00e4t Joosefin mukaan. He n\u00e4kiv\u00e4t, kuinka Jeesuksen ruumis pantiin hautaan. <span class='versenumber'>56<\/span>Palattuaan kaupunkiin he hankkivat tuoksuvia \u00f6ljyj\u00e4 ja voiteita, mutta sapatin he viettiv\u00e4t levossa lain k\u00e4skyn mukaan. <\/p>\n<h3 class='selitysHeader'>Mit\u00e4 ajattelet t\u00e4st\u00e4?<\/h3>\n<p>Jeesuksen ristiinnaulitseminen on monille tuttuakin tutumpi tapahtuma. Tied\u00e4mme sen olevan kristinuskon keskus. Olemme n\u00e4hneet lukemattomia krusifikseja ja ristiinnaulittua esitt\u00e4vi\u00e4 kuvia. Asian tuttuus voi h\u00e4m\u00e4rt\u00e4\u00e4 ymm\u00e4rryksemme siit\u00e4, ett\u00e4 kyse on ikuisuuskohtalomme m\u00e4\u00e4ritt\u00e4v\u00e4st\u00e4 tapauksesta. Silloin ratkaisevaa ei ole se, kuinka tuttu asia on ulkonaisesti. Olennaista on sis\u00e4inen suhtautumisesi. <\/p>\n<p>Oletko sin\u00e4 niin kuin tekstin ihmisjoukot, jotka katselivat ristiinnaulitsemista &#8221;n\u00e4ytelm\u00e4n\u00e4&#8221;? He n\u00e4kiv\u00e4t ja jopa j\u00e4rkyttyiv\u00e4t syv\u00e4sti. Kuitenkin he l\u00e4htiv\u00e4t pois, palasivat arkiel\u00e4m\u00e4\u00e4ns\u00e4. Vai katsotko ristiinnaulitsemista ymm\u00e4rt\u00e4en, ett\u00e4 kyseess\u00e4 on maailmanhistorian ja oman el\u00e4m\u00e4si merkitt\u00e4vin asia? J\u00e4\u00e4tk\u00f6 Jeesuksen rinnalle pimein\u00e4kin hetkin\u00e4, syleillen h\u00e4nt\u00e4 kuten Joosef Arimatialainen haudatessaan Jeesuksen? <\/p>\n<\/p>\n<div class='kysymykset'>\n<p>Jos huomaat, ett\u00e4 Jeesuksen ristiinnaulitseminen on sinulle vain ulkonainen n\u00e4ytelm\u00e4, miten siit\u00e4 voisi tulla sinulle syd\u00e4men asia?<\/p>\n<p>Miksi Jeesuksen ristiinnaulitseminen on niin t\u00e4rke\u00e4, suorastaan elint\u00e4rke\u00e4 asia?<\/p>\n<\/div>\n<\/div>\n","protected":false},"excerpt":{"rendered":"<p>&lt; Edellinen Seuraava &gt; To 9.4.2026 Luuk. 23:44-56 44Oli jo kuudes tunti. Silloin, keskip\u00e4iv\u00e4ll\u00e4, aurinko pimeni. Pimeys tuli koko maan ylle, ja sit\u00e4 kesti yhdeks\u00e4nteen tuntiin saakka. 45Temppelin v\u00e4liverho repesi keskelt\u00e4 kahtia. 46Ja Jeesus huusi kovalla \u00e4\u00e4nell\u00e4: &#8221;Is\u00e4, sinun k\u00e4siisi min\u00e4 uskon henkeni.&#8221; T\u00e4m\u00e4n sanottuaan h\u00e4n henk\u00e4isi viimeisen kerran. 47Kun sadanp\u00e4\u00e4llikk\u00f6 n\u00e4ki, mit\u00e4 tapahtui, h\u00e4n [&hellip;]<\/p>\n","protected":false},"author":1,"featured_media":0,"parent":95,"menu_order":0,"comment_status":"closed","ping_status":"closed","template":"","meta":{"_uag_custom_page_level_css":"","footnotes":""},"class_list":["post-3424","page","type-page","status-publish","hentry"],"uagb_featured_image_src":{"full":false,"thumbnail":false,"medium":false,"medium_large":false,"large":false,"1536x1536":false,"2048x2048":false},"uagb_author_info":{"display_name":"admin","author_link":"https:\/\/www.liftari.fi\/2\/author\/admin\/"},"uagb_comment_info":0,"uagb_excerpt":"&lt; Edellinen Seuraava &gt; To 9.4.2026 Luuk. 23:44-56 44Oli jo kuudes tunti. Silloin, keskip\u00e4iv\u00e4ll\u00e4, aurinko pimeni. Pimeys tuli koko maan ylle, ja sit\u00e4 kesti yhdeks\u00e4nteen tuntiin saakka. 45Temppelin v\u00e4liverho repesi keskelt\u00e4 kahtia. 46Ja Jeesus huusi kovalla \u00e4\u00e4nell\u00e4: &#8221;Is\u00e4, sinun k\u00e4siisi min\u00e4 uskon henkeni.&#8221; T\u00e4m\u00e4n sanottuaan h\u00e4n henk\u00e4isi viimeisen kerran. 47Kun sadanp\u00e4\u00e4llikk\u00f6 n\u00e4ki, mit\u00e4 tapahtui, h\u00e4n&hellip;","_links":{"self":[{"href":"https:\/\/www.liftari.fi\/2\/wp-json\/wp\/v2\/pages\/3424","targetHints":{"allow":["GET"]}}],"collection":[{"href":"https:\/\/www.liftari.fi\/2\/wp-json\/wp\/v2\/pages"}],"about":[{"href":"https:\/\/www.liftari.fi\/2\/wp-json\/wp\/v2\/types\/page"}],"author":[{"embeddable":true,"href":"https:\/\/www.liftari.fi\/2\/wp-json\/wp\/v2\/users\/1"}],"replies":[{"embeddable":true,"href":"https:\/\/www.liftari.fi\/2\/wp-json\/wp\/v2\/comments?post=3424"}],"version-history":[{"count":2,"href":"https:\/\/www.liftari.fi\/2\/wp-json\/wp\/v2\/pages\/3424\/revisions"}],"predecessor-version":[{"id":3432,"href":"https:\/\/www.liftari.fi\/2\/wp-json\/wp\/v2\/pages\/3424\/revisions\/3432"}],"up":[{"embeddable":true,"href":"https:\/\/www.liftari.fi\/2\/wp-json\/wp\/v2\/pages\/95"}],"wp:attachment":[{"href":"https:\/\/www.liftari.fi\/2\/wp-json\/wp\/v2\/media?parent=3424"}],"curies":[{"name":"wp","href":"https:\/\/api.w.org\/{rel}","templated":true}]}}