{"id":3434,"date":"2026-04-06T03:03:58","date_gmt":"2026-04-04T00:01:40","guid":{"rendered":"https:\/\/www.liftari.fi\/2\/paivan-teksti\/260411-2\/"},"modified":"2026-04-06T03:03:58","modified_gmt":"2026-04-06T00:03:58","slug":"260411-2","status":"publish","type":"page","link":"https:\/\/www.liftari.fi\/2\/paivan-teksti\/260411-2\/","title":{"rendered":"260411"},"content":{"rendered":"<div class='paivasivuHeader'>\n<div class=\"paivanappi-container\">\n<div class=\"paivanappi vasen\"><a class=\"wp-block-button__link wp-element-button\" href=\"https:\/\/www.liftari.fi\/2\/paivan-teksti\/260410-2\/\" style=\"border-radius:6px\">&lt; Edellinen<\/a><\/div>\n<div class=\"paivanappi oikea\"><a class=\"wp-block-button__link wp-element-button\" href=\"https:\/\/www.liftari.fi\/2\/paivan-teksti\/260412-2\/\" style=\"border-radius:6px\">Seuraava &gt;<\/a><\/div>\n<\/div>\n<h3 class='paivamaaraHeader'>La 11.4.2026<\/h3>\n<h3 class='bibleHeader'>Luuk. 24:13-27<\/h3>\n<p><span class='versenumber'>13<\/span>Samana p\u00e4iv\u00e4n\u00e4 oli kaksi opetuslasta menossa Emmaus-nimiseen kyl\u00e4\u00e4n, jonne on Jerusalemista noin kahden tunnin k\u00e4velymatka. <span class='versenumber'>14<\/span>He keskustelivat kaikesta siit\u00e4, mit\u00e4 oli tapahtunut. <span class='versenumber'>15<\/span>Heid\u00e4n siin\u00e4 puhellessaan ja pohdiskellessaan Jeesus itse liittyi heid\u00e4n seuraansa ja kulki heid\u00e4n kanssaan. <span class='versenumber'>16<\/span>He eiv\u00e4t kuitenkaan tunteneet h\u00e4nt\u00e4, sill\u00e4 heid\u00e4n silm\u00e4ns\u00e4 olivat kuin sokaistut. <span class='versenumber'>17<\/span>Jeesus kysyi heilt\u00e4: &#8221;Mist\u00e4 te oikein keskustelette, matkamiehet?&#8221; He pys\u00e4htyiv\u00e4t murheellisina, <span class='versenumber'>18<\/span>ja toinen heist\u00e4, Kleopas nimelt\u00e4\u00e4n, vastasi: &#8221;Taidat olla Jerusalemissa ainoa muukalainen, joka ei tied\u00e4, mit\u00e4 siell\u00e4 on n\u00e4in\u00e4 p\u00e4ivin\u00e4 tapahtunut.&#8221; <span class='versenumber'>19<\/span>&#8221;Mit\u00e4 te tarkoitatte?&#8221; Jeesus kysyi. He vastasivat: &#8221;Sit\u00e4, mit\u00e4 tapahtui Jeesus Nasaretilaiselle. Se mies oli tosi profeetta, voimallinen sanoissa ja teoissa, sek\u00e4 Jumalan ett\u00e4 kaiken kansan edess\u00e4. <span class='versenumber'>20<\/span>Meid\u00e4n ylipappimme ja hallitusmiehemme luovuttivat h\u00e4net tuomittavaksi kuolemaan ja ristiinnaulitsivat h\u00e4net. <span class='versenumber'>21<\/span>Me kuitenkin olimme el\u00e4neet siin\u00e4 toivossa, ett\u00e4 h\u00e4n olisi se, joka lunastaa Israelin. Eik\u00e4 siin\u00e4 kaikki. T\u00e4n\u00e4\u00e4n on jo kolmas p\u00e4iv\u00e4 siit\u00e4 kun se tapahtui, <span class='versenumber'>22<\/span>ja nyt ovat muutamat naiset meid\u00e4n joukostamme saattaneet meid\u00e4t kerta kaikkiaan h\u00e4mmennyksiin. He k\u00e4viv\u00e4t varhain aamulla haudalla <span class='versenumber'>23<\/span>mutta eiv\u00e4t l\u00f6yt\u00e4neet h\u00e4nen ruumistaan. Sielt\u00e4 tultuaan he lis\u00e4ksi kertoivat n\u00e4hneens\u00e4 n\u00e4yn: enkeleit\u00e4, jotka sanoivat, ett\u00e4 Jeesus el\u00e4\u00e4. <span class='versenumber'>24<\/span>Muutamat meist\u00e4 meniv\u00e4t silloin haudalle ja totesivat, ett\u00e4 asia oli niin kuin naiset olivat sanoneet. Jeesusta he eiv\u00e4t n\u00e4hneet.&#8221; <span class='versenumber'>25<\/span>Silloin Jeesus sanoi heille: &#8221;Voi teit\u00e4 ymm\u00e4rt\u00e4m\u00e4tt\u00f6mi\u00e4! Noinko hitaita te olette uskomaan kaikkea sit\u00e4, mit\u00e4 profeetat ovat puhuneet? <span class='versenumber'>26<\/span>Juuri niinh\u00e4n Messiaan piti k\u00e4rsi\u00e4 ja sitten menn\u00e4 kirkkauteensa.&#8221; <span class='versenumber'>27<\/span>Ja h\u00e4n selitti heille Mooseksesta ja kaikista profeetoista alkaen, mit\u00e4 h\u00e4nest\u00e4 oli kaikissa kirjoituksissa sanottu. <\/p>\n<h3 class='selitysHeader'>Kahden tunnin luento<\/h3>\n<p>On oikeastaan harmillista, ettei kertomukseen ole kirjoitettu muistiin, mit\u00e4 Jeesus sanoi itsest\u00e4\u00e4n kerrottavan Vanhassa testamentissa. Olisi ollut hienoa olla nelj\u00e4nten\u00e4 tuolla kahden tunnin ikimuistoisella k\u00e4velyll\u00e4! Mutta itse asiassa Jeesuksen kertomat asiat l\u00f6ytyv\u00e4t kaikkialta Uudesta testamentista, sielt\u00e4 miss\u00e4 h\u00e4n viittaa Vanhaan testamenttiin.<\/p>\n<p>Jumalan valtakuntaan ei ollut oikotiet\u00e4. Tie sinne kulki kuoleman ja yl\u00f6snousemuksen kautta. Yl\u00f6snoussut Jeesus oli saanut yl\u00f6snousemusruumiin, siksi miehet eiv\u00e4t tunnistaneet h\u00e4nt\u00e4. Me emme voi en\u00e4\u00e4 n\u00e4hd\u00e4 Jeesusta konkreettisesti keskuudessamme, mutta h\u00e4n el\u00e4\u00e4 t\u00e4\u00e4ll\u00e4 silti. H\u00e4net tunnistaa edelleenkin sanoista: h\u00e4n puhuu meille Raamatun sanan kautta. Ja itse asiassa saamme kerran itsekin viel\u00e4 n\u00e4hd\u00e4 h\u00e4net &#8211; sitten kun h\u00e4n palaa takaisin.<\/p>\n<\/p>\n<div class='kysymykset'>\n<p>Mit\u00e4 kysyisit Jeesukselta, jos saisit juuri nyt jutella h\u00e4nen kanssaan?<\/p>\n<p>Muistatko, mit\u00e4 Vanhassa testamentissa on sanottu Jeesuksesta? <\/p>\n<\/div>\n<\/div>\n","protected":false},"excerpt":{"rendered":"<p>&lt; Edellinen Seuraava &gt; La 11.4.2026 Luuk. 24:13-27 13Samana p\u00e4iv\u00e4n\u00e4 oli kaksi opetuslasta menossa Emmaus-nimiseen kyl\u00e4\u00e4n, jonne on Jerusalemista noin kahden tunnin k\u00e4velymatka. 14He keskustelivat kaikesta siit\u00e4, mit\u00e4 oli tapahtunut. 15Heid\u00e4n siin\u00e4 puhellessaan ja pohdiskellessaan Jeesus itse liittyi heid\u00e4n seuraansa ja kulki heid\u00e4n kanssaan. 16He eiv\u00e4t kuitenkaan tunteneet h\u00e4nt\u00e4, sill\u00e4 heid\u00e4n silm\u00e4ns\u00e4 olivat kuin sokaistut. [&hellip;]<\/p>\n","protected":false},"author":1,"featured_media":0,"parent":95,"menu_order":0,"comment_status":"closed","ping_status":"closed","template":"","meta":{"_uag_custom_page_level_css":"","footnotes":""},"class_list":["post-3434","page","type-page","status-publish","hentry"],"uagb_featured_image_src":{"full":false,"thumbnail":false,"medium":false,"medium_large":false,"large":false,"1536x1536":false,"2048x2048":false},"uagb_author_info":{"display_name":"admin","author_link":"https:\/\/www.liftari.fi\/2\/author\/admin\/"},"uagb_comment_info":0,"uagb_excerpt":"&lt; Edellinen Seuraava &gt; La 11.4.2026 Luuk. 24:13-27 13Samana p\u00e4iv\u00e4n\u00e4 oli kaksi opetuslasta menossa Emmaus-nimiseen kyl\u00e4\u00e4n, jonne on Jerusalemista noin kahden tunnin k\u00e4velymatka. 14He keskustelivat kaikesta siit\u00e4, mit\u00e4 oli tapahtunut. 15Heid\u00e4n siin\u00e4 puhellessaan ja pohdiskellessaan Jeesus itse liittyi heid\u00e4n seuraansa ja kulki heid\u00e4n kanssaan. 16He eiv\u00e4t kuitenkaan tunteneet h\u00e4nt\u00e4, sill\u00e4 heid\u00e4n silm\u00e4ns\u00e4 olivat kuin sokaistut.&hellip;","_links":{"self":[{"href":"https:\/\/www.liftari.fi\/2\/wp-json\/wp\/v2\/pages\/3434","targetHints":{"allow":["GET"]}}],"collection":[{"href":"https:\/\/www.liftari.fi\/2\/wp-json\/wp\/v2\/pages"}],"about":[{"href":"https:\/\/www.liftari.fi\/2\/wp-json\/wp\/v2\/types\/page"}],"author":[{"embeddable":true,"href":"https:\/\/www.liftari.fi\/2\/wp-json\/wp\/v2\/users\/1"}],"replies":[{"embeddable":true,"href":"https:\/\/www.liftari.fi\/2\/wp-json\/wp\/v2\/comments?post=3434"}],"version-history":[{"count":2,"href":"https:\/\/www.liftari.fi\/2\/wp-json\/wp\/v2\/pages\/3434\/revisions"}],"predecessor-version":[{"id":3442,"href":"https:\/\/www.liftari.fi\/2\/wp-json\/wp\/v2\/pages\/3434\/revisions\/3442"}],"up":[{"embeddable":true,"href":"https:\/\/www.liftari.fi\/2\/wp-json\/wp\/v2\/pages\/95"}],"wp:attachment":[{"href":"https:\/\/www.liftari.fi\/2\/wp-json\/wp\/v2\/media?parent=3434"}],"curies":[{"name":"wp","href":"https:\/\/api.w.org\/{rel}","templated":true}]}}