{"id":3439,"date":"2026-04-07T03:03:40","date_gmt":"2026-04-05T00:03:18","guid":{"rendered":"https:\/\/www.liftari.fi\/2\/paivan-teksti\/260412-2\/"},"modified":"2026-04-07T03:03:40","modified_gmt":"2026-04-07T00:03:40","slug":"260412-2","status":"publish","type":"page","link":"https:\/\/www.liftari.fi\/2\/paivan-teksti\/260412-2\/","title":{"rendered":"260412"},"content":{"rendered":"<div class='paivasivuHeader'>\n<div class=\"paivanappi-container\">\n<div class=\"paivanappi vasen\"><a class=\"wp-block-button__link wp-element-button\" href=\"https:\/\/www.liftari.fi\/2\/paivan-teksti\/260411-2\/\" style=\"border-radius:6px\">&lt; Edellinen<\/a><\/div>\n<div class=\"paivanappi oikea\"><a class=\"wp-block-button__link wp-element-button\" href=\"https:\/\/www.liftari.fi\/2\/paivan-teksti\/260413-2\/\" style=\"border-radius:6px\">Seuraava &gt;<\/a><\/div>\n<\/div>\n<h3 class='paivamaaraHeader'>Su 12.4.2026<\/h3>\n<h3 class='bibleHeader'>Luuk. 24:28-35<\/h3>\n<p><span class='versenumber'>28<\/span>He olivat jo saapumassa kyl\u00e4\u00e4n, jonne olivat menossa. Jeesus oli jatkavinaan matkaansa, <span class='versenumber'>29<\/span>mutta he estiv\u00e4t h\u00e4nt\u00e4 l\u00e4htem\u00e4st\u00e4 ja sanoivat: &#8221;J\u00e4\u00e4 meid\u00e4n luoksemme. P\u00e4iv\u00e4 on jo k\u00e4\u00e4ntym\u00e4ss\u00e4 iltaan.&#8221; Niin h\u00e4n meni sis\u00e4\u00e4n ja j\u00e4i heid\u00e4n luokseen. <span class='versenumber'>30<\/span>Kun h\u00e4n sitten aterioi heid\u00e4n kanssaan, h\u00e4n otti leiv\u00e4n, kiitti Jumalaa, mursi leiv\u00e4n ja antoi sen heille. <span class='versenumber'>31<\/span>Silloin heid\u00e4n silm\u00e4ns\u00e4 aukenivat ja he tunsivat h\u00e4net. Mutta samassa h\u00e4n jo oli poissa heid\u00e4n n\u00e4kyvist\u00e4\u00e4n. <span class='versenumber'>32<\/span>He sanoivat toisilleen: &#8221;Eik\u00f6 syd\u00e4memme hehkunut innosta, kun h\u00e4n kulkiessamme puhui meille ja opetti meit\u00e4 ymm\u00e4rt\u00e4m\u00e4\u00e4n kirjoitukset?&#8221; <span class='versenumber'>33<\/span>Heti paikalla he l\u00e4htiv\u00e4t matkaan ja palasivat Jerusalemiin. Siell\u00e4 olivat koolla yksitoista opetuslasta ja muut heid\u00e4n joukkoonsa kuuluvat. <span class='versenumber'>34<\/span>N\u00e4m\u00e4 sanoivat: &#8221;Herra on todella noussut kuolleista! H\u00e4n on ilmestynyt Simonille.&#8221; <span class='versenumber'>35<\/span>Nuo kaksi puolestaan kertoivat, mit\u00e4 matkalla oli tapahtunut ja miten he olivat tunteneet Jeesuksen, kun h\u00e4n mursi leiv\u00e4n. <\/p>\n<h3 class='selitysHeader'>Tuntematon mutta tuttu<\/h3>\n<p>Ruumiillisesti yl\u00f6snoussut Jeesus ei en\u00e4\u00e4 palannut t\u00e4h\u00e4n katoavaan el\u00e4m\u00e4\u00e4n, vaan h\u00e4n sai yl\u00f6snousemusruumiin, joka ylitt\u00e4\u00e4 n\u00e4kyv\u00e4n luomakunnan lainalaisuudet. H\u00e4n ilmestyi opetuslapsilleen 40 p\u00e4iv\u00e4n ajan, Paavalille jopa sen j\u00e4lkeenkin, mutta oli ilmeisesti suurimman osan ajasta n\u00e4kym\u00e4tt\u00f6miss\u00e4. Aina h\u00e4n ei ollut helposti tunnistettavissa. Emmauksen tien opetuslapset tunnistivat h\u00e4net h\u00e4nen k\u00e4rsimysarvistaan. <\/p>\n<p>Me emme n\u00e4e Jeesusta, mutta tunnistamme h\u00e4net aivan samoista asioista kuin opetuslapsetkin. Ensinn\u00e4kin h\u00e4nen sanoistaan, ja toiseksi siit\u00e4, ett\u00e4 h\u00e4n on kuollut ristill\u00e4 puolestamme. Jos Jeesuksesta puhutaan vain hyv\u00e4n\u00e4 opettajana tai kilttin\u00e4 ihmisen\u00e4, t\u00e4m\u00e4 ei ole Jeesus. Jeesuksen olennainen ominaisuus ovat haavat &#8211; se, ett\u00e4 h\u00e4n k\u00e4rsi ja kuoli puolestamme.<\/p>\n<\/p>\n<div class='kysymykset'>\n<p>Mit\u00e4 ajattelet, kun katsot Jeesuksen haavoja?<\/p>\n<p>Mit\u00e4 ajattelet yl\u00f6snousemusruumiista?<\/p>\n<\/div>\n<\/div>\n","protected":false},"excerpt":{"rendered":"<p>&lt; Edellinen Seuraava &gt; Su 12.4.2026 Luuk. 24:28-35 28He olivat jo saapumassa kyl\u00e4\u00e4n, jonne olivat menossa. Jeesus oli jatkavinaan matkaansa, 29mutta he estiv\u00e4t h\u00e4nt\u00e4 l\u00e4htem\u00e4st\u00e4 ja sanoivat: &#8221;J\u00e4\u00e4 meid\u00e4n luoksemme. P\u00e4iv\u00e4 on jo k\u00e4\u00e4ntym\u00e4ss\u00e4 iltaan.&#8221; Niin h\u00e4n meni sis\u00e4\u00e4n ja j\u00e4i heid\u00e4n luokseen. 30Kun h\u00e4n sitten aterioi heid\u00e4n kanssaan, h\u00e4n otti leiv\u00e4n, kiitti Jumalaa, mursi [&hellip;]<\/p>\n","protected":false},"author":1,"featured_media":0,"parent":95,"menu_order":0,"comment_status":"closed","ping_status":"closed","template":"","meta":{"_uag_custom_page_level_css":"","footnotes":""},"class_list":["post-3439","page","type-page","status-publish","hentry"],"uagb_featured_image_src":{"full":false,"thumbnail":false,"medium":false,"medium_large":false,"large":false,"1536x1536":false,"2048x2048":false},"uagb_author_info":{"display_name":"admin","author_link":"https:\/\/www.liftari.fi\/2\/author\/admin\/"},"uagb_comment_info":0,"uagb_excerpt":"&lt; Edellinen Seuraava &gt; Su 12.4.2026 Luuk. 24:28-35 28He olivat jo saapumassa kyl\u00e4\u00e4n, jonne olivat menossa. Jeesus oli jatkavinaan matkaansa, 29mutta he estiv\u00e4t h\u00e4nt\u00e4 l\u00e4htem\u00e4st\u00e4 ja sanoivat: &#8221;J\u00e4\u00e4 meid\u00e4n luoksemme. P\u00e4iv\u00e4 on jo k\u00e4\u00e4ntym\u00e4ss\u00e4 iltaan.&#8221; Niin h\u00e4n meni sis\u00e4\u00e4n ja j\u00e4i heid\u00e4n luokseen. 30Kun h\u00e4n sitten aterioi heid\u00e4n kanssaan, h\u00e4n otti leiv\u00e4n, kiitti Jumalaa, mursi&hellip;","_links":{"self":[{"href":"https:\/\/www.liftari.fi\/2\/wp-json\/wp\/v2\/pages\/3439","targetHints":{"allow":["GET"]}}],"collection":[{"href":"https:\/\/www.liftari.fi\/2\/wp-json\/wp\/v2\/pages"}],"about":[{"href":"https:\/\/www.liftari.fi\/2\/wp-json\/wp\/v2\/types\/page"}],"author":[{"embeddable":true,"href":"https:\/\/www.liftari.fi\/2\/wp-json\/wp\/v2\/users\/1"}],"replies":[{"embeddable":true,"href":"https:\/\/www.liftari.fi\/2\/wp-json\/wp\/v2\/comments?post=3439"}],"version-history":[{"count":2,"href":"https:\/\/www.liftari.fi\/2\/wp-json\/wp\/v2\/pages\/3439\/revisions"}],"predecessor-version":[{"id":3447,"href":"https:\/\/www.liftari.fi\/2\/wp-json\/wp\/v2\/pages\/3439\/revisions\/3447"}],"up":[{"embeddable":true,"href":"https:\/\/www.liftari.fi\/2\/wp-json\/wp\/v2\/pages\/95"}],"wp:attachment":[{"href":"https:\/\/www.liftari.fi\/2\/wp-json\/wp\/v2\/media?parent=3439"}],"curies":[{"name":"wp","href":"https:\/\/api.w.org\/{rel}","templated":true}]}}