{"id":3444,"date":"2026-04-08T03:01:12","date_gmt":"2026-04-06T00:03:58","guid":{"rendered":"https:\/\/www.liftari.fi\/2\/paivan-teksti\/260413-2\/"},"modified":"2026-04-08T03:01:12","modified_gmt":"2026-04-08T00:01:12","slug":"260413-2","status":"publish","type":"page","link":"https:\/\/www.liftari.fi\/2\/paivan-teksti\/260413-2\/","title":{"rendered":"260413"},"content":{"rendered":"<div class='paivasivuHeader'>\n<div class=\"paivanappi-container\">\n<div class=\"paivanappi vasen\"><a class=\"wp-block-button__link wp-element-button\" href=\"https:\/\/www.liftari.fi\/2\/paivan-teksti\/260412-2\/\" style=\"border-radius:6px\">&lt; Edellinen<\/a><\/div>\n<div class=\"paivanappi oikea\"><a class=\"wp-block-button__link wp-element-button\" href=\"https:\/\/www.liftari.fi\/2\/paivan-teksti\/260414-2\/\" style=\"border-radius:6px\">Seuraava &gt;<\/a><\/div>\n<\/div>\n<h3 class='paivamaaraHeader'>Ma 13.4.2026<\/h3>\n<h3 class='bibleHeader'>Luuk. 24:36-49<\/h3>\n<p><span class='versenumber'>36<\/span>Kun he viel\u00e4 puhuivat t\u00e4st\u00e4, yht\u00e4kki\u00e4 Jeesus itse seisoi heid\u00e4n keskell\u00e4\u00e4n ja sanoi: &#8221;Rauha teille.&#8221; <span class='versenumber'>37<\/span>He pel\u00e4styiv\u00e4t suunnattomasti, sill\u00e4 he luulivat n\u00e4kev\u00e4ns\u00e4 aaveen. <span class='versenumber'>38<\/span>Mutta Jeesus sanoi heille: &#8221;Miksi te olette noin kauhuissanne? Miksi teid\u00e4n mieleenne nousee ep\u00e4ilyksi\u00e4? <span class='versenumber'>39<\/span>Katsokaa minun k\u00e4si\u00e4ni ja jalkojani: min\u00e4 t\u00e4ss\u00e4 olen, ei kukaan muu. Koskettakaa minua, n\u00e4hk\u00e4\u00e4 itse. Ei aaveella ole lihaa eik\u00e4 luita, niin kuin te n\u00e4ette minussa olevan.&#8221; <span class='versenumber'>40<\/span>N\u00e4in puhuessaan h\u00e4n n\u00e4ytti heille k\u00e4tens\u00e4 ja jalkansa. <span class='versenumber'>41<\/span>Kuitenkaan he eiv\u00e4t viel\u00e4 tienneet, mit\u00e4 uskoa, niin iloissaan ja ihmeiss\u00e4\u00e4n he nyt olivat. Silloin Jeesus kysyi: &#8221;Onko teill\u00e4 t\u00e4\u00e4ll\u00e4 mit\u00e4\u00e4n sy\u00f6t\u00e4v\u00e4\u00e4?&#8221; <span class='versenumber'>42<\/span>He antoivat h\u00e4nelle palan paistettua kalaa <span class='versenumber'>43<\/span>ja n\u00e4kiv\u00e4t, kuinka h\u00e4n otti sen k\u00e4teens\u00e4 ja s\u00f6i. <\/p>\n<p><span class='versenumber'>44<\/span>Jeesus sanoi heille: &#8221;T\u00e4t\u00e4 min\u00e4 tarkoitin, kun ollessani viel\u00e4 teid\u00e4n kanssanne puhuin teille. Kaiken sen tuli k\u00e4yd\u00e4 toteen, mit\u00e4 Mooseksen laissa, profeettojen kirjoissa ja psalmeissa on minusta kirjoitettu.&#8221; <span class='versenumber'>45<\/span>Nyt h\u00e4n avasi heid\u00e4n mielens\u00e4 ymm\u00e4rt\u00e4m\u00e4\u00e4n kirjoitukset. <span class='versenumber'>46<\/span>H\u00e4n sanoi heille: &#8221;N\u00e4in on kirjoitettu. Kristuksen tuli k\u00e4rsi\u00e4 kuolema ja kolmantena p\u00e4iv\u00e4n\u00e4 nousta kuolleista, <span class='versenumber'>47<\/span>ja kaikille kansoille, Jerusalemista alkaen, on h\u00e4nen nimess\u00e4\u00e4n saarnattava parannusta ja syntien anteeksiantamista. <span class='versenumber'>48<\/span>Te olette t\u00e4m\u00e4n todistajat. <span class='versenumber'>49<\/span>Min\u00e4 l\u00e4het\u00e4n teille sen, mink\u00e4 Is\u00e4ni on luvannut. Pysyk\u00e4\u00e4 t\u00e4ss\u00e4 kaupungissa, kunnes saatte varustukseksenne voiman korkeudesta.&#8221; <\/p>\n<h3 class='selitysHeader'>Ohjeita omille<\/h3>\n<p>Matteus kertoo yl\u00f6snousseen Jeesuksen ilmestymisest\u00e4 vain Galileassa, jonne opetuslastenkin piti palata p\u00e4\u00e4si\u00e4isen j\u00e4lkeen. Luukas taas kertoo vain Jerusalemissa ja sen l\u00e4heisyydess\u00e4 tapahtuneista ilmestyksist\u00e4. Johannes kertoo molemmista. N\u00e4m\u00e4 kaikki tiedot huomioon ottaen voidaan todeta Jeesuksen opetuslasten todella palanneen Galileaan, mutta tulleen sielt\u00e4 takaisin Jerusalemin viikkojuhlaan v\u00e4hint\u00e4\u00e4n 10 p\u00e4iv\u00e4\u00e4 ennen sen alkua.<\/p>\n<p>Kaikkien evankeliumien mukaan Yl\u00f6snousseen keskeinen viesti opetuslapsilleen oli l\u00e4hetysk\u00e4sky. Luukkaalla sen sis\u00e4lt\u00f6n\u00e4 korostuu parannuksen (k\u00e4\u00e4ntymyksen, mielen muutoksen) ja syntien anteeksiantamuksen julistaminen. Yhdess\u00e4k\u00e4\u00e4n evankeliumissa l\u00e4hetysk\u00e4skyyn ei aseteta rajoja. Se on ulotettava kaikille; evankeliumin tulee ylitt\u00e4\u00e4 kaikki ja kaikenlaiset rajat.<\/p>\n<\/p>\n<div class='kysymykset'>\n<p>Miten eri tavoin l\u00e4hetysk\u00e4sky\u00e4 voi noudattaa?<\/p>\n<p>Mit\u00e4 ajattelet l\u00e4hetysk\u00e4skyst\u00e4 omalla kohdallasi?<\/p>\n<\/div>\n<\/div>\n","protected":false},"excerpt":{"rendered":"<p>&lt; Edellinen Seuraava &gt; Ma 13.4.2026 Luuk. 24:36-49 36Kun he viel\u00e4 puhuivat t\u00e4st\u00e4, yht\u00e4kki\u00e4 Jeesus itse seisoi heid\u00e4n keskell\u00e4\u00e4n ja sanoi: &#8221;Rauha teille.&#8221; 37He pel\u00e4styiv\u00e4t suunnattomasti, sill\u00e4 he luulivat n\u00e4kev\u00e4ns\u00e4 aaveen. 38Mutta Jeesus sanoi heille: &#8221;Miksi te olette noin kauhuissanne? Miksi teid\u00e4n mieleenne nousee ep\u00e4ilyksi\u00e4? 39Katsokaa minun k\u00e4si\u00e4ni ja jalkojani: min\u00e4 t\u00e4ss\u00e4 olen, ei kukaan [&hellip;]<\/p>\n","protected":false},"author":1,"featured_media":0,"parent":95,"menu_order":0,"comment_status":"closed","ping_status":"closed","template":"","meta":{"_uag_custom_page_level_css":"","footnotes":""},"class_list":["post-3444","page","type-page","status-publish","hentry"],"uagb_featured_image_src":{"full":false,"thumbnail":false,"medium":false,"medium_large":false,"large":false,"1536x1536":false,"2048x2048":false},"uagb_author_info":{"display_name":"admin","author_link":"https:\/\/www.liftari.fi\/2\/author\/admin\/"},"uagb_comment_info":0,"uagb_excerpt":"&lt; Edellinen Seuraava &gt; Ma 13.4.2026 Luuk. 24:36-49 36Kun he viel\u00e4 puhuivat t\u00e4st\u00e4, yht\u00e4kki\u00e4 Jeesus itse seisoi heid\u00e4n keskell\u00e4\u00e4n ja sanoi: &#8221;Rauha teille.&#8221; 37He pel\u00e4styiv\u00e4t suunnattomasti, sill\u00e4 he luulivat n\u00e4kev\u00e4ns\u00e4 aaveen. 38Mutta Jeesus sanoi heille: &#8221;Miksi te olette noin kauhuissanne? Miksi teid\u00e4n mieleenne nousee ep\u00e4ilyksi\u00e4? 39Katsokaa minun k\u00e4si\u00e4ni ja jalkojani: min\u00e4 t\u00e4ss\u00e4 olen, ei kukaan&hellip;","_links":{"self":[{"href":"https:\/\/www.liftari.fi\/2\/wp-json\/wp\/v2\/pages\/3444","targetHints":{"allow":["GET"]}}],"collection":[{"href":"https:\/\/www.liftari.fi\/2\/wp-json\/wp\/v2\/pages"}],"about":[{"href":"https:\/\/www.liftari.fi\/2\/wp-json\/wp\/v2\/types\/page"}],"author":[{"embeddable":true,"href":"https:\/\/www.liftari.fi\/2\/wp-json\/wp\/v2\/users\/1"}],"replies":[{"embeddable":true,"href":"https:\/\/www.liftari.fi\/2\/wp-json\/wp\/v2\/comments?post=3444"}],"version-history":[{"count":2,"href":"https:\/\/www.liftari.fi\/2\/wp-json\/wp\/v2\/pages\/3444\/revisions"}],"predecessor-version":[{"id":3452,"href":"https:\/\/www.liftari.fi\/2\/wp-json\/wp\/v2\/pages\/3444\/revisions\/3452"}],"up":[{"embeddable":true,"href":"https:\/\/www.liftari.fi\/2\/wp-json\/wp\/v2\/pages\/95"}],"wp:attachment":[{"href":"https:\/\/www.liftari.fi\/2\/wp-json\/wp\/v2\/media?parent=3444"}],"curies":[{"name":"wp","href":"https:\/\/api.w.org\/{rel}","templated":true}]}}