{"id":3449,"date":"2026-04-09T03:01:21","date_gmt":"2026-04-07T00:03:40","guid":{"rendered":"https:\/\/www.liftari.fi\/2\/paivan-teksti\/260414-2\/"},"modified":"2026-04-09T03:01:21","modified_gmt":"2026-04-09T00:01:21","slug":"260414-2","status":"publish","type":"page","link":"https:\/\/www.liftari.fi\/2\/paivan-teksti\/260414-2\/","title":{"rendered":"260414"},"content":{"rendered":"<div class='paivasivuHeader'>\n<div class=\"paivanappi-container\">\n<div class=\"paivanappi vasen\"><a class=\"wp-block-button__link wp-element-button\" href=\"https:\/\/www.liftari.fi\/2\/paivan-teksti\/260413-2\/\" style=\"border-radius:6px\">&lt; Edellinen<\/a><\/div>\n<div class=\"paivanappi oikea\"><a class=\"wp-block-button__link wp-element-button\" href=\"https:\/\/www.liftari.fi\/2\/paivan-teksti\/260415-2\/\" style=\"border-radius:6px\">Seuraava &gt;<\/a><\/div>\n<\/div>\n<h3 class='paivamaaraHeader'>Ti 14.4.2026<\/h3>\n<h3 class='bibleHeader'>Luuk. 24:50-53<\/h3>\n<p><span class='versenumber'>50<\/span>Jeesus vei opetuslapset ulos kaupungista, l\u00e4helle Betaniaa, ja siell\u00e4 h\u00e4n kohotti k\u00e4tens\u00e4 ja siunasi heid\u00e4t. <span class='versenumber'>51<\/span>Siunatessaan h\u00e4n erkani heist\u00e4, ja h\u00e4net otettiin yl\u00f6s taivaaseen. <span class='versenumber'>52<\/span>He kumartuivat maahan asti ja osoittivat h\u00e4nelle kunnioitustaan, ja sitten he riemua t\u00e4ynn\u00e4 palasivat Jerusalemiin. <span class='versenumber'>53<\/span>He olivat alati temppeliss\u00e4 ja ylistiv\u00e4t Jumalaa. <\/p>\n<h3 class='selitysHeader'>Taivaassa ja maan p\u00e4\u00e4ll\u00e4<\/h3>\n<p>Oletko joskus miettinyt, millainen taivas on, ja miss\u00e4 se sijaitsee? Raamatussa puhutaan taivaasta jonkin verran, mutta mit\u00e4\u00e4n tarkkoja konkreettisia tietoja siit\u00e4 ei meille anneta. Nyt Jeesus kuitenkin nousi sinne. Jeesus p\u00e4\u00e4si siis tavallaan takaisin kotiin, sinne mist\u00e4 oli t\u00e4nne tullutkin. Ja loppuun asti h\u00e4n toteutti teht\u00e4v\u00e4\u00e4ns\u00e4: h\u00e4n siunasi opetuslapsensa. Voimme ajatella, ett\u00e4 h\u00e4n siin\u00e4 samalla siunasi kaikki omansa, meid\u00e4tkin.<\/p>\n<p>Luukkaan mukaan Jeesus otettiin taivaaseen Is\u00e4n oikealle puolelle. Matteus taas p\u00e4\u00e4tt\u00e4\u00e4 evankeliuminsa Jeesuksen lupaukseen olla kanssamme kaikki p\u00e4iv\u00e4t maailman loppuun asti. Ristiriitako? Tuskin. Jeesus on sek\u00e4 taivaassa ett\u00e4 kanssamme. Kun Jeesus on syd\u00e4mess\u00e4mme, siell\u00e4 on my\u00f6s taivas. Muita maan- tai t\u00e4htitieteellisi\u00e4 koordinaatteja emme pysty taivaan sijainnille m\u00e4\u00e4rittelem\u00e4\u00e4n ajan rajan t\u00e4ll\u00e4 puolen. <\/p>\n<\/p>\n<div class='kysymykset'>\n<p>Millaiseksi kuvittelet taivaan? Miten paljon ajatuksesi perustuu siihen, mit\u00e4 Raamatussa sanotaan?<\/p>\n<p>Miksi Jeesuksen piti nousta taivaaseen?<\/p>\n<\/div>\n<\/div>\n","protected":false},"excerpt":{"rendered":"<p>&lt; Edellinen Seuraava &gt; Ti 14.4.2026 Luuk. 24:50-53 50Jeesus vei opetuslapset ulos kaupungista, l\u00e4helle Betaniaa, ja siell\u00e4 h\u00e4n kohotti k\u00e4tens\u00e4 ja siunasi heid\u00e4t. 51Siunatessaan h\u00e4n erkani heist\u00e4, ja h\u00e4net otettiin yl\u00f6s taivaaseen. 52He kumartuivat maahan asti ja osoittivat h\u00e4nelle kunnioitustaan, ja sitten he riemua t\u00e4ynn\u00e4 palasivat Jerusalemiin. 53He olivat alati temppeliss\u00e4 ja ylistiv\u00e4t Jumalaa. Taivaassa [&hellip;]<\/p>\n","protected":false},"author":1,"featured_media":0,"parent":95,"menu_order":0,"comment_status":"closed","ping_status":"closed","template":"","meta":{"_uag_custom_page_level_css":"","footnotes":""},"class_list":["post-3449","page","type-page","status-publish","hentry"],"uagb_featured_image_src":{"full":false,"thumbnail":false,"medium":false,"medium_large":false,"large":false,"1536x1536":false,"2048x2048":false},"uagb_author_info":{"display_name":"admin","author_link":"https:\/\/www.liftari.fi\/2\/author\/admin\/"},"uagb_comment_info":0,"uagb_excerpt":"&lt; Edellinen Seuraava &gt; Ti 14.4.2026 Luuk. 24:50-53 50Jeesus vei opetuslapset ulos kaupungista, l\u00e4helle Betaniaa, ja siell\u00e4 h\u00e4n kohotti k\u00e4tens\u00e4 ja siunasi heid\u00e4t. 51Siunatessaan h\u00e4n erkani heist\u00e4, ja h\u00e4net otettiin yl\u00f6s taivaaseen. 52He kumartuivat maahan asti ja osoittivat h\u00e4nelle kunnioitustaan, ja sitten he riemua t\u00e4ynn\u00e4 palasivat Jerusalemiin. 53He olivat alati temppeliss\u00e4 ja ylistiv\u00e4t Jumalaa. Taivaassa&hellip;","_links":{"self":[{"href":"https:\/\/www.liftari.fi\/2\/wp-json\/wp\/v2\/pages\/3449","targetHints":{"allow":["GET"]}}],"collection":[{"href":"https:\/\/www.liftari.fi\/2\/wp-json\/wp\/v2\/pages"}],"about":[{"href":"https:\/\/www.liftari.fi\/2\/wp-json\/wp\/v2\/types\/page"}],"author":[{"embeddable":true,"href":"https:\/\/www.liftari.fi\/2\/wp-json\/wp\/v2\/users\/1"}],"replies":[{"embeddable":true,"href":"https:\/\/www.liftari.fi\/2\/wp-json\/wp\/v2\/comments?post=3449"}],"version-history":[{"count":2,"href":"https:\/\/www.liftari.fi\/2\/wp-json\/wp\/v2\/pages\/3449\/revisions"}],"predecessor-version":[{"id":3457,"href":"https:\/\/www.liftari.fi\/2\/wp-json\/wp\/v2\/pages\/3449\/revisions\/3457"}],"up":[{"embeddable":true,"href":"https:\/\/www.liftari.fi\/2\/wp-json\/wp\/v2\/pages\/95"}],"wp:attachment":[{"href":"https:\/\/www.liftari.fi\/2\/wp-json\/wp\/v2\/media?parent=3449"}],"curies":[{"name":"wp","href":"https:\/\/api.w.org\/{rel}","templated":true}]}}