{"id":3454,"date":"2026-04-10T03:01:56","date_gmt":"2026-04-08T00:01:12","guid":{"rendered":"https:\/\/www.liftari.fi\/2\/paivan-teksti\/260415-2\/"},"modified":"2026-04-10T03:01:56","modified_gmt":"2026-04-10T00:01:56","slug":"260415-2","status":"publish","type":"page","link":"https:\/\/www.liftari.fi\/2\/paivan-teksti\/260415-2\/","title":{"rendered":"260415"},"content":{"rendered":"<div class='paivasivuHeader'>\n<div class=\"paivanappi-container\">\n<div class=\"paivanappi vasen\"><a class=\"wp-block-button__link wp-element-button\" href=\"https:\/\/www.liftari.fi\/2\/paivan-teksti\/260414-2\/\" style=\"border-radius:6px\">&lt; Edellinen<\/a><\/div>\n<div class=\"paivanappi oikea\"><a class=\"wp-block-button__link wp-element-button\" href=\"https:\/\/www.liftari.fi\/2\/paivan-teksti\/260416-2\/\" style=\"border-radius:6px\">Seuraava &gt;<\/a><\/div>\n<\/div>\n<h3 class='paivamaaraHeader'>Ke 15.4.2026<\/h3>\n<h3 class='bibleHeader'>Sananl. 9:7-12 <\/h3>\n<p><span class='versenumber'>7<\/span>Jos omahyv\u00e4ist\u00e4 ojennat, h\u00e4n pilkkaa sinua, jos jumalatonta nuhtelet, saat solvauksen. <span class='versenumber'>8<\/span>Omahyv\u00e4ist\u00e4 \u00e4l\u00e4 nuhtele, h\u00e4n vihastuu sinuun, nuhtele viisasta, niin h\u00e4n rakastaa sinua. <span class='versenumber'>9<\/span>Neuvo viisasta, ja h\u00e4n viisastuu yh\u00e4, opeta hurskasta, ja h\u00e4n oppii lis\u00e4\u00e4. <span class='versenumber'>10<\/span>Herran pelko on viisauden alku, Pyh\u00e4n tunteminen on ymm\u00e4rryksen perusta. <span class='versenumber'>11<\/span>&#8221;Min\u00e4, viisaus, lis\u00e4\u00e4n elinp\u00e4ivi\u00e4si, kartutan el\u00e4m\u00e4si vuosia. <span class='versenumber'>12<\/span>Jos el\u00e4t viisaasti, hy\u00f6dyt viisaudestasi itse, holtittomasta el\u00e4m\u00e4st\u00e4 k\u00e4rsit itse.&#8221; <\/p>\n<h3 class='selitysHeader'>Viisaus ei asu meiss\u00e4<\/h3>\n<p>Tampereen Klassillisen lukion sein\u00e4ss\u00e4 lukee isoin kirjaimin teksti: &#8221;Kaiken opin p\u00e4\u00e4t\u00f6s on: pelk\u00e4\u00e4 Jumalaa ja pid\u00e4 h\u00e4nen k\u00e4skyns\u00e4!&#8221; Koulukirjoista voi oppia paljon, mutta el\u00e4m\u00e4n t\u00e4rkein oppikirja on Raamattu, jonka kautta Jumala kasvattaa meit\u00e4.<\/p>\n<p>Sananlaskujen kirjan opettaa, kuinka ihminen voi saada viisautta. Ihmiset jaetaan kahteen porukkaan: niihin, jotka omahyv\u00e4isesti kielt\u00e4ytyv\u00e4t vastaanottamasta nuhteita, ja niihin, jotka ottavat niist\u00e4 opikseen ja viisastuvat. Kristittyn\u00e4 ei voi v\u00e4ltty\u00e4 nuhteista, sill\u00e4 Raamatun viesti on, ett\u00e4 rikomme p\u00e4ivitt\u00e4in l\u00e4himm\u00e4isi\u00e4 ja Jumalaa vastaan.<\/p>\n<p>Virheiden tunnustaminen, anteeksi pyyt\u00e4minen ja -antaminen kuuluvat kristityn el\u00e4m\u00e4\u00e4n. Suurinta viisautta ei ole olla aina oikeassa, vaan ymm\u00e4rt\u00e4\u00e4 ja tunnustaa oma ep\u00e4t\u00e4ydellisyys. Jumalan pelko on kunnioitusta, luottamusta ja turvautumista Jumalaan, joka on el\u00e4m\u00e4n perusta ja kaiken viisauden l\u00e4hde. Opiskelut, ty\u00f6t, harrastukset ja ihmissuhteet, siis ihan koko el\u00e4m\u00e4, on suuremmissa k\u00e4siss\u00e4 kuin omissani.<\/p>\n<\/p>\n<div class='kysymykset'>\n<p>Miten suhtaudut nuhteisiin?<\/p>\n<p>Mit\u00e4 on viisaus?<\/p>\n<\/div>\n<\/div>\n","protected":false},"excerpt":{"rendered":"<p>&lt; Edellinen Seuraava &gt; Ke 15.4.2026 Sananl. 9:7-12 7Jos omahyv\u00e4ist\u00e4 ojennat, h\u00e4n pilkkaa sinua, jos jumalatonta nuhtelet, saat solvauksen. 8Omahyv\u00e4ist\u00e4 \u00e4l\u00e4 nuhtele, h\u00e4n vihastuu sinuun, nuhtele viisasta, niin h\u00e4n rakastaa sinua. 9Neuvo viisasta, ja h\u00e4n viisastuu yh\u00e4, opeta hurskasta, ja h\u00e4n oppii lis\u00e4\u00e4. 10Herran pelko on viisauden alku, Pyh\u00e4n tunteminen on ymm\u00e4rryksen perusta. 11&#8221;Min\u00e4, viisaus, [&hellip;]<\/p>\n","protected":false},"author":1,"featured_media":0,"parent":95,"menu_order":0,"comment_status":"closed","ping_status":"closed","template":"","meta":{"_uag_custom_page_level_css":"","footnotes":""},"class_list":["post-3454","page","type-page","status-publish","hentry"],"uagb_featured_image_src":{"full":false,"thumbnail":false,"medium":false,"medium_large":false,"large":false,"1536x1536":false,"2048x2048":false},"uagb_author_info":{"display_name":"admin","author_link":"https:\/\/www.liftari.fi\/2\/author\/admin\/"},"uagb_comment_info":0,"uagb_excerpt":"&lt; Edellinen Seuraava &gt; Ke 15.4.2026 Sananl. 9:7-12 7Jos omahyv\u00e4ist\u00e4 ojennat, h\u00e4n pilkkaa sinua, jos jumalatonta nuhtelet, saat solvauksen. 8Omahyv\u00e4ist\u00e4 \u00e4l\u00e4 nuhtele, h\u00e4n vihastuu sinuun, nuhtele viisasta, niin h\u00e4n rakastaa sinua. 9Neuvo viisasta, ja h\u00e4n viisastuu yh\u00e4, opeta hurskasta, ja h\u00e4n oppii lis\u00e4\u00e4. 10Herran pelko on viisauden alku, Pyh\u00e4n tunteminen on ymm\u00e4rryksen perusta. 11&#8221;Min\u00e4, viisaus,&hellip;","_links":{"self":[{"href":"https:\/\/www.liftari.fi\/2\/wp-json\/wp\/v2\/pages\/3454","targetHints":{"allow":["GET"]}}],"collection":[{"href":"https:\/\/www.liftari.fi\/2\/wp-json\/wp\/v2\/pages"}],"about":[{"href":"https:\/\/www.liftari.fi\/2\/wp-json\/wp\/v2\/types\/page"}],"author":[{"embeddable":true,"href":"https:\/\/www.liftari.fi\/2\/wp-json\/wp\/v2\/users\/1"}],"replies":[{"embeddable":true,"href":"https:\/\/www.liftari.fi\/2\/wp-json\/wp\/v2\/comments?post=3454"}],"version-history":[{"count":2,"href":"https:\/\/www.liftari.fi\/2\/wp-json\/wp\/v2\/pages\/3454\/revisions"}],"predecessor-version":[{"id":3463,"href":"https:\/\/www.liftari.fi\/2\/wp-json\/wp\/v2\/pages\/3454\/revisions\/3463"}],"up":[{"embeddable":true,"href":"https:\/\/www.liftari.fi\/2\/wp-json\/wp\/v2\/pages\/95"}],"wp:attachment":[{"href":"https:\/\/www.liftari.fi\/2\/wp-json\/wp\/v2\/media?parent=3454"}],"curies":[{"name":"wp","href":"https:\/\/api.w.org\/{rel}","templated":true}]}}