{"id":3459,"date":"2026-04-11T03:01:29","date_gmt":"2026-04-09T00:01:21","guid":{"rendered":"https:\/\/www.liftari.fi\/2\/paivan-teksti\/260416-2\/"},"modified":"2026-04-11T03:01:29","modified_gmt":"2026-04-11T00:01:29","slug":"260416-2","status":"publish","type":"page","link":"https:\/\/www.liftari.fi\/2\/paivan-teksti\/260416-2\/","title":{"rendered":"260416"},"content":{"rendered":"<div class='paivasivuHeader'>\n<div class=\"paivanappi-container\">\n<div class=\"paivanappi vasen\"><a class=\"wp-block-button__link wp-element-button\" href=\"https:\/\/www.liftari.fi\/2\/paivan-teksti\/260415-2\/\" style=\"border-radius:6px\">&lt; Edellinen<\/a><\/div>\n<div class=\"paivanappi oikea\"><a class=\"wp-block-button__link wp-element-button\" href=\"https:\/\/www.liftari.fi\/2\/paivan-teksti\/260417-2\/\" style=\"border-radius:6px\">Seuraava &gt;<\/a><\/div>\n<\/div>\n<h3 class='paivamaaraHeader'>To 16.4.2026<\/h3>\n<h3 class='bibleHeader'>Sananl. 10:6-12 <\/h3>\n<p><span class='versenumber'>6<\/span>Hurskaalla on p\u00e4\u00e4ns\u00e4 p\u00e4\u00e4ll\u00e4 siunaus, jumalattoman suussa piilee v\u00e4kivalta. <span class='versenumber'>7<\/span>Vanhurskaan muistoa siunataan, jumalattoman nimikin maatuu. <span class='versenumber'>8<\/span>Ymm\u00e4rt\u00e4v\u00e4inen ottaa ohjeet varteen, mutta mielet\u00f6n etsii tuhoaan. <span class='versenumber'>9<\/span>Turvassa kulkee, joka vilpitt\u00e4 kulkee, joka poikkeaa polulta, ei salassa pysy. <span class='versenumber'>10<\/span>Kavala silm\u00e4nisku tuo tuskaa, ja mielet\u00f6n puhe vie tuhoon. <span class='versenumber'>11<\/span>Vanhurskaan suu on el\u00e4m\u00e4n l\u00e4hde, jumalattoman suussa piilee v\u00e4kivalta. <span class='versenumber'>12<\/span>Viha ajaa ihmiset toisiaan vastaan, rakkaus peitt\u00e4\u00e4 paljotkin rikkomukset. <\/p>\n<h3 class='selitysHeader'>Sit\u00e4 parasta<\/h3>\n<p>Jumalan siunaus on sit\u00e4 hyv\u00e4\u00e4, mit\u00e4 vain yksin Jumala voi ihmiselle antaa. Raamatun sanan ja rukouksen kautta Jumala siunaa meit\u00e4 erityisell\u00e4 tavalla. Sanan kautta voimme oppia tuntemaan Jumalan tahdon, joka osoittaa aina parhaat suuntaviivat el\u00e4m\u00e4\u00e4n.<\/p>\n<p>Ilman Raamatun sanaa ja Jumalan antamaa siunausta sotkisimme el\u00e4m\u00e4mme umpisolmuun &#8211; ja joskus niin k\u00e4ykin. Raamattu on pullollaan esimerkkej\u00e4 t\u00e4st\u00e4. Kuten my\u00f6s siit\u00e4, ett\u00e4 virheist\u00e4 ja rikkomuksista huolimatta Jumala ei hylk\u00e4\u00e4 omiaan. Joskus Jumala kutsuu l\u00e4helleen my\u00f6s vaikeiden asioiden kautta ja n\u00e4in lahjoittaa siunausta odottamattomalla tavalla.<\/p>\n<p>Viha viritt\u00e4\u00e4 riitoja, mutta rakkaus peitt\u00e4\u00e4 kaikki rikkomukset. El\u00e4m\u00e4n suurin siunaus on oppia tuntemaan Jumala, joka on rakastanut meit\u00e4 niin paljon, ett\u00e4 antoi Jeesuksen kuolla puolestamme syntiemme takia. Raamatun sanan kautta voimme oppia tuntemaan enemm\u00e4n Jeesusta, joka on luvannut johdattaa, siunata ja antaa kaikki syntimme anteeksi.<\/p>\n<\/p>\n<div class='kysymykset'>\n<p>Oletko kokenut el\u00e4m\u00e4ss\u00e4si Jumalan siunauksen?<\/p>\n<p>Milloin olet saanut olla l\u00e4hell\u00e4 Jumalaa?<\/p>\n<\/div>\n<\/div>\n","protected":false},"excerpt":{"rendered":"<p>&lt; Edellinen Seuraava &gt; To 16.4.2026 Sananl. 10:6-12 6Hurskaalla on p\u00e4\u00e4ns\u00e4 p\u00e4\u00e4ll\u00e4 siunaus, jumalattoman suussa piilee v\u00e4kivalta. 7Vanhurskaan muistoa siunataan, jumalattoman nimikin maatuu. 8Ymm\u00e4rt\u00e4v\u00e4inen ottaa ohjeet varteen, mutta mielet\u00f6n etsii tuhoaan. 9Turvassa kulkee, joka vilpitt\u00e4 kulkee, joka poikkeaa polulta, ei salassa pysy. 10Kavala silm\u00e4nisku tuo tuskaa, ja mielet\u00f6n puhe vie tuhoon. 11Vanhurskaan suu on el\u00e4m\u00e4n [&hellip;]<\/p>\n","protected":false},"author":1,"featured_media":0,"parent":95,"menu_order":0,"comment_status":"closed","ping_status":"closed","template":"","meta":{"_uag_custom_page_level_css":"","footnotes":""},"class_list":["post-3459","page","type-page","status-publish","hentry"],"uagb_featured_image_src":{"full":false,"thumbnail":false,"medium":false,"medium_large":false,"large":false,"1536x1536":false,"2048x2048":false},"uagb_author_info":{"display_name":"admin","author_link":"https:\/\/www.liftari.fi\/2\/author\/admin\/"},"uagb_comment_info":0,"uagb_excerpt":"&lt; Edellinen Seuraava &gt; To 16.4.2026 Sananl. 10:6-12 6Hurskaalla on p\u00e4\u00e4ns\u00e4 p\u00e4\u00e4ll\u00e4 siunaus, jumalattoman suussa piilee v\u00e4kivalta. 7Vanhurskaan muistoa siunataan, jumalattoman nimikin maatuu. 8Ymm\u00e4rt\u00e4v\u00e4inen ottaa ohjeet varteen, mutta mielet\u00f6n etsii tuhoaan. 9Turvassa kulkee, joka vilpitt\u00e4 kulkee, joka poikkeaa polulta, ei salassa pysy. 10Kavala silm\u00e4nisku tuo tuskaa, ja mielet\u00f6n puhe vie tuhoon. 11Vanhurskaan suu on el\u00e4m\u00e4n&hellip;","_links":{"self":[{"href":"https:\/\/www.liftari.fi\/2\/wp-json\/wp\/v2\/pages\/3459","targetHints":{"allow":["GET"]}}],"collection":[{"href":"https:\/\/www.liftari.fi\/2\/wp-json\/wp\/v2\/pages"}],"about":[{"href":"https:\/\/www.liftari.fi\/2\/wp-json\/wp\/v2\/types\/page"}],"author":[{"embeddable":true,"href":"https:\/\/www.liftari.fi\/2\/wp-json\/wp\/v2\/users\/1"}],"replies":[{"embeddable":true,"href":"https:\/\/www.liftari.fi\/2\/wp-json\/wp\/v2\/comments?post=3459"}],"version-history":[{"count":2,"href":"https:\/\/www.liftari.fi\/2\/wp-json\/wp\/v2\/pages\/3459\/revisions"}],"predecessor-version":[{"id":3468,"href":"https:\/\/www.liftari.fi\/2\/wp-json\/wp\/v2\/pages\/3459\/revisions\/3468"}],"up":[{"embeddable":true,"href":"https:\/\/www.liftari.fi\/2\/wp-json\/wp\/v2\/pages\/95"}],"wp:attachment":[{"href":"https:\/\/www.liftari.fi\/2\/wp-json\/wp\/v2\/media?parent=3459"}],"curies":[{"name":"wp","href":"https:\/\/api.w.org\/{rel}","templated":true}]}}