{"id":3465,"date":"2026-04-12T03:02:33","date_gmt":"2026-04-10T00:01:56","guid":{"rendered":"https:\/\/www.liftari.fi\/2\/paivan-teksti\/260417-2\/"},"modified":"2026-04-12T03:02:33","modified_gmt":"2026-04-12T00:02:33","slug":"260417-2","status":"publish","type":"page","link":"https:\/\/www.liftari.fi\/2\/paivan-teksti\/260417-2\/","title":{"rendered":"260417"},"content":{"rendered":"<div class='paivasivuHeader'>\n<div class=\"paivanappi-container\">\n<div class=\"paivanappi vasen\"><a class=\"wp-block-button__link wp-element-button\" href=\"https:\/\/www.liftari.fi\/2\/paivan-teksti\/260416-2\/\" style=\"border-radius:6px\">&lt; Edellinen<\/a><\/div>\n<div class=\"paivanappi oikea\"><a class=\"wp-block-button__link wp-element-button\" href=\"https:\/\/www.liftari.fi\/2\/paivan-teksti\/260418-2\/\" style=\"border-radius:6px\">Seuraava &gt;<\/a><\/div>\n<\/div>\n<h3 class='paivamaaraHeader'>Pe 17.4.2026<\/h3>\n<h3 class='bibleHeader'>Sananl. 11:11-14<\/h3>\n<p><span class='versenumber'>11<\/span>Vilpitt\u00f6mien menestys rakentaa kaupungin, jumalattomien puheet repiv\u00e4t sen maahan. <span class='versenumber'>12<\/span>Tyhm\u00e4 se, joka toisia pilkkaa, ymm\u00e4rt\u00e4v\u00e4inen pysyy vaiti. <span class='versenumber'>13<\/span>Juorukellolta salaisuus karkaa, uskotulla yst\u00e4v\u00e4ll\u00e4 se on tallessa. <span class='versenumber'>14<\/span>Johtoa vailla kansa kulkee tuhoon, neuvonantajien viisaus tuo menestyksen. <\/p>\n<h3 class='selitysHeader'>Soihduksi pime\u00e4\u00e4n<\/h3>\n<p>Jokainen on varmasti ollut tilanteessa, jossa kaveria on kiusattu. Sanoin tai teoin on osoitettu se, ett\u00e4 yksi porukan j\u00e4senist\u00e4 on v\u00e4hempiarvoinen. Syy kiusaamiselle on usein se, ett\u00e4 kiusaaja on itse heikko ja tarvitsisi tukea el\u00e4m\u00e4\u00e4ns\u00e4. Sis\u00e4inen paha olo n\u00e4ytt\u00e4ytyy ulosp\u00e4in koviksen roolina ja tarpeena vahingoittaa toista.<\/p>\n<p>Toimillaan kiusaaja voi myrkytt\u00e4\u00e4 ja lamaannuttaa koko porukan, sill\u00e4 eih\u00e4n kukaan halua joutua itse silm\u00e4tikuksi. Hiljaa oleminen on tilanteen hiljaista hyv\u00e4ksynt\u00e4\u00e4 ja tukea kiusaajalle. Yhdenkin rohkean toiminta voi kuitenkin saada paljon hyv\u00e4\u00e4 aikaan. Kiusaamiseen puuttuminen on parasta apua kiusaajalle, kiusatulle ja koko mukana olevalle porukalle. K\u00e4yt\u00e4nn\u00f6ss\u00e4 se voi olla kiusatun puolustamista, opettajalle kertomista tai ainakin rukoilemista tilanteen puolesta.<\/p>\n<p>Kristittyj\u00e4 kutsutaan edist\u00e4m\u00e4\u00e4n hyv\u00e4\u00e4 omassa elinymp\u00e4rist\u00f6ss\u00e4. Yksi hyv\u00e4ksi havaittu keino on perustaa kouluun rukouspiiri muiden kristittyjen kanssa. Rukouksen kautta Jumala vaikuttaa ja avaa sopivia tapoja toimia koulun ja kaveriporukan parhaaksi. Ja vaikka olisit kaveriporukan ainoa kristitty, niin muista, ett\u00e4 sill\u00e4 on iso merkitys ja tarkoitus. Yksikin valo on parempi kuin ei mit\u00e4\u00e4n.<\/p>\n<\/p>\n<div class='kysymykset'>\n<p>Kuinka voisit toimia oman elinymp\u00e4rist\u00f6si parhaaksi?<\/p>\n<p>Rukoiletko kavereidesi puolesta?<\/p>\n<\/div>\n<\/div>\n","protected":false},"excerpt":{"rendered":"<p>&lt; Edellinen Seuraava &gt; Pe 17.4.2026 Sananl. 11:11-14 11Vilpitt\u00f6mien menestys rakentaa kaupungin, jumalattomien puheet repiv\u00e4t sen maahan. 12Tyhm\u00e4 se, joka toisia pilkkaa, ymm\u00e4rt\u00e4v\u00e4inen pysyy vaiti. 13Juorukellolta salaisuus karkaa, uskotulla yst\u00e4v\u00e4ll\u00e4 se on tallessa. 14Johtoa vailla kansa kulkee tuhoon, neuvonantajien viisaus tuo menestyksen. Soihduksi pime\u00e4\u00e4n Jokainen on varmasti ollut tilanteessa, jossa kaveria on kiusattu. Sanoin tai [&hellip;]<\/p>\n","protected":false},"author":1,"featured_media":0,"parent":95,"menu_order":0,"comment_status":"closed","ping_status":"closed","template":"","meta":{"_uag_custom_page_level_css":"","footnotes":""},"class_list":["post-3465","page","type-page","status-publish","hentry"],"uagb_featured_image_src":{"full":false,"thumbnail":false,"medium":false,"medium_large":false,"large":false,"1536x1536":false,"2048x2048":false},"uagb_author_info":{"display_name":"admin","author_link":"https:\/\/www.liftari.fi\/2\/author\/admin\/"},"uagb_comment_info":0,"uagb_excerpt":"&lt; Edellinen Seuraava &gt; Pe 17.4.2026 Sananl. 11:11-14 11Vilpitt\u00f6mien menestys rakentaa kaupungin, jumalattomien puheet repiv\u00e4t sen maahan. 12Tyhm\u00e4 se, joka toisia pilkkaa, ymm\u00e4rt\u00e4v\u00e4inen pysyy vaiti. 13Juorukellolta salaisuus karkaa, uskotulla yst\u00e4v\u00e4ll\u00e4 se on tallessa. 14Johtoa vailla kansa kulkee tuhoon, neuvonantajien viisaus tuo menestyksen. Soihduksi pime\u00e4\u00e4n Jokainen on varmasti ollut tilanteessa, jossa kaveria on kiusattu. Sanoin tai&hellip;","_links":{"self":[{"href":"https:\/\/www.liftari.fi\/2\/wp-json\/wp\/v2\/pages\/3465","targetHints":{"allow":["GET"]}}],"collection":[{"href":"https:\/\/www.liftari.fi\/2\/wp-json\/wp\/v2\/pages"}],"about":[{"href":"https:\/\/www.liftari.fi\/2\/wp-json\/wp\/v2\/types\/page"}],"author":[{"embeddable":true,"href":"https:\/\/www.liftari.fi\/2\/wp-json\/wp\/v2\/users\/1"}],"replies":[{"embeddable":true,"href":"https:\/\/www.liftari.fi\/2\/wp-json\/wp\/v2\/comments?post=3465"}],"version-history":[{"count":2,"href":"https:\/\/www.liftari.fi\/2\/wp-json\/wp\/v2\/pages\/3465\/revisions"}],"predecessor-version":[{"id":3473,"href":"https:\/\/www.liftari.fi\/2\/wp-json\/wp\/v2\/pages\/3465\/revisions\/3473"}],"up":[{"embeddable":true,"href":"https:\/\/www.liftari.fi\/2\/wp-json\/wp\/v2\/pages\/95"}],"wp:attachment":[{"href":"https:\/\/www.liftari.fi\/2\/wp-json\/wp\/v2\/media?parent=3465"}],"curies":[{"name":"wp","href":"https:\/\/api.w.org\/{rel}","templated":true}]}}