{"id":3475,"date":"2026-04-14T03:05:09","date_gmt":"2026-04-12T00:02:33","guid":{"rendered":"https:\/\/www.liftari.fi\/2\/paivan-teksti\/260419-2\/"},"modified":"2026-04-14T03:05:09","modified_gmt":"2026-04-14T00:05:09","slug":"260419-2","status":"publish","type":"page","link":"https:\/\/www.liftari.fi\/2\/paivan-teksti\/260419-2\/","title":{"rendered":"260419"},"content":{"rendered":"<div class='paivasivuHeader'>\n<div class=\"paivanappi-container\">\n<div class=\"paivanappi vasen\"><a class=\"wp-block-button__link wp-element-button\" href=\"https:\/\/www.liftari.fi\/2\/paivan-teksti\/260418-2\/\" style=\"border-radius:6px\">&lt; Edellinen<\/a><\/div>\n<div class=\"paivanappi oikea\"><a class=\"wp-block-button__link wp-element-button\" href=\"https:\/\/www.liftari.fi\/2\/paivan-teksti\/260420-2\/\" style=\"border-radius:6px\">Seuraava &gt;<\/a><\/div>\n<\/div>\n<h3 class='paivamaaraHeader'>Su 19.4.2026<\/h3>\n<h3 class='bibleHeader'>Ps. 58:1-12<\/h3>\n<\/p>\n<p><span class='versenumber'>1<\/span>Laulunjohtajalle. Lauletaan niin kuin &#8221;\u00c4l\u00e4 tuhoa&#8221;. Daavidin runo. <span class='versenumber'>2<\/span>Ovatko tuomionne oikeita, te vallanpit\u00e4j\u00e4t, tuomitsetteko te ihmisi\u00e4 oikein? <span class='versenumber'>3<\/span>Ette! Syd\u00e4menne halusta te teette maan p\u00e4\u00e4ll\u00e4 v\u00e4\u00e4ryytt\u00e4, v\u00e4kivallalle te raivaatte tiet\u00e4. <span class='versenumber'>4<\/span>V\u00e4\u00e4r\u00e4mieliset ovat harhateill\u00e4 syntym\u00e4st\u00e4\u00e4n saakka, \u00e4itins\u00e4 kohdusta asti ovat valehtelijat eksyksiss\u00e4. <span class='versenumber'>5<\/span>Heid\u00e4n myrkkyns\u00e4 on kuin k\u00e4\u00e4rmeen myrkky, he tukkivat korvansa, ovat kuin kuuro kyy, <span class='versenumber'>6<\/span>joka ei kuule k\u00e4\u00e4rmeenlumoojan \u00e4\u00e4nt\u00e4, vaikka t\u00e4m\u00e4 kuinka taitavasti lumoaisi. <span class='versenumber'>7<\/span>Jumala, revi hampaat heid\u00e4n suustaan, murskaa noiden leijonien leukaluut, Herra! <span class='versenumber'>8<\/span>Hajotkoot, haihtukoot he ilmaan kuin vesi. Herra ampukoon nuolensa, niin ett\u00e4 he sortuvat, <span class='versenumber'>9<\/span>menehtyv\u00e4t kuin etana, joka kuivuu, menehtyv\u00e4t kuin keskenmennyt siki\u00f6, joka ei n\u00e4e valoa. <span class='versenumber'>10<\/span>Jo ennen kuin ohdakkeenne kasvavat piikkiryteik\u00f6ksi, myrsky tempaa ne kiukkuisesti pois. <span class='versenumber'>11<\/span>Vanhurskas saa iloita, sill\u00e4 h\u00e4n n\u00e4kee koston hetken, h\u00e4n saa huuhtoa jalkansa jumalattomien veress\u00e4. <span class='versenumber'>12<\/span>Niin ihmiset sanovat: &#8221;Vanhurskas kyll\u00e4 palkitaan. On sittenkin olemassa Jumala, joka jakaa oikeutta maan p\u00e4\u00e4ll\u00e4.&#8221; <\/p>\n<h3 class='selitysHeader'>Anna paha Jumalan k\u00e4siin<\/h3>\n<p>&#8221;Miksi lukea Raamattua, kun siell\u00e4 on niin paljon v\u00e4kivaltaa ja verenvuodatusta?&#8221; Moni ajattelee n\u00e4in, ja heid\u00e4n n\u00e4kemyksens\u00e4 ehk\u00e4 vain vahvistuisivat t\u00e4m\u00e4n psalmin \u00e4\u00e4rell\u00e4. Se voi aiheuttaa h\u00e4mmennyst\u00e4 Jeesuksen seuraajallekin, joka on ottanut todesta kehotuksen k\u00e4\u00e4nt\u00e4\u00e4 toinen poski pahantekij\u00e4lle.<\/p>\n<p>Psalmien \u00e4\u00e4rell\u00e4 on t\u00e4rke\u00e4 muistaa, ett\u00e4 ne ovat Jumalan seurakunnan rukouksia sek\u00e4 ennen kaikkea Jeesuksen rukouksia. Ehk\u00e4 sin\u00e4kin olet joutunut k\u00e4rsim\u00e4\u00e4n ep\u00e4oikeudenmukaisesti, ja voit samaistua psalmiin. Ainakin monet vainotut kristityt kautta aikojen ja t\u00e4n\u00e4kin p\u00e4iv\u00e4n\u00e4 joutuvat k\u00e4rsim\u00e4\u00e4n vallanpit\u00e4jien mielet\u00f6nt\u00e4 kovuutta. Pahuus on todellista, vaikka omassa el\u00e4m\u00e4ss\u00e4 kaikki olisikin ihan ok.<\/p>\n<p>Psalmin laulaja ei itse l\u00e4hde kostoretkelle, vaan k\u00e4\u00e4ntyy h\u00e4t\u00e4rukouksessa Jumalan puoleen. K\u00e4\u00e4nny sin\u00e4kin. Vie h\u00e4nelle omat ahdistuksesi ja toisten ihmisten piinat. Kiit\u00e4 Jumalaa, joka saattaa oikeudenmukaisuuden toteen. Kiit\u00e4 Kristusta, joka k\u00e4rsi, jottei kenenk\u00e4\u00e4n h\u00e4neen turvaavan tarvitsisi joutua kadotukseen.<\/p>\n<\/p>\n<div class='kysymykset'>\n<p>Miss\u00e4 n\u00e4et v\u00e4kivaltaa ja riistoa ymp\u00e4r\u00f6iv\u00e4ss\u00e4 maailmassa?<\/p>\n<p>Kenen puolesta voit psalmin \u00e4\u00e4rell\u00e4 rukoilla?<\/p>\n<\/div>\n<\/div>\n","protected":false},"excerpt":{"rendered":"<p>&lt; Edellinen Seuraava &gt; Su 19.4.2026 Ps. 58:1-12 1Laulunjohtajalle. Lauletaan niin kuin &#8221;\u00c4l\u00e4 tuhoa&#8221;. Daavidin runo. 2Ovatko tuomionne oikeita, te vallanpit\u00e4j\u00e4t, tuomitsetteko te ihmisi\u00e4 oikein? 3Ette! Syd\u00e4menne halusta te teette maan p\u00e4\u00e4ll\u00e4 v\u00e4\u00e4ryytt\u00e4, v\u00e4kivallalle te raivaatte tiet\u00e4. 4V\u00e4\u00e4r\u00e4mieliset ovat harhateill\u00e4 syntym\u00e4st\u00e4\u00e4n saakka, \u00e4itins\u00e4 kohdusta asti ovat valehtelijat eksyksiss\u00e4. 5Heid\u00e4n myrkkyns\u00e4 on kuin k\u00e4\u00e4rmeen myrkky, he [&hellip;]<\/p>\n","protected":false},"author":1,"featured_media":0,"parent":95,"menu_order":0,"comment_status":"closed","ping_status":"closed","template":"","meta":{"_uag_custom_page_level_css":"","footnotes":""},"class_list":["post-3475","page","type-page","status-publish","hentry"],"uagb_featured_image_src":{"full":false,"thumbnail":false,"medium":false,"medium_large":false,"large":false,"1536x1536":false,"2048x2048":false},"uagb_author_info":{"display_name":"admin","author_link":"https:\/\/www.liftari.fi\/2\/author\/admin\/"},"uagb_comment_info":0,"uagb_excerpt":"&lt; Edellinen Seuraava &gt; Su 19.4.2026 Ps. 58:1-12 1Laulunjohtajalle. Lauletaan niin kuin &#8221;\u00c4l\u00e4 tuhoa&#8221;. Daavidin runo. 2Ovatko tuomionne oikeita, te vallanpit\u00e4j\u00e4t, tuomitsetteko te ihmisi\u00e4 oikein? 3Ette! Syd\u00e4menne halusta te teette maan p\u00e4\u00e4ll\u00e4 v\u00e4\u00e4ryytt\u00e4, v\u00e4kivallalle te raivaatte tiet\u00e4. 4V\u00e4\u00e4r\u00e4mieliset ovat harhateill\u00e4 syntym\u00e4st\u00e4\u00e4n saakka, \u00e4itins\u00e4 kohdusta asti ovat valehtelijat eksyksiss\u00e4. 5Heid\u00e4n myrkkyns\u00e4 on kuin k\u00e4\u00e4rmeen myrkky, he&hellip;","_links":{"self":[{"href":"https:\/\/www.liftari.fi\/2\/wp-json\/wp\/v2\/pages\/3475","targetHints":{"allow":["GET"]}}],"collection":[{"href":"https:\/\/www.liftari.fi\/2\/wp-json\/wp\/v2\/pages"}],"about":[{"href":"https:\/\/www.liftari.fi\/2\/wp-json\/wp\/v2\/types\/page"}],"author":[{"embeddable":true,"href":"https:\/\/www.liftari.fi\/2\/wp-json\/wp\/v2\/users\/1"}],"replies":[{"embeddable":true,"href":"https:\/\/www.liftari.fi\/2\/wp-json\/wp\/v2\/comments?post=3475"}],"version-history":[{"count":2,"href":"https:\/\/www.liftari.fi\/2\/wp-json\/wp\/v2\/pages\/3475\/revisions"}],"predecessor-version":[{"id":3483,"href":"https:\/\/www.liftari.fi\/2\/wp-json\/wp\/v2\/pages\/3475\/revisions\/3483"}],"up":[{"embeddable":true,"href":"https:\/\/www.liftari.fi\/2\/wp-json\/wp\/v2\/pages\/95"}],"wp:attachment":[{"href":"https:\/\/www.liftari.fi\/2\/wp-json\/wp\/v2\/media?parent=3475"}],"curies":[{"name":"wp","href":"https:\/\/api.w.org\/{rel}","templated":true}]}}