{"id":3480,"date":"2026-04-15T03:01:49","date_gmt":"2026-04-13T00:03:10","guid":{"rendered":"https:\/\/www.liftari.fi\/2\/paivan-teksti\/260420-2\/"},"modified":"2026-04-15T03:01:49","modified_gmt":"2026-04-15T00:01:49","slug":"260420-2","status":"publish","type":"page","link":"https:\/\/www.liftari.fi\/2\/paivan-teksti\/260420-2\/","title":{"rendered":"260420"},"content":{"rendered":"<div class='paivasivuHeader'>\n<div class=\"paivanappi-container\">\n<div class=\"paivanappi vasen\"><a class=\"wp-block-button__link wp-element-button\" href=\"https:\/\/www.liftari.fi\/2\/paivan-teksti\/260419-2\/\" style=\"border-radius:6px\">&lt; Edellinen<\/a><\/div>\n<div class=\"paivanappi oikea\"><a class=\"wp-block-button__link wp-element-button\" href=\"https:\/\/www.liftari.fi\/2\/paivan-teksti\/260421-2\/\" style=\"border-radius:6px\">Seuraava &gt;<\/a><\/div>\n<\/div>\n<h3 class='paivamaaraHeader'>Ma 20.4.2026<\/h3>\n<h3 class='bibleHeader'>Ps. 59:1-18<\/h3>\n<\/p>\n<p><span class='versenumber'>1<\/span>Laulunjohtajalle. Lauletaan niin kuin &#8221;\u00c4l\u00e4 tuhoa&#8221;. Daavidin runo, jonka h\u00e4n sepitti, kun Saul oli l\u00e4hett\u00e4nyt miehi\u00e4 vartioimaan h\u00e4nen taloaan ja aikoi tappaa h\u00e4net. <span class='versenumber'>2<\/span>Pelasta minut vihollisteni k\u00e4sist\u00e4, Jumalani, suojele minua, kun he hy\u00f6kk\u00e4\u00e4v\u00e4t kimppuuni. <span class='versenumber'>3<\/span>P\u00e4\u00e4st\u00e4 minut pahantekij\u00f6iden kynsist\u00e4, pelasta minut murhamiehilt\u00e4. <span class='versenumber'>4<\/span>He vaanivat henke\u00e4ni, v\u00e4kivahvat v\u00e4ijyv\u00e4t minua, vaikka en ole rikkonut enk\u00e4 ole tehnyt v\u00e4\u00e4rin, Herra. <span class='versenumber'>5<\/span>Olen viaton, mutta he sy\u00f6ksyv\u00e4t miehiss\u00e4 kimppuuni. Katso puoleeni, tule apuun! <span class='versenumber'>6<\/span>Sin\u00e4 olet Herra Jumala Sebaot, Israelin Jumala. Her\u00e4\u00e4, ved\u00e4 tilille v\u00e4\u00e4rien jumalien palvelijat, \u00e4l\u00e4 armahda pahantekij\u00f6it\u00e4! (sela) <span class='versenumber'>7<\/span>He tulevat joka ilta, haukkuvat kuin koirat ja kiertelev\u00e4t kaupungissa. <span class='versenumber'>8<\/span>Kuola valuu heid\u00e4n suustaan, heid\u00e4n sanansa ovat miekkoja. He uskovat, ett\u00e4 kukaan ei kuule. <span class='versenumber'>9<\/span>Mutta sin\u00e4, Herra, naurat heille, pid\u00e4t pilkkanasi v\u00e4\u00e4rien jumalien palvelijoita. <span class='versenumber'>10<\/span>Jumala, minun voimani, sinua min\u00e4 odotan, sill\u00e4 sin\u00e4 olet turvani. <span class='versenumber'>11<\/span>Uskollinen Jumalani, sin\u00e4 kuljet edell\u00e4ni ja annat minun n\u00e4hd\u00e4, mik\u00e4 on vihollisteni kohtalo. <span class='versenumber'>12<\/span>\u00c4l\u00e4 tyystin surmaa heit\u00e4, ettei kansani unohtaisi sinua. Herra, meid\u00e4n kilpemme, aja heid\u00e4t hajalle, ly\u00f6 heid\u00e4t maahan. <span class='versenumber'>13<\/span>Joka sanalla, jonka he puhuvat, he tekev\u00e4t synti\u00e4. Johtakoon heid\u00e4n ylpeytens\u00e4 heid\u00e4t ansaan, he ovat syyt\u00e4neet kirouksia ja valheita. <span class='versenumber'>14<\/span>Tehk\u00f6\u00f6n vihasi heist\u00e4 lopun. H\u00e4vit\u00e4 heid\u00e4t! He saavat n\u00e4hd\u00e4, ett\u00e4 Jumala on Jaakobin hallitsija, valtias maan \u00e4\u00e4riin saakka. (sela) <span class='versenumber'>15<\/span>He tulevat joka ilta, haukkuvat kuin koirat ja kiertelev\u00e4t kaupungissa, <span class='versenumber'>16<\/span>etsiv\u00e4t ruokaa, ja jos eiv\u00e4t saa kyllikseen, ulvovat l\u00e4pi y\u00f6n. <span class='versenumber'>17<\/span>Mutta min\u00e4 laulan sinun voimastasi ja ylist\u00e4n sinun uskollisuuttasi joka aamu, sill\u00e4 sin\u00e4 olet turvani, pakopaikka h\u00e4d\u00e4n p\u00e4iv\u00e4n\u00e4. <span class='versenumber'>18<\/span>Jumala, minun voimani, sinulle min\u00e4 laulan, sill\u00e4 sin\u00e4 olet turvani, uskollinen Jumalani. <\/p>\n<h3 class='selitysHeader'>Viattoman piina<\/h3>\n<p>Luen t\u00e4t\u00e4 psalmia ristin \u00e4\u00e4rell\u00e4. En voi teeskennell\u00e4, ett\u00e4 psalmi olisi kirjoitettu juuri minua varten. Olen rikkonut, olen tehnyt v\u00e4\u00e4rin, en ole viaton. Ehk\u00e4 itse olen se, joka on toisille tehnyt v\u00e4\u00e4rin. <\/p>\n<p>Kuitenkin psalmi on juuri minulle. Jos joskus harhaannun ajattelemaan, ett\u00e4 olen el\u00e4nyt ihan hyvin, ja Jumala siksi varmaan tykk\u00e4\u00e4 minusta, psalmi tarjoaa kristallinkirkkaan peilin: viaton en sent\u00e4\u00e4n ole. Onko minulla siis mit\u00e4\u00e4n toivoa?<\/p>\n<p>Toisin kuin min\u00e4, Kristus oli syyt\u00f6n. Syytt\u00f6m\u00e4n\u00e4 h\u00e4n k\u00e4rsi pahantekij\u00f6iden sek\u00e4 pahuuden henkivaltojen hy\u00f6kk\u00e4ykset. T\u00e4t\u00e4 psalmiako h\u00e4n ristill\u00e4 riippuessaan muisteli? Silloin en usko Jumalan nauraneen, vaan p\u00e4invastoin itkeneen sit\u00e4 suunnatonta kipua, jonka syntien sovittaminen vaati h\u00e4nen ainoalta Pojaltaan. H\u00e4nen uhrinsa vuoksi me olemme syytt\u00f6miksi julistettuja. Meill\u00e4 on pakopaikka kaikkina h\u00e4d\u00e4n p\u00e4ivin\u00e4.<\/p>\n<\/p>\n<div class='kysymykset'>\n<p>Miten psalmi muuttuu, kun luet sit\u00e4 omasta el\u00e4m\u00e4st\u00e4si k\u00e4sin, ja sitten Jeesuksen el\u00e4m\u00e4st\u00e4 k\u00e4sin?<\/p>\n<p>Miksik\u00f6h\u00e4n psalmissa pyydet\u00e4\u00e4n, ettei Jumala surmaisi kaikkia vihollisia (jae 12)?<\/p>\n<\/div>\n<\/div>\n","protected":false},"excerpt":{"rendered":"<p>&lt; Edellinen Seuraava &gt; Ma 20.4.2026 Ps. 59:1-18 1Laulunjohtajalle. Lauletaan niin kuin &#8221;\u00c4l\u00e4 tuhoa&#8221;. Daavidin runo, jonka h\u00e4n sepitti, kun Saul oli l\u00e4hett\u00e4nyt miehi\u00e4 vartioimaan h\u00e4nen taloaan ja aikoi tappaa h\u00e4net. 2Pelasta minut vihollisteni k\u00e4sist\u00e4, Jumalani, suojele minua, kun he hy\u00f6kk\u00e4\u00e4v\u00e4t kimppuuni. 3P\u00e4\u00e4st\u00e4 minut pahantekij\u00f6iden kynsist\u00e4, pelasta minut murhamiehilt\u00e4. 4He vaanivat henke\u00e4ni, v\u00e4kivahvat v\u00e4ijyv\u00e4t minua, [&hellip;]<\/p>\n","protected":false},"author":1,"featured_media":0,"parent":95,"menu_order":0,"comment_status":"closed","ping_status":"closed","template":"","meta":{"_uag_custom_page_level_css":"","footnotes":""},"class_list":["post-3480","page","type-page","status-publish","hentry"],"uagb_featured_image_src":{"full":false,"thumbnail":false,"medium":false,"medium_large":false,"large":false,"1536x1536":false,"2048x2048":false},"uagb_author_info":{"display_name":"admin","author_link":"https:\/\/www.liftari.fi\/2\/author\/admin\/"},"uagb_comment_info":0,"uagb_excerpt":"&lt; Edellinen Seuraava &gt; Ma 20.4.2026 Ps. 59:1-18 1Laulunjohtajalle. Lauletaan niin kuin &#8221;\u00c4l\u00e4 tuhoa&#8221;. Daavidin runo, jonka h\u00e4n sepitti, kun Saul oli l\u00e4hett\u00e4nyt miehi\u00e4 vartioimaan h\u00e4nen taloaan ja aikoi tappaa h\u00e4net. 2Pelasta minut vihollisteni k\u00e4sist\u00e4, Jumalani, suojele minua, kun he hy\u00f6kk\u00e4\u00e4v\u00e4t kimppuuni. 3P\u00e4\u00e4st\u00e4 minut pahantekij\u00f6iden kynsist\u00e4, pelasta minut murhamiehilt\u00e4. 4He vaanivat henke\u00e4ni, v\u00e4kivahvat v\u00e4ijyv\u00e4t minua,&hellip;","_links":{"self":[{"href":"https:\/\/www.liftari.fi\/2\/wp-json\/wp\/v2\/pages\/3480","targetHints":{"allow":["GET"]}}],"collection":[{"href":"https:\/\/www.liftari.fi\/2\/wp-json\/wp\/v2\/pages"}],"about":[{"href":"https:\/\/www.liftari.fi\/2\/wp-json\/wp\/v2\/types\/page"}],"author":[{"embeddable":true,"href":"https:\/\/www.liftari.fi\/2\/wp-json\/wp\/v2\/users\/1"}],"replies":[{"embeddable":true,"href":"https:\/\/www.liftari.fi\/2\/wp-json\/wp\/v2\/comments?post=3480"}],"version-history":[{"count":2,"href":"https:\/\/www.liftari.fi\/2\/wp-json\/wp\/v2\/pages\/3480\/revisions"}],"predecessor-version":[{"id":3488,"href":"https:\/\/www.liftari.fi\/2\/wp-json\/wp\/v2\/pages\/3480\/revisions\/3488"}],"up":[{"embeddable":true,"href":"https:\/\/www.liftari.fi\/2\/wp-json\/wp\/v2\/pages\/95"}],"wp:attachment":[{"href":"https:\/\/www.liftari.fi\/2\/wp-json\/wp\/v2\/media?parent=3480"}],"curies":[{"name":"wp","href":"https:\/\/api.w.org\/{rel}","templated":true}]}}