{"id":3485,"date":"2026-04-16T03:01:31","date_gmt":"2026-04-14T00:05:09","guid":{"rendered":"https:\/\/www.liftari.fi\/2\/paivan-teksti\/260421-2\/"},"modified":"2026-04-16T03:01:31","modified_gmt":"2026-04-16T00:01:31","slug":"260421-2","status":"publish","type":"page","link":"https:\/\/www.liftari.fi\/2\/paivan-teksti\/260421-2\/","title":{"rendered":"260421"},"content":{"rendered":"<div class='paivasivuHeader'>\n<div class=\"paivanappi-container\">\n<div class=\"paivanappi vasen\"><a class=\"wp-block-button__link wp-element-button\" href=\"https:\/\/www.liftari.fi\/2\/paivan-teksti\/260420-2\/\" style=\"border-radius:6px\">&lt; Edellinen<\/a><\/div>\n<div class=\"paivanappi oikea\"><a class=\"wp-block-button__link wp-element-button\" href=\"https:\/\/www.liftari.fi\/2\/paivan-teksti\/260422-2\/\" style=\"border-radius:6px\">Seuraava &gt;<\/a><\/div>\n<\/div>\n<h3 class='paivamaaraHeader'>Ti 21.4.2026<\/h3>\n<h3 class='bibleHeader'>Ps. 64:1-11<\/h3>\n<\/p>\n<p><span class='versenumber'>1<\/span>Laulunjohtajalle. Daavidin psalmi. <span class='versenumber'>2<\/span>Kuule \u00e4\u00e4neni, Jumala, kun valitan. Kun vihollinen uhkaa, varjele minua. <span class='versenumber'>3<\/span>K\u00e4tke minut pahantekij\u00f6iden kiihkolta, v\u00e4\u00e4rintekij\u00f6iden juonilta. <span class='versenumber'>4<\/span>He teroittavat kielens\u00e4 kuin miekan, j\u00e4nnitt\u00e4v\u00e4t nuolekseen myrkyllisen sanan, <span class='versenumber'>5<\/span>ja \u00e4kki\u00e4 he piilopaikastaan ampuvat viatonta, ampuvat, eiv\u00e4t pelk\u00e4\u00e4. <span class='versenumber'>6<\/span>He kannustavat toinen toistaan pahaan, he yllytt\u00e4v\u00e4t viritt\u00e4m\u00e4\u00e4n ansoja, he sanovat: &#8221;Ei sit\u00e4 kukaan n\u00e4e.&#8221; <span class='versenumber'>7<\/span>He hautovat pahaa ja sanovat: &#8221;Nyt panemme toimeksi!&#8221; Tutkimaton on ihmisen sisin ja syd\u00e4n. <span class='versenumber'>8<\/span>Jumala ampuu heihin nuolensa, ja \u00e4kki\u00e4 he ovat t\u00e4ynn\u00e4 haavoja. <span class='versenumber'>9<\/span>He kompastuvat omiin puheisiinsa. Jokainen, joka heid\u00e4t n\u00e4kee, pudistaa p\u00e4\u00e4t\u00e4\u00e4n. <span class='versenumber'>10<\/span>Kaikki ihmiset ovat peloissaan. He kertovat, mit\u00e4 Jumala on tehnyt, ja ottavat opikseen Jumalan teoista. <span class='versenumber'>11<\/span>Iloitkoon vanhurskas Herrasta ja luottakoon h\u00e4neen! Oikeamieliset riemuitkoot! <\/p>\n<h3 class='selitysHeader'>Kristuksen k\u00e4tkem\u00e4<\/h3>\n<p>Psalmin alun &#8221;k\u00e4tke minut&#8221; -pyynt\u00f6 toi mieleeni 2000-luvun alussa ilmestyneen japanilaisen anime-elokuvan Henkien k\u00e4tkem\u00e4. Siin\u00e4 p\u00e4\u00e4henkil\u00f6 joutuu juonittelemaan henkimaailmaa vastaan vapauttaakseen vanhempansa henkien kirouksesta. <\/p>\n<p>Toisin kuin elokuvassa, jossa ollaan arvaamattomien henkien armoilla, psalmissa etsit\u00e4\u00e4n turvaa el\u00e4v\u00e4lt\u00e4, kaikkivaltiaalta Jumalalta. Rukoilija pyyt\u00e4\u00e4 kolminkertaisesti Jumalalta: kuule, varjele, k\u00e4tke. Paha voi tulla ihmisen el\u00e4m\u00e4\u00e4n mist\u00e4 suunnalta vain, eik\u00e4 se aina mene pois omien toimiemme seurauksena, vaan voi p\u00e4invastoin vain ylty\u00e4. Mutta Kaikkivaltiaaseen turvaava ei ole vihollisten eik\u00e4 pahojen henkien armoilla. Jumala tulee v\u00e4liin ja auttaa.<\/p>\n<p>Johanneksen evankeliumi kuvaa Jeesuksen ihmiseksi tuloa sananmukaisesti: &#8221;H\u00e4n levitti telttansa meid\u00e4n keskellemme.&#8221; (Joh. 1:14) Se on k\u00e4sitt\u00e4m\u00e4tt\u00f6m\u00e4n kaunis kielikuva siit\u00e4, kuinka syv\u00e4sti Jumala pit\u00e4\u00e4 meist\u00e4 huolen. Kuoleman voittanut Vapahtaja on suojaava teltta sinun yll\u00e4si. Kun olet Kristuksessa, mill\u00e4\u00e4n pahalla ei ole sinuun valtaa. H\u00e4n k\u00e4tkee sinut itseesi.<\/p>\n<\/p>\n<div class='kysymykset'>\n<p>Psalmissa pyydettiin kolmea asiaa: kuule, varjele, k\u00e4tke. Mik\u00e4 n\u00e4ist\u00e4 pyynn\u00f6ist\u00e4 kolahtaa sinuun t\u00e4n\u00e4\u00e4n?<\/p>\n<p>Millaiseen el\u00e4m\u00e4\u00e4n Jumalan pelastusteot kutsuvat sinua?<\/p>\n<\/div>\n<\/div>\n","protected":false},"excerpt":{"rendered":"<p>&lt; Edellinen Seuraava &gt; Ti 21.4.2026 Ps. 64:1-11 1Laulunjohtajalle. Daavidin psalmi. 2Kuule \u00e4\u00e4neni, Jumala, kun valitan. Kun vihollinen uhkaa, varjele minua. 3K\u00e4tke minut pahantekij\u00f6iden kiihkolta, v\u00e4\u00e4rintekij\u00f6iden juonilta. 4He teroittavat kielens\u00e4 kuin miekan, j\u00e4nnitt\u00e4v\u00e4t nuolekseen myrkyllisen sanan, 5ja \u00e4kki\u00e4 he piilopaikastaan ampuvat viatonta, ampuvat, eiv\u00e4t pelk\u00e4\u00e4. 6He kannustavat toinen toistaan pahaan, he yllytt\u00e4v\u00e4t viritt\u00e4m\u00e4\u00e4n ansoja, he [&hellip;]<\/p>\n","protected":false},"author":1,"featured_media":0,"parent":95,"menu_order":0,"comment_status":"closed","ping_status":"closed","template":"","meta":{"_uag_custom_page_level_css":"","footnotes":""},"class_list":["post-3485","page","type-page","status-publish","hentry"],"uagb_featured_image_src":{"full":false,"thumbnail":false,"medium":false,"medium_large":false,"large":false,"1536x1536":false,"2048x2048":false},"uagb_author_info":{"display_name":"admin","author_link":"https:\/\/www.liftari.fi\/2\/author\/admin\/"},"uagb_comment_info":0,"uagb_excerpt":"&lt; Edellinen Seuraava &gt; Ti 21.4.2026 Ps. 64:1-11 1Laulunjohtajalle. Daavidin psalmi. 2Kuule \u00e4\u00e4neni, Jumala, kun valitan. Kun vihollinen uhkaa, varjele minua. 3K\u00e4tke minut pahantekij\u00f6iden kiihkolta, v\u00e4\u00e4rintekij\u00f6iden juonilta. 4He teroittavat kielens\u00e4 kuin miekan, j\u00e4nnitt\u00e4v\u00e4t nuolekseen myrkyllisen sanan, 5ja \u00e4kki\u00e4 he piilopaikastaan ampuvat viatonta, ampuvat, eiv\u00e4t pelk\u00e4\u00e4. 6He kannustavat toinen toistaan pahaan, he yllytt\u00e4v\u00e4t viritt\u00e4m\u00e4\u00e4n ansoja, he&hellip;","_links":{"self":[{"href":"https:\/\/www.liftari.fi\/2\/wp-json\/wp\/v2\/pages\/3485","targetHints":{"allow":["GET"]}}],"collection":[{"href":"https:\/\/www.liftari.fi\/2\/wp-json\/wp\/v2\/pages"}],"about":[{"href":"https:\/\/www.liftari.fi\/2\/wp-json\/wp\/v2\/types\/page"}],"author":[{"embeddable":true,"href":"https:\/\/www.liftari.fi\/2\/wp-json\/wp\/v2\/users\/1"}],"replies":[{"embeddable":true,"href":"https:\/\/www.liftari.fi\/2\/wp-json\/wp\/v2\/comments?post=3485"}],"version-history":[{"count":2,"href":"https:\/\/www.liftari.fi\/2\/wp-json\/wp\/v2\/pages\/3485\/revisions"}],"predecessor-version":[{"id":3493,"href":"https:\/\/www.liftari.fi\/2\/wp-json\/wp\/v2\/pages\/3485\/revisions\/3493"}],"up":[{"embeddable":true,"href":"https:\/\/www.liftari.fi\/2\/wp-json\/wp\/v2\/pages\/95"}],"wp:attachment":[{"href":"https:\/\/www.liftari.fi\/2\/wp-json\/wp\/v2\/media?parent=3485"}],"curies":[{"name":"wp","href":"https:\/\/api.w.org\/{rel}","templated":true}]}}