{"id":3495,"date":"2026-04-17T03:05:13","date_gmt":"2026-04-16T00:01:31","guid":{"rendered":"https:\/\/www.liftari.fi\/2\/paivan-teksti\/260423-2\/"},"modified":"2026-04-17T03:05:13","modified_gmt":"2026-04-17T00:05:13","slug":"260423-2","status":"publish","type":"page","link":"https:\/\/www.liftari.fi\/2\/paivan-teksti\/260423-2\/","title":{"rendered":"260423"},"content":{"rendered":"<div class='paivasivuHeader'>\n<div class=\"paivanappi-container\">\n<div class=\"paivanappi vasen\"><a class=\"wp-block-button__link wp-element-button\" href=\"https:\/\/www.liftari.fi\/2\/paivan-teksti\/260422-2\/\" style=\"border-radius:6px\">&lt; Edellinen<\/a><\/div>\n<div class=\"paivanappi oikea\"><a class=\"wp-block-button__link wp-element-button\" href=\"https:\/\/www.liftari.fi\/2\/paivan-teksti\/260424-2\" style=\"border-radius:6px\">Seuraava &gt;<\/a><\/div>\n<\/div>\n<h3 class='paivamaaraHeader'>To 23.4.2026<\/h3>\n<h3 class='bibleHeader'>Ps. 77:1-21 <\/h3>\n<\/p>\n<p><span class='versenumber'>1<\/span>Laulunjohtajalle. Jedutunin tapaan. Asafin psalmi. <span class='versenumber'>2<\/span>Min\u00e4 rukoilen Jumalaa, huudan suureen \u00e4\u00e4neen, min\u00e4 rukoilen Jumalaa, ja h\u00e4n kuulee minua. <span class='versenumber'>3<\/span>Ahdingossani min\u00e4 etsin apua Herralta, h\u00e4nen puoleensa kurottuu k\u00e4teni \u00f6isinkin, hellitt\u00e4m\u00e4tt\u00e4. Kukaan muu ei voi minua lohduttaa. <span class='versenumber'>4<\/span>Min\u00e4 ajattelen Jumalaa ja olen levoton, min\u00e4 mietin, ja tuska valtaa minut. (sela) <span class='versenumber'>5<\/span>Sin\u00e4 et anna silmieni ummistua, mieleni kuohuu, mutta pysyn vaiti. <span class='versenumber'>6<\/span>Min\u00e4 ajattelen muinaisia aikoja, muistelen menneit\u00e4 vuosia. <span class='versenumber'>7<\/span>Min\u00e4 pohdin itsekseni kaiken y\u00f6t\u00e4, ajatukset kiert\u00e4v\u00e4t p\u00e4\u00e4ss\u00e4ni. <span class='versenumber'>8<\/span>Onko Herra hyl\u00e4nnyt meid\u00e4t ainiaaksi, eik\u00f6 h\u00e4n en\u00e4\u00e4 v\u00e4lit\u00e4 meist\u00e4? <span class='versenumber'>9<\/span>Onko h\u00e4n i\u00e4ksi ev\u00e4nnyt laupeutensa, yh\u00e4k\u00f6 h\u00e4n vaikenee, polvesta polveen? <span class='versenumber'>10<\/span>Onko Jumala unohtanut armonsa, vihassaan sulkenut syd\u00e4mens\u00e4? (sela) <span class='versenumber'>11<\/span>Min\u00e4 ajattelen: &#8221;Siin\u00e4 on tuskani syy, ett\u00e4 Korkeimman teot ovat toiset kuin ennen.&#8221; <span class='versenumber'>12<\/span>Min\u00e4 muistelen tekojasi, Herra, muistan ihmeit\u00e4, joita muinoin teit. <span class='versenumber'>13<\/span>Min\u00e4 ajattelen kaikkia t\u00f6it\u00e4si, mietin sinun suuria tekojasi. <span class='versenumber'>14<\/span>Jumala, pyh\u00e4t ovat sinun tiesi. Ei ole sinun vertaistasi jumalaa. <span class='versenumber'>15<\/span>Sin\u00e4 olet Jumala, sin\u00e4 teet ihmeit\u00e4, olet osoittanut voimasi kansojen vaiheissa. <span class='versenumber'>16<\/span>K\u00e4tesi voimalla sin\u00e4 vapautit oman kansasi, Jaakobin ja Joosefin heimon. (sela) <span class='versenumber'>17<\/span>Vedet n\u00e4kiv\u00e4t sinut, Jumala, vedet n\u00e4kiv\u00e4t sinut ja vapisivat, syvyydet vavahtelivat. <span class='versenumber'>18<\/span>Pilvet sy\u00f6ksiv\u00e4t vett\u00e4, ylh\u00e4\u00e4ll\u00e4 jylisi ukkonen, tulinuolesi halkoivat taivasta. <span class='versenumber'>19<\/span>Sinun vaunujesi py\u00f6r\u00e4t ryskyiv\u00e4t, salamat valaisivat maanpiirin, maa vapisi ja j\u00e4rkkyi. <span class='versenumber'>20<\/span>Meren halki k\u00e4vi sinun tiesi, suurten vetten poikki sinun polkusi &#8211; jalanj\u00e4lki\u00e4si ei kukaan n\u00e4hnyt. <span class='versenumber'>21<\/span>Sin\u00e4 johdatit kansaasi kuin paimen laumaansa, palvelijoinasi Mooses ja Aaron. <\/p>\n<h3 class='selitysHeader'>Kun vaivut ep\u00e4toivoon<\/h3>\n<p>&#8221;Kukaan ei v\u00e4lit\u00e4 minusta. Min\u00e4 en selvi\u00e4 t\u00e4m\u00e4n ongelmani kanssa. Olen niin ahdistunut, etten pysty edes nukkumaan.&#8221; Ep\u00e4toivon hetkin\u00e4 t\u00e4llaisia ajatuksia saattaa tulla mieleen. Silloin voi tuntua, ett\u00e4 Jumalakin on kokonaan lakannut v\u00e4litt\u00e4m\u00e4st\u00e4 ja h\u00e4ipynyt maisemista. Voiko Jumala unohtaa tai hyl\u00e4t\u00e4 sinut kokonaan vaikeuksiesi keskell\u00e4? Ei voi! H\u00e4n sanoo sinulle: &#8221;Unohtaako \u00e4iti rintalapsensa, unohtaisiko hoivata kohtunsa hedelm\u00e4\u00e4? Vaikka h\u00e4n unohtaisikin, min\u00e4 en sinua unohda.&#8221; (Jes. 49:15) Eik\u00e4 Jumala muutu, vaan h\u00e4n on samanlainen l\u00e4pi historian, rakastava Is\u00e4. Jos olet kokenut ep\u00e4toivoa, muista, ett\u00e4 monet muutkin ovat olleet samassa tilanteessa ja selvinneet siit\u00e4 &#8211; Jumalan avulla. H\u00e4neen voi luottaa kaikenlaisissa tilanteissa ja olosuhteissa.<\/p>\n<div class='kysymykset'>\n<p>Mit\u00e4 kannattaisi tehd\u00e4, kun tuntuu ep\u00e4toivoiselta?<\/p>\n<p>Mit\u00e4 suuria tekoja Jumala on tehnyt sinulle tai muille ihmisille? (jae 13)<\/p>\n<\/div>\n<\/div>\n","protected":false},"excerpt":{"rendered":"<p>&lt; Edellinen Seuraava &gt; To 23.4.2026 Ps. 77:1-21 1Laulunjohtajalle. Jedutunin tapaan. Asafin psalmi. 2Min\u00e4 rukoilen Jumalaa, huudan suureen \u00e4\u00e4neen, min\u00e4 rukoilen Jumalaa, ja h\u00e4n kuulee minua. 3Ahdingossani min\u00e4 etsin apua Herralta, h\u00e4nen puoleensa kurottuu k\u00e4teni \u00f6isinkin, hellitt\u00e4m\u00e4tt\u00e4. Kukaan muu ei voi minua lohduttaa. 4Min\u00e4 ajattelen Jumalaa ja olen levoton, min\u00e4 mietin, ja tuska valtaa minut. [&hellip;]<\/p>\n","protected":false},"author":1,"featured_media":0,"parent":95,"menu_order":0,"comment_status":"closed","ping_status":"closed","template":"","meta":{"_uag_custom_page_level_css":"","footnotes":""},"class_list":["post-3495","page","type-page","status-publish","hentry"],"uagb_featured_image_src":{"full":false,"thumbnail":false,"medium":false,"medium_large":false,"large":false,"1536x1536":false,"2048x2048":false},"uagb_author_info":{"display_name":"admin","author_link":"https:\/\/www.liftari.fi\/2\/author\/admin\/"},"uagb_comment_info":0,"uagb_excerpt":"&lt; Edellinen Seuraava &gt; To 23.4.2026 Ps. 77:1-21 1Laulunjohtajalle. Jedutunin tapaan. Asafin psalmi. 2Min\u00e4 rukoilen Jumalaa, huudan suureen \u00e4\u00e4neen, min\u00e4 rukoilen Jumalaa, ja h\u00e4n kuulee minua. 3Ahdingossani min\u00e4 etsin apua Herralta, h\u00e4nen puoleensa kurottuu k\u00e4teni \u00f6isinkin, hellitt\u00e4m\u00e4tt\u00e4. Kukaan muu ei voi minua lohduttaa. 4Min\u00e4 ajattelen Jumalaa ja olen levoton, min\u00e4 mietin, ja tuska valtaa minut.&hellip;","_links":{"self":[{"href":"https:\/\/www.liftari.fi\/2\/wp-json\/wp\/v2\/pages\/3495","targetHints":{"allow":["GET"]}}],"collection":[{"href":"https:\/\/www.liftari.fi\/2\/wp-json\/wp\/v2\/pages"}],"about":[{"href":"https:\/\/www.liftari.fi\/2\/wp-json\/wp\/v2\/types\/page"}],"author":[{"embeddable":true,"href":"https:\/\/www.liftari.fi\/2\/wp-json\/wp\/v2\/users\/1"}],"replies":[{"embeddable":true,"href":"https:\/\/www.liftari.fi\/2\/wp-json\/wp\/v2\/comments?post=3495"}],"version-history":[{"count":1,"href":"https:\/\/www.liftari.fi\/2\/wp-json\/wp\/v2\/pages\/3495\/revisions"}],"predecessor-version":[{"id":3499,"href":"https:\/\/www.liftari.fi\/2\/wp-json\/wp\/v2\/pages\/3495\/revisions\/3499"}],"up":[{"embeddable":true,"href":"https:\/\/www.liftari.fi\/2\/wp-json\/wp\/v2\/pages\/95"}],"wp:attachment":[{"href":"https:\/\/www.liftari.fi\/2\/wp-json\/wp\/v2\/media?parent=3495"}],"curies":[{"name":"wp","href":"https:\/\/api.w.org\/{rel}","templated":true}]}}