{"id":3500,"date":"2026-04-17T03:05:13","date_gmt":"2026-04-17T00:05:13","guid":{"rendered":"https:\/\/www.liftari.fi\/2\/paivan-teksti\/260424-2\/"},"modified":"2026-04-17T03:05:13","modified_gmt":"2026-04-17T00:05:13","slug":"260424-2","status":"publish","type":"page","link":"https:\/\/www.liftari.fi\/2\/paivan-teksti\/260424-2\/","title":{"rendered":"260424"},"content":{"rendered":"<div class='paivasivuHeader'>\n<div class=\"paivanappi-container\">\n<div class=\"paivanappi vasen\"><a class=\"wp-block-button__link wp-element-button\" href=\"https:\/\/www.liftari.fi\/2\/paivan-teksti\/260423-2\/\" style=\"border-radius:6px\">&lt; Edellinen<\/a><\/div>\n<div class=\"paivanappi oikea\"><\/div>\n<\/div>\n<h3 class='paivamaaraHeader'>Pe 24.4.2026<\/h3>\n<h3 class='bibleHeader'>Ps. 81:1-17<\/h3>\n<\/p>\n<p><span class='versenumber'>1<\/span>Laulunjohtajalle. S\u00e4estet\u00e4\u00e4n gatilaisilla soittimilla. Asafin psalmi. <span class='versenumber'>2<\/span>Kohottakaa ilohuuto Jumalalle, riemuhuuto Jaakobin Jumalalle! H\u00e4n on v\u00e4kev\u00e4 auttajamme. <span class='versenumber'>3<\/span>Viritt\u00e4k\u00e4\u00e4 soitto, tuokaa rummut, ottakaa harppu ja helkkyv\u00e4 lyyra. <span class='versenumber'>4<\/span>Puhaltakaa torveen, kun on uudenkuun aika, kun on t\u00e4ysikuu, kun viet\u00e4mme juhlaa! <span class='versenumber'>5<\/span>T\u00e4m\u00e4 on Israelille annettu s\u00e4\u00e4d\u00f6s, m\u00e4\u00e4r\u00e4ys, jonka Jaakob on Jumalaltaan saanut. <span class='versenumber'>6<\/span>Herra antoi sen Joosefin heimolle k\u00e4ydess\u00e4\u00e4n Egyptin maata vastaan. Kuulen puhetta, jollaista en ole kuullut: <span class='versenumber'>7<\/span>&#8221;Min\u00e4 nostin taakan sinun harteiltasi, sait irrottaa k\u00e4tesi kantokorista. <span class='versenumber'>8<\/span>Sin\u00e4 huusit h\u00e4d\u00e4ss\u00e4si, ja min\u00e4 pelastin sinut, min\u00e4 vastasin sinulle ukkospilvien k\u00e4tk\u00f6ist\u00e4 ja koettelin sinua Meriban veden luona. (sela) <span class='versenumber'>9<\/span>&#8221;Kuule, kansani, min\u00e4 varoitan sinua. Kunpa kuulisit minua, Israel! <span class='versenumber'>10<\/span>Muuta jumalaa sinulla ei saa olla, vierasta jumalaa \u00e4l\u00e4 kumarra. <span class='versenumber'>11<\/span>Min\u00e4 olen Herra, sinun Jumalasi. Min\u00e4 johdatin sinut pois Egyptin maasta. Avaa suusi, niin min\u00e4 annan mit\u00e4 tarvitset. <span class='versenumber'>12<\/span>&#8221;Mutta kansani ei kuullut minun \u00e4\u00e4nt\u00e4ni, Israel ei halunnut totella. <span class='versenumber'>13<\/span>Siksi min\u00e4 hylk\u00e4sin sen, j\u00e4tin sen paatuneen syd\u00e4mens\u00e4 valtaan, kulkemaan oman ymm\u00e4rryksens\u00e4 varassa. <span class='versenumber'>14<\/span>Kunpa kansani vihdoin kuulisi minua, kunpa Israel kulkisi minun teit\u00e4ni! <span class='versenumber'>15<\/span>Min\u00e4 nujertaisin heti sen viholliset, kohottaisin k\u00e4teni sen ahdistajia vastaan.&#8221; <span class='versenumber'>16<\/span>Ne, jotka vihaavat Herraa, joutuvat matelemaan h\u00e4nen edess\u00e4\u00e4n, ja heid\u00e4n alennuksensa kest\u00e4\u00e4 ikuisesti. <span class='versenumber'>17<\/span>Mutta Israelia h\u00e4n ruokkii parhaalla vehn\u00e4ll\u00e4, h\u00e4n vuodattaa sille kalliosta hunajaa. <\/p>\n<h3 class='selitysHeader'>Muista Jumala!<\/h3>\n<p>Kun joku on tehnyt sinulle hyv\u00e4\u00e4, unohdatko kiitt\u00e4\u00e4? Et varmaankaan. Mutta kuinka nopeasti unohdat toisen tekem\u00e4t hyv\u00e4t asiat? Kun israelilaiset olivat pulassa Egyptiss\u00e4, he huusivat Jumalaa avuksi ja h\u00e4n vapautti heid\u00e4t sielt\u00e4! Ei kuitenkaan mennyt kauankaan, kun kansa unohti, ett\u00e4 Jumalalta tulee kaikki hyv\u00e4 ja vain Jumala pit\u00e4\u00e4 heist\u00e4 huolen edelleen.<\/p>\n<p>Hyvin\u00e4 p\u00e4ivin\u00e4 mekin saatamme unohtaa Jumalan. Jos ajattelemme p\u00e4rj\u00e4\u00e4v\u00e4mme ilman Jumalaa, jossain vaiheessa huomaamme, ett\u00e4 oma &#8221;viisautemme&#8221; on vienyt meid\u00e4t huonoon tilanteeseen. Jos niin on k\u00e4ynyt, k\u00e4\u00e4nny takaisin h\u00e4nen puoleensa, h\u00e4n odottaa sinua. Mik\u00e4 auttaisi meit\u00e4 muistamaan Jumalan? Psalmista saamme ainakin yhden hyv\u00e4n neuvon: hengellinen musiikki. Se vet\u00e4\u00e4 meit\u00e4 l\u00e4helle Jumalaa niin surun kuin ilonkin hetkin\u00e4.<\/p>\n<div class='kysymykset'>\n<p>Miksi ihmiset voivat unohtaa Jumalan hyvin\u00e4 p\u00e4ivin\u00e4?<\/p>\n<p>Mieti, miten sin\u00e4 voisit hy\u00f6dynt\u00e4\u00e4 hengellist\u00e4 musiikkia: kuunnella, laulaa, soittaa jne. L\u00f6yd\u00e4 oma tapasi ja k\u00e4yt\u00e4 sit\u00e4 usein.<\/p>\n<\/div>\n<\/div>\n","protected":false},"excerpt":{"rendered":"<p>&lt; Edellinen Pe 24.4.2026 Ps. 81:1-17 1Laulunjohtajalle. S\u00e4estet\u00e4\u00e4n gatilaisilla soittimilla. Asafin psalmi. 2Kohottakaa ilohuuto Jumalalle, riemuhuuto Jaakobin Jumalalle! H\u00e4n on v\u00e4kev\u00e4 auttajamme. 3Viritt\u00e4k\u00e4\u00e4 soitto, tuokaa rummut, ottakaa harppu ja helkkyv\u00e4 lyyra. 4Puhaltakaa torveen, kun on uudenkuun aika, kun on t\u00e4ysikuu, kun viet\u00e4mme juhlaa! 5T\u00e4m\u00e4 on Israelille annettu s\u00e4\u00e4d\u00f6s, m\u00e4\u00e4r\u00e4ys, jonka Jaakob on Jumalaltaan saanut. 6Herra [&hellip;]<\/p>\n","protected":false},"author":1,"featured_media":0,"parent":95,"menu_order":0,"comment_status":"closed","ping_status":"closed","template":"","meta":{"_uag_custom_page_level_css":"","footnotes":""},"class_list":["post-3500","page","type-page","status-publish","hentry"],"uagb_featured_image_src":{"full":false,"thumbnail":false,"medium":false,"medium_large":false,"large":false,"1536x1536":false,"2048x2048":false},"uagb_author_info":{"display_name":"admin","author_link":"https:\/\/www.liftari.fi\/2\/author\/admin\/"},"uagb_comment_info":0,"uagb_excerpt":"&lt; Edellinen Pe 24.4.2026 Ps. 81:1-17 1Laulunjohtajalle. S\u00e4estet\u00e4\u00e4n gatilaisilla soittimilla. Asafin psalmi. 2Kohottakaa ilohuuto Jumalalle, riemuhuuto Jaakobin Jumalalle! H\u00e4n on v\u00e4kev\u00e4 auttajamme. 3Viritt\u00e4k\u00e4\u00e4 soitto, tuokaa rummut, ottakaa harppu ja helkkyv\u00e4 lyyra. 4Puhaltakaa torveen, kun on uudenkuun aika, kun on t\u00e4ysikuu, kun viet\u00e4mme juhlaa! 5T\u00e4m\u00e4 on Israelille annettu s\u00e4\u00e4d\u00f6s, m\u00e4\u00e4r\u00e4ys, jonka Jaakob on Jumalaltaan saanut. 6Herra&hellip;","_links":{"self":[{"href":"https:\/\/www.liftari.fi\/2\/wp-json\/wp\/v2\/pages\/3500","targetHints":{"allow":["GET"]}}],"collection":[{"href":"https:\/\/www.liftari.fi\/2\/wp-json\/wp\/v2\/pages"}],"about":[{"href":"https:\/\/www.liftari.fi\/2\/wp-json\/wp\/v2\/types\/page"}],"author":[{"embeddable":true,"href":"https:\/\/www.liftari.fi\/2\/wp-json\/wp\/v2\/users\/1"}],"replies":[{"embeddable":true,"href":"https:\/\/www.liftari.fi\/2\/wp-json\/wp\/v2\/comments?post=3500"}],"version-history":[{"count":0,"href":"https:\/\/www.liftari.fi\/2\/wp-json\/wp\/v2\/pages\/3500\/revisions"}],"up":[{"embeddable":true,"href":"https:\/\/www.liftari.fi\/2\/wp-json\/wp\/v2\/pages\/95"}],"wp:attachment":[{"href":"https:\/\/www.liftari.fi\/2\/wp-json\/wp\/v2\/media?parent=3500"}],"curies":[{"name":"wp","href":"https:\/\/api.w.org\/{rel}","templated":true}]}}