{"id":594,"date":"2025-05-15T19:26:54","date_gmt":"2025-05-15T16:26:54","guid":{"rendered":"https:\/\/www.liftari.fi\/2\/?page_id=594"},"modified":"2026-03-06T12:15:34","modified_gmt":"2026-03-06T10:15:34","slug":"videot","status":"publish","type":"page","link":"https:\/\/www.liftari.fi\/2\/videot\/","title":{"rendered":"Videot"},"content":{"rendered":"\n<div class=\"wp-block-group has-global-padding is-layout-constrained wp-block-group-is-layout-constrained\">\n<h2 class=\"wp-block-heading has-text-align-center has-pure-white-color has-pure-black-background-color has-text-color has-background has-link-color wp-elements-2cb32a1701e9af91edc0acf9d17e3928\">Videot<\/h2>\n\n\n\n<div style=\"height:15px\" aria-hidden=\"true\" class=\"wp-block-spacer\"><\/div>\n\n\n\n<h3 class=\"wp-block-heading has-text-align-left uag-hide-desktop uag-hide-tab uag-hide-mob\">NUA<\/h3>\n\n\n\n<div class=\"wp-block-columns is-layout-flex wp-container-core-columns-is-layout-28f84493 wp-block-columns-is-layout-flex\">\n<div class=\"wp-block-column is-layout-flow wp-block-column-is-layout-flow\" style=\"flex-basis:33.34%\">\n<div class=\"wp-block-group is-style-bk-box-shadow has-global-padding is-layout-constrained wp-container-core-group-is-layout-ce8a117f wp-block-group-is-layout-constrained\" style=\"padding-top:var(--wp--preset--spacing--x-small);padding-right:var(--wp--preset--spacing--x-small);padding-bottom:var(--wp--preset--spacing--x-small);padding-left:var(--wp--preset--spacing--x-small)\">\n<figure class=\"wp-block-image aligncenter size-full\"><a href=\"https:\/\/www.liftari.fi\/2\/videot\/nua\/\"><img loading=\"lazy\" decoding=\"async\" width=\"1280\" height=\"720\" src=\"https:\/\/www.liftari.fi\/2\/wp-content\/uploads\/nua-cover.jpg\" alt=\"\" class=\"wp-image-3174\" srcset=\"https:\/\/www.liftari.fi\/2\/wp-content\/uploads\/nua-cover.jpg 1280w, https:\/\/www.liftari.fi\/2\/wp-content\/uploads\/nua-cover-300x169.jpg 300w, https:\/\/www.liftari.fi\/2\/wp-content\/uploads\/nua-cover-1024x576.jpg 1024w, https:\/\/www.liftari.fi\/2\/wp-content\/uploads\/nua-cover-768x432.jpg 768w\" sizes=\"auto, (max-width: 1280px) 100vw, 1280px\" \/><\/a><\/figure>\n\n\n\n<p class=\"has-text-align-center\"><strong><a href=\"https:\/\/www.liftari.fi\/2\/videot\/nua\/\">NUA \u2013 tuoreita n\u00e4k\u00f6kulmia uskoon<\/a><\/strong><\/p>\n<\/div>\n<\/div>\n\n\n\n<div class=\"wp-block-column is-layout-flow wp-block-column-is-layout-flow\" style=\"flex-basis:33.34%\">\n<div class=\"wp-block-group is-style-bk-box-shadow has-global-padding is-layout-constrained wp-container-core-group-is-layout-ce8a117f wp-block-group-is-layout-constrained\" style=\"padding-top:var(--wp--preset--spacing--x-small);padding-right:var(--wp--preset--spacing--x-small);padding-bottom:var(--wp--preset--spacing--x-small);padding-left:var(--wp--preset--spacing--x-small)\">\n<figure class=\"wp-block-image aligncenter size-full\"><a href=\"https:\/\/www.liftari.fi\/2\/videot\/nua-origins-2\/\"><img loading=\"lazy\" decoding=\"async\" width=\"1280\" height=\"720\" src=\"https:\/\/www.liftari.fi\/2\/wp-content\/uploads\/nua-origins-cover.jpg\" alt=\"\" class=\"wp-image-3175\" srcset=\"https:\/\/www.liftari.fi\/2\/wp-content\/uploads\/nua-origins-cover.jpg 1280w, https:\/\/www.liftari.fi\/2\/wp-content\/uploads\/nua-origins-cover-300x169.jpg 300w, https:\/\/www.liftari.fi\/2\/wp-content\/uploads\/nua-origins-cover-1024x576.jpg 1024w, https:\/\/www.liftari.fi\/2\/wp-content\/uploads\/nua-origins-cover-768x432.jpg 768w\" sizes=\"auto, (max-width: 1280px) 100vw, 1280px\" \/><\/a><\/figure>\n\n\n\n<p class=\"has-text-align-center\"><strong><a href=\"https:\/\/www.liftari.fi\/2\/videot\/nua-origins-2\/\" data-type=\"page\" data-id=\"1051\">NUA Origins<\/a><\/strong><\/p>\n<\/div>\n<\/div>\n\n\n\n<div class=\"wp-block-column is-layout-flow wp-block-column-is-layout-flow\" style=\"flex-basis:33.33%\"><\/div>\n<\/div>\n\n\n\n<div style=\"height:1px\" aria-hidden=\"true\" class=\"wp-block-spacer\"><\/div>\n\n\n\n<p class=\"has-text-align-left\"><strong>Lis\u00e4\u00e4 videoita l\u00f6ytyy Raamatunlukijain Liiton YouTube-kanavalta ja osoitteesta liftaripro.fi\/videot<\/strong><\/p>\n<\/div>\n","protected":false},"excerpt":{"rendered":"<p>Videot NUA NUA \u2013 tuoreita n\u00e4k\u00f6kulmia uskoon NUA Origins Lis\u00e4\u00e4 videoita l\u00f6ytyy Raamatunlukijain Liiton YouTube-kanavalta ja osoitteesta liftaripro.fi\/videot<\/p>\n","protected":false},"author":1,"featured_media":0,"parent":0,"menu_order":0,"comment_status":"closed","ping_status":"closed","template":"","meta":{"_uag_custom_page_level_css":"","footnotes":""},"class_list":["post-594","page","type-page","status-publish","hentry"],"uagb_featured_image_src":{"full":false,"thumbnail":false,"medium":false,"medium_large":false,"large":false,"1536x1536":false,"2048x2048":false},"uagb_author_info":{"display_name":"admin","author_link":"https:\/\/www.liftari.fi\/2\/author\/admin\/"},"uagb_comment_info":0,"uagb_excerpt":"Videot NUA NUA \u2013 tuoreita n\u00e4k\u00f6kulmia uskoon NUA Origins Lis\u00e4\u00e4 videoita l\u00f6ytyy Raamatunlukijain Liiton YouTube-kanavalta ja osoitteesta liftaripro.fi\/videot","_links":{"self":[{"href":"https:\/\/www.liftari.fi\/2\/wp-json\/wp\/v2\/pages\/594","targetHints":{"allow":["GET"]}}],"collection":[{"href":"https:\/\/www.liftari.fi\/2\/wp-json\/wp\/v2\/pages"}],"about":[{"href":"https:\/\/www.liftari.fi\/2\/wp-json\/wp\/v2\/types\/page"}],"author":[{"embeddable":true,"href":"https:\/\/www.liftari.fi\/2\/wp-json\/wp\/v2\/users\/1"}],"replies":[{"embeddable":true,"href":"https:\/\/www.liftari.fi\/2\/wp-json\/wp\/v2\/comments?post=594"}],"version-history":[{"count":45,"href":"https:\/\/www.liftari.fi\/2\/wp-json\/wp\/v2\/pages\/594\/revisions"}],"predecessor-version":[{"id":3177,"href":"https:\/\/www.liftari.fi\/2\/wp-json\/wp\/v2\/pages\/594\/revisions\/3177"}],"wp:attachment":[{"href":"https:\/\/www.liftari.fi\/2\/wp-json\/wp\/v2\/media?parent=594"}],"curies":[{"name":"wp","href":"https:\/\/api.w.org\/{rel}","templated":true}]}}